{"id":26503,"date":"2023-09-19T11:42:08","date_gmt":"2023-09-19T11:42:08","guid":{"rendered":"https:\/\/cofferica.com\/?post_type=product&#038;p=26503"},"modified":"2026-01-19T14:33:43","modified_gmt":"2026-01-19T10:33:43","slug":"mahlkonig-ek43-s-commercial-coffee-grinder","status":"publish","type":"product","link":"https:\/\/coffeerica.az\/en\/product\/mahlkonig-ek43-s-commercial-coffee-grinder\/","title":{"rendered":"Mahlkonig EK43 S Commercial Coffee Grinder"},"content":{"rendered":"","protected":false},"excerpt":{"rendered":"<p>EK43 S, Mahlk\u00f6nig-in m\u0259\u015fhur EK43-\u00fcn g\u00fccl\u00fc performans\u0131n\u0131 yer q\u0259na\u0259t ed\u0259n korpusda t\u0259min edir ki, bu da n\u0259hay\u0259t ki\u00e7ik q\u0259hv\u0259 barlar\u0131na da y\u00fcks\u0259k keyfiyy\u0259tli q\u0259hv\u0259 d\u0259yirman\u0131 g\u0259tirir. EK43 y\u00fcks\u0259k performans, etibarl\u0131l\u0131q v\u0259 y\u00fcks\u0259k \u00fcy\u00fcd\u00fclm\u0259 n\u0259tic\u0259l\u0259ri il\u0259 q\u0259hv\u0259 d\u0259yirmanlar\u0131n\u0131n m\u00fcbahis\u0259siz krali\u00e7as\u0131 kimi beyn\u0259lxalq q\u0259hv\u0259 ixtisas\u0131 s\u0259nayesini idar\u0259 edir. Onun g\u00f6rk\u0259mli da\u015flama profili b\u0259nz\u0259rsiz olaraq qal\u0131r. EK43 q\u0259hv\u0259nin qiym\u0259tli \u0259tirinin \u0259n b\u0259rab\u0259r \u00e7\u0131xar\u0131lmas\u0131n\u0131 t\u0259min edir v\u0259 g\u00f6rk\u0259mli dad t\u0259cr\u00fcb\u0259sinin t\u0259minat\u00e7\u0131s\u0131 v\u0259 keyfiyy\u0259t simvolu kimi tan\u0131n\u0131r. Onun x\u00fcsusi formas\u0131 kofey\u0259 olan ortaq ehtiras\u0131 il\u0259 EK43 il\u0259 d\u0259rind\u0259n ba\u011fl\u0131 hiss ed\u0259n beyn\u0259lxalq barista s\u0259hn\u0259sinin simvoluna \u00e7evrildi.<\/p>\n<p>&nbsp;<\/p>\n<p><strong>Voltage \/\/ frequencies \/\/ phases:<\/strong><\/p>\n<ul>\n<li>200-240 V \/\/ 50\/60 Hz \/\/ 1~<\/li>\n<\/ul>\n<p><strong>Idle speed:<\/strong>\u00a01450 rpm (50 Hz); 1760 rpm (60 Hz)<br \/>\n<strong>Burr\u00a0diameter:\u00a0<\/strong>\u00a098 mm<br \/>\n<strong>Burr\u00a0material:\u00a0<\/strong>\u00a0Cast steel<br \/>\n<strong>Burr grind life<\/strong>\u00a0(median setting): ca. 6.000 kg<br \/>\n<strong>Average grinding capacity*:<\/strong>\u00a019-21 g\/s<br \/>\n<strong>Bean hopper capacity:\u00a0<\/strong>\u00a0approx. 800 g<br \/>\n<strong>Max. nominal power:\u00a0<\/strong>\u00a01300 W<br \/>\n<strong>Dimensions (w x h x d):\u00a0<\/strong>\u00a023 x 68 x 41 cm<br \/>\n<strong>Dimensions of packing (w x h x d):\u00a0<\/strong>\u00a037 x 58 x 71 cm<br \/>\n<strong>Net weight:\u00a0<\/strong>\u00a024.5 kg<br \/>\n<strong>Gross weight:\u00a0<\/strong>\u00a028.5 kg<br \/>\n<strong>Certifications:\u00a0<\/strong>\u00a0CE, CB, ETL Safety, ETL Sanitation<\/p>\n","protected":false},"featured_media":26507,"template":"","meta":[],"product_brand":[411],"product_cat":[282],"product_tag":[],"class_list":{"0":"post-26503","1":"product","2":"type-product","3":"status-publish","4":"has-post-thumbnail","6":"product_brand-malkhoning-en","7":"product_cat-coffee-grinders","9":"first","10":"instock","11":"shipping-taxable","12":"purchasable","13":"product-type-variable"},"yoast_head":"<!-- This site is optimized with the Yoast SEO plugin v24.9 - https:\/\/yoast.com\/wordpress\/plugins\/seo\/ -->\n<title>Mahlkonig EK43 S Commercial Coffee Grinder - Cofferica Coffee Roasters<\/title>\n<meta name=\"robots\" content=\"index, follow, max-snippet:-1, max-image-preview:large, max-video-preview:-1\" \/>\n<link rel=\"canonical\" href=\"https:\/\/coffeerica.az\/en\/product\/mahlkonig-ek43-s-commercial-coffee-grinder\/\" \/>\n<meta property=\"og:locale\" content=\"en_US\" \/>\n<meta property=\"og:type\" content=\"article\" \/>\n<meta property=\"og:title\" content=\"Mahlkonig EK43 S Commercial Coffee Grinder - Cofferica Coffee Roasters\" \/>\n<meta property=\"og:description\" content=\"EK43 S, Mahlk\u00f6nig-in m\u0259\u015fhur EK43-\u00fcn g\u00fccl\u00fc performans\u0131n\u0131 yer q\u0259na\u0259t ed\u0259n korpusda t\u0259min edir ki, bu da n\u0259hay\u0259t ki\u00e7ik q\u0259hv\u0259 barlar\u0131na da y\u00fcks\u0259k keyfiyy\u0259tli q\u0259hv\u0259 d\u0259yirman\u0131 g\u0259tirir. EK43 y\u00fcks\u0259k performans, etibarl\u0131l\u0131q v\u0259 y\u00fcks\u0259k \u00fcy\u00fcd\u00fclm\u0259 n\u0259tic\u0259l\u0259ri il\u0259 q\u0259hv\u0259 d\u0259yirmanlar\u0131n\u0131n m\u00fcbahis\u0259siz krali\u00e7as\u0131 kimi beyn\u0259lxalq q\u0259hv\u0259 ixtisas\u0131 s\u0259nayesini idar\u0259 edir. Onun g\u00f6rk\u0259mli da\u015flama profili b\u0259nz\u0259rsiz olaraq qal\u0131r. EK43 q\u0259hv\u0259nin qiym\u0259tli \u0259tirinin \u0259n b\u0259rab\u0259r \u00e7\u0131xar\u0131lmas\u0131n\u0131 t\u0259min edir v\u0259 g\u00f6rk\u0259mli dad t\u0259cr\u00fcb\u0259sinin t\u0259minat\u00e7\u0131s\u0131 v\u0259 keyfiyy\u0259t simvolu kimi tan\u0131n\u0131r. Onun x\u00fcsusi formas\u0131 kofey\u0259 olan ortaq ehtiras\u0131 il\u0259 EK43 il\u0259 d\u0259rind\u0259n ba\u011fl\u0131 hiss ed\u0259n beyn\u0259lxalq barista s\u0259hn\u0259sinin simvoluna \u00e7evrildi.  &nbsp;  Voltage \/\/ frequencies \/\/ phases:   200-240 V \/\/ 50\/60 Hz \/\/ 1~  Idle speed:\u00a01450 rpm (50 Hz); 1760 rpm (60 Hz) Burr\u00a0diameter:\u00a0\u00a098 mm Burr\u00a0material:\u00a0\u00a0Cast steel Burr grind life\u00a0(median setting): ca. 6.000 kg Average grinding capacity*:\u00a019-21 g\/s Bean hopper capacity:\u00a0\u00a0approx. 800 g Max. nominal power:\u00a0\u00a01300 W Dimensions (w x h x d):\u00a0\u00a023 x 68 x 41 cm Dimensions of packing (w x h x d):\u00a0\u00a037 x 58 x 71 cm Net weight:\u00a0\u00a024.5 kg Gross weight:\u00a0\u00a028.5 kg Certifications:\u00a0\u00a0CE, CB, ETL Safety, ETL Sanitation\" \/>\n<meta property=\"og:url\" content=\"https:\/\/coffeerica.az\/en\/product\/mahlkonig-ek43-s-commercial-coffee-grinder\/\" \/>\n<meta property=\"og:site_name\" content=\"Cofferica Coffee Roasters\" \/>\n<meta property=\"article:modified_time\" content=\"2026-01-19T10:33:43+00:00\" \/>\n<meta property=\"og:image\" content=\"https:\/\/coffeerica.az\/wp-content\/uploads\/2023\/09\/mahlkonig-ek43-s-black-front-angle-wbg__51688.jpg\" \/>\n\t<meta property=\"og:image:width\" content=\"1280\" \/>\n\t<meta property=\"og:image:height\" content=\"1280\" \/>\n\t<meta property=\"og:image:type\" content=\"image\/jpeg\" \/>\n<meta name=\"twitter:card\" content=\"summary_large_image\" \/>\n<meta name=\"twitter:label1\" content=\"Est. reading time\" \/>\n\t<meta name=\"twitter:data1\" content=\"1 minute\" \/>\n<script type=\"application\/ld+json\" class=\"yoast-schema-graph\">{\"@context\":\"https:\/\/schema.org\",\"@graph\":[{\"@type\":\"WebPage\",\"@id\":\"https:\/\/coffeerica.az\/en\/product\/mahlkonig-ek43-s-commercial-coffee-grinder\/\",\"url\":\"https:\/\/coffeerica.az\/en\/product\/mahlkonig-ek43-s-commercial-coffee-grinder\/\",\"name\":\"Mahlkonig EK43 S Commercial Coffee Grinder - Cofferica Coffee Roasters\",\"isPartOf\":{\"@id\":\"https:\/\/coffeerica.az\/en\/#website\"},\"primaryImageOfPage\":{\"@id\":\"https:\/\/coffeerica.az\/en\/product\/mahlkonig-ek43-s-commercial-coffee-grinder\/#primaryimage\"},\"image\":{\"@id\":\"https:\/\/coffeerica.az\/en\/product\/mahlkonig-ek43-s-commercial-coffee-grinder\/#primaryimage\"},\"thumbnailUrl\":\"https:\/\/coffeerica.az\/wp-content\/uploads\/2023\/09\/mahlkonig-ek43-s-black-front-angle-wbg__51688.jpg\",\"datePublished\":\"2023-09-19T11:42:08+00:00\",\"dateModified\":\"2026-01-19T10:33:43+00:00\",\"breadcrumb\":{\"@id\":\"https:\/\/coffeerica.az\/en\/product\/mahlkonig-ek43-s-commercial-coffee-grinder\/#breadcrumb\"},\"inLanguage\":\"en-US\",\"potentialAction\":[{\"@type\":\"ReadAction\",\"target\":[\"https:\/\/coffeerica.az\/en\/product\/mahlkonig-ek43-s-commercial-coffee-grinder\/\"]}]},{\"@type\":\"ImageObject\",\"inLanguage\":\"en-US\",\"@id\":\"https:\/\/coffeerica.az\/en\/product\/mahlkonig-ek43-s-commercial-coffee-grinder\/#primaryimage\",\"url\":\"https:\/\/coffeerica.az\/wp-content\/uploads\/2023\/09\/mahlkonig-ek43-s-black-front-angle-wbg__51688.jpg\",\"contentUrl\":\"https:\/\/coffeerica.az\/wp-content\/uploads\/2023\/09\/mahlkonig-ek43-s-black-front-angle-wbg__51688.jpg\",\"width\":1280,\"height\":1280},{\"@type\":\"BreadcrumbList\",\"@id\":\"https:\/\/coffeerica.az\/en\/product\/mahlkonig-ek43-s-commercial-coffee-grinder\/#breadcrumb\",\"itemListElement\":[{\"@type\":\"ListItem\",\"position\":1,\"name\":\"Home\",\"item\":\"https:\/\/coffeerica.az\/en\/\"},{\"@type\":\"ListItem\",\"position\":2,\"name\":\"Store\",\"item\":\"https:\/\/coffeerica.az\/en\/store\/\"},{\"@type\":\"ListItem\",\"position\":3,\"name\":\"Mahlkonig EK43 S Commercial Coffee Grinder\"}]},{\"@type\":\"WebSite\",\"@id\":\"https:\/\/coffeerica.az\/en\/#website\",\"url\":\"https:\/\/coffeerica.az\/en\/\",\"name\":\"Cofferica Coffee Roasters\",\"description\":\"\",\"publisher\":{\"@id\":\"https:\/\/coffeerica.az\/en\/#organization\"},\"potentialAction\":[{\"@type\":\"SearchAction\",\"target\":{\"@type\":\"EntryPoint\",\"urlTemplate\":\"https:\/\/coffeerica.az\/en\/?s={search_term_string}\"},\"query-input\":{\"@type\":\"PropertyValueSpecification\",\"valueRequired\":true,\"valueName\":\"search_term_string\"}}],\"inLanguage\":\"en-US\"},{\"@type\":\"Organization\",\"@id\":\"https:\/\/coffeerica.az\/en\/#organization\",\"name\":\"Cofferica Coffee Roasters\",\"url\":\"https:\/\/coffeerica.az\/en\/\",\"logo\":{\"@type\":\"ImageObject\",\"inLanguage\":\"en-US\",\"@id\":\"https:\/\/coffeerica.az\/en\/#\/schema\/logo\/image\/\",\"url\":\"https:\/\/cofferica.com\/wp-content\/uploads\/2022\/02\/Asset-3.png\",\"contentUrl\":\"https:\/\/cofferica.com\/wp-content\/uploads\/2022\/02\/Asset-3.png\",\"width\":298,\"height\":225,\"caption\":\"Cofferica Coffee Roasters\"},\"image\":{\"@id\":\"https:\/\/coffeerica.az\/en\/#\/schema\/logo\/image\/\"},\"sameAs\":[\"https:\/\/www.instagram.com\/cofferica_roasters\/\",\"https:\/\/tr.pinterest.com\/cofferica\/\"]}]}<\/script>\n<!-- \/ Yoast SEO plugin. -->","yoast_head_json":{"title":"Mahlkonig EK43 S Commercial Coffee Grinder - Cofferica Coffee Roasters","robots":{"index":"index","follow":"follow","max-snippet":"max-snippet:-1","max-image-preview":"max-image-preview:large","max-video-preview":"max-video-preview:-1"},"canonical":"https:\/\/coffeerica.az\/en\/product\/mahlkonig-ek43-s-commercial-coffee-grinder\/","og_locale":"en_US","og_type":"article","og_title":"Mahlkonig EK43 S Commercial Coffee Grinder - Cofferica Coffee Roasters","og_description":"EK43 S, Mahlk\u00f6nig-in m\u0259\u015fhur EK43-\u00fcn g\u00fccl\u00fc performans\u0131n\u0131 yer q\u0259na\u0259t ed\u0259n korpusda t\u0259min edir ki, bu da n\u0259hay\u0259t ki\u00e7ik q\u0259hv\u0259 barlar\u0131na da y\u00fcks\u0259k keyfiyy\u0259tli q\u0259hv\u0259 d\u0259yirman\u0131 g\u0259tirir. EK43 y\u00fcks\u0259k performans, etibarl\u0131l\u0131q v\u0259 y\u00fcks\u0259k \u00fcy\u00fcd\u00fclm\u0259 n\u0259tic\u0259l\u0259ri il\u0259 q\u0259hv\u0259 d\u0259yirmanlar\u0131n\u0131n m\u00fcbahis\u0259siz krali\u00e7as\u0131 kimi beyn\u0259lxalq q\u0259hv\u0259 ixtisas\u0131 s\u0259nayesini idar\u0259 edir. Onun g\u00f6rk\u0259mli da\u015flama profili b\u0259nz\u0259rsiz olaraq qal\u0131r. EK43 q\u0259hv\u0259nin qiym\u0259tli \u0259tirinin \u0259n b\u0259rab\u0259r \u00e7\u0131xar\u0131lmas\u0131n\u0131 t\u0259min edir v\u0259 g\u00f6rk\u0259mli dad t\u0259cr\u00fcb\u0259sinin t\u0259minat\u00e7\u0131s\u0131 v\u0259 keyfiyy\u0259t simvolu kimi tan\u0131n\u0131r. Onun x\u00fcsusi formas\u0131 kofey\u0259 olan ortaq ehtiras\u0131 il\u0259 EK43 il\u0259 d\u0259rind\u0259n ba\u011fl\u0131 hiss ed\u0259n beyn\u0259lxalq barista s\u0259hn\u0259sinin simvoluna \u00e7evrildi.  &nbsp;  Voltage \/\/ frequencies \/\/ phases:   200-240 V \/\/ 50\/60 Hz \/\/ 1~  Idle speed:\u00a01450 rpm (50 Hz); 1760 rpm (60 Hz) Burr\u00a0diameter:\u00a0\u00a098 mm Burr\u00a0material:\u00a0\u00a0Cast steel Burr grind life\u00a0(median setting): ca. 6.000 kg Average grinding capacity*:\u00a019-21 g\/s Bean hopper capacity:\u00a0\u00a0approx. 800 g Max. nominal power:\u00a0\u00a01300 W Dimensions (w x h x d):\u00a0\u00a023 x 68 x 41 cm Dimensions of packing (w x h x d):\u00a0\u00a037 x 58 x 71 cm Net weight:\u00a0\u00a024.5 kg Gross weight:\u00a0\u00a028.5 kg Certifications:\u00a0\u00a0CE, CB, ETL Safety, ETL Sanitation","og_url":"https:\/\/coffeerica.az\/en\/product\/mahlkonig-ek43-s-commercial-coffee-grinder\/","og_site_name":"Cofferica Coffee Roasters","article_modified_time":"2026-01-19T10:33:43+00:00","og_image":[{"width":1280,"height":1280,"url":"https:\/\/coffeerica.az\/wp-content\/uploads\/2023\/09\/mahlkonig-ek43-s-black-front-angle-wbg__51688.jpg","type":"image\/jpeg"}],"twitter_card":"summary_large_image","twitter_misc":{"Est. reading time":"1 minute"},"schema":{"@context":"https:\/\/schema.org","@graph":[{"@type":"WebPage","@id":"https:\/\/coffeerica.az\/en\/product\/mahlkonig-ek43-s-commercial-coffee-grinder\/","url":"https:\/\/coffeerica.az\/en\/product\/mahlkonig-ek43-s-commercial-coffee-grinder\/","name":"Mahlkonig EK43 S Commercial Coffee Grinder - Cofferica Coffee Roasters","isPartOf":{"@id":"https:\/\/coffeerica.az\/en\/#website"},"primaryImageOfPage":{"@id":"https:\/\/coffeerica.az\/en\/product\/mahlkonig-ek43-s-commercial-coffee-grinder\/#primaryimage"},"image":{"@id":"https:\/\/coffeerica.az\/en\/product\/mahlkonig-ek43-s-commercial-coffee-grinder\/#primaryimage"},"thumbnailUrl":"https:\/\/coffeerica.az\/wp-content\/uploads\/2023\/09\/mahlkonig-ek43-s-black-front-angle-wbg__51688.jpg","datePublished":"2023-09-19T11:42:08+00:00","dateModified":"2026-01-19T10:33:43+00:00","breadcrumb":{"@id":"https:\/\/coffeerica.az\/en\/product\/mahlkonig-ek43-s-commercial-coffee-grinder\/#breadcrumb"},"inLanguage":"en-US","potentialAction":[{"@type":"ReadAction","target":["https:\/\/coffeerica.az\/en\/product\/mahlkonig-ek43-s-commercial-coffee-grinder\/"]}]},{"@type":"ImageObject","inLanguage":"en-US","@id":"https:\/\/coffeerica.az\/en\/product\/mahlkonig-ek43-s-commercial-coffee-grinder\/#primaryimage","url":"https:\/\/coffeerica.az\/wp-content\/uploads\/2023\/09\/mahlkonig-ek43-s-black-front-angle-wbg__51688.jpg","contentUrl":"https:\/\/coffeerica.az\/wp-content\/uploads\/2023\/09\/mahlkonig-ek43-s-black-front-angle-wbg__51688.jpg","width":1280,"height":1280},{"@type":"BreadcrumbList","@id":"https:\/\/coffeerica.az\/en\/product\/mahlkonig-ek43-s-commercial-coffee-grinder\/#breadcrumb","itemListElement":[{"@type":"ListItem","position":1,"name":"Home","item":"https:\/\/coffeerica.az\/en\/"},{"@type":"ListItem","position":2,"name":"Store","item":"https:\/\/coffeerica.az\/en\/store\/"},{"@type":"ListItem","position":3,"name":"Mahlkonig EK43 S Commercial Coffee Grinder"}]},{"@type":"WebSite","@id":"https:\/\/coffeerica.az\/en\/#website","url":"https:\/\/coffeerica.az\/en\/","name":"Cofferica Coffee Roasters","description":"","publisher":{"@id":"https:\/\/coffeerica.az\/en\/#organization"},"potentialAction":[{"@type":"SearchAction","target":{"@type":"EntryPoint","urlTemplate":"https:\/\/coffeerica.az\/en\/?s={search_term_string}"},"query-input":{"@type":"PropertyValueSpecification","valueRequired":true,"valueName":"search_term_string"}}],"inLanguage":"en-US"},{"@type":"Organization","@id":"https:\/\/coffeerica.az\/en\/#organization","name":"Cofferica Coffee Roasters","url":"https:\/\/coffeerica.az\/en\/","logo":{"@type":"ImageObject","inLanguage":"en-US","@id":"https:\/\/coffeerica.az\/en\/#\/schema\/logo\/image\/","url":"https:\/\/cofferica.com\/wp-content\/uploads\/2022\/02\/Asset-3.png","contentUrl":"https:\/\/cofferica.com\/wp-content\/uploads\/2022\/02\/Asset-3.png","width":298,"height":225,"caption":"Cofferica Coffee Roasters"},"image":{"@id":"https:\/\/coffeerica.az\/en\/#\/schema\/logo\/image\/"},"sameAs":["https:\/\/www.instagram.com\/cofferica_roasters\/","https:\/\/tr.pinterest.com\/cofferica\/"]}]}},"_links":{"self":[{"href":"https:\/\/coffeerica.az\/en\/wp-json\/wp\/v2\/product\/26503","targetHints":{"allow":["GET"]}}],"collection":[{"href":"https:\/\/coffeerica.az\/en\/wp-json\/wp\/v2\/product"}],"about":[{"href":"https:\/\/coffeerica.az\/en\/wp-json\/wp\/v2\/types\/product"}],"version-history":[{"count":1,"href":"https:\/\/coffeerica.az\/en\/wp-json\/wp\/v2\/product\/26503\/revisions"}],"predecessor-version":[{"id":33046,"href":"https:\/\/coffeerica.az\/en\/wp-json\/wp\/v2\/product\/26503\/revisions\/33046"}],"wp:featuredmedia":[{"embeddable":true,"href":"https:\/\/coffeerica.az\/en\/wp-json\/wp\/v2\/media\/26507"}],"wp:attachment":[{"href":"https:\/\/coffeerica.az\/en\/wp-json\/wp\/v2\/media?parent=26503"}],"wp:term":[{"taxonomy":"product_brand","embeddable":true,"href":"https:\/\/coffeerica.az\/en\/wp-json\/wp\/v2\/product_brand?post=26503"},{"taxonomy":"product_cat","embeddable":true,"href":"https:\/\/coffeerica.az\/en\/wp-json\/wp\/v2\/product_cat?post=26503"},{"taxonomy":"product_tag","embeddable":true,"href":"https:\/\/coffeerica.az\/en\/wp-json\/wp\/v2\/product_tag?post=26503"}],"curies":[{"name":"wp","href":"https:\/\/api.w.org\/{rel}","templated":true}]}}