{"id":31931,"date":"2024-10-31T13:03:51","date_gmt":"2024-10-31T09:03:51","guid":{"rendered":"https:\/\/cofferica.com\/?post_type=product&#038;p=31931"},"modified":"2024-10-31T13:03:51","modified_gmt":"2024-10-31T09:03:51","slug":"saeco-milk-cooler","status":"publish","type":"product","link":"https:\/\/coffeerica.az\/en\/product\/saeco-milk-cooler\/","title":{"rendered":"Saeco Milk Cooler"},"content":{"rendered":"","protected":false},"excerpt":{"rendered":"<p>Saeco Milk Cooler \u2014 avtomatik q\u0259hv\u0259 aparatlar\u0131nda istifad\u0259 edil\u0259n s\u00fcd\u00fc saxlamaq v\u0259 soyutmaq \u00fc\u00e7\u00fcn n\u0259z\u0259rd\u0259 tutulmu\u015f bir cihazd\u0131r. Bu, kafe, restoran v\u0259 ofisl\u0259rd\u0259 taze s\u00fcd\u0259 davaml\u0131 giri\u015f t\u0259l\u0259b ed\u0259n kommersiya istifad\u0259si \u00fc\u00e7\u00fcn ideald\u0131r. \u018fsas x\u00fcsusiyy\u0259tl\u0259ri v\u0259 \u00fcst\u00fcnl\u00fckl\u0259ri:<br \/>\nSaxlama temperaturu: Saeco Milk Cooler, s\u00fcd\u00fcn taz\u0259liyini v\u0259 keyfiyy\u0259tini qorumaq \u00fc\u00e7\u00fcn ad\u0259t\u0259n 1\u00b0C-d\u0259n 4\u00b0C-y\u0259 q\u0259d\u0259r optimal saxlamas\u0131n\u0131 t\u0259min edir.<br \/>\nH\u0259cmi: Model\u0259 g\u00f6r\u0259 s\u00fcd rezervuar\u0131n\u0131n h\u0259cmi f\u0259rql\u0259n\u0259 bil\u0259r, bu da tez-tez doldurulmaya ehtiyac olmadan uzun m\u00fcdd\u0259t istifad\u0259ni t\u0259min edir.<br \/>\nRahats\u0131z ba\u011flant\u0131: Cihaz, Saeco avtomatik q\u0259hv\u0259 aparatlar\u0131 v\u0259 dig\u0259r modell\u0259rl\u0259 asanl\u0131qla inteqrasiya oluna bil\u0259r, bu da s\u00fcd i\u00e7kil\u0259rinin kesintisiz haz\u0131rlanmas\u0131n\u0131 t\u0259min edir.<br \/>\nEnerji s\u0259m\u0259r\u0259liliyi: M\u00fcasir texnologiyalar enerji istehlak\u0131n\u0131 minimuma endir\u0259r\u0259k, Saeco Milk Cooler-i ekoloji c\u0259h\u0259td\u0259n t\u0259miz v\u0259 iqtisadi bax\u0131mdan s\u0259rf\u0259li bir se\u00e7im edir.<br \/>\nAsan qulluq: Rezervuara rahat giri\u015f v\u0259 t\u0259mizl\u0259m\u0259 \u00fc\u00e7\u00fcn sad\u0259 t\u0259limatlar, cihaz\u0131n qulluq edilm\u0259sini s\u00fcr\u0259tli v\u0259 asan edir.<br \/>\nKompakt dizayn: Cihaz\u0131n kompakt \u00f6l\u00e7\u00fcl\u0259ri onu m\u0259tb\u0259xd\u0259 v\u0259 ya bar zonas\u0131na asanl\u0131qla yerl\u0259\u015fdirm\u0259y\u0259 imkan verir.<br \/>\nUy\u011funluq: Saeco Milk Cooler, m\u00fcxt\u0259lif q\u0259hv\u0259 aparatlar\u0131 modell\u0259ri il\u0259 uy\u011fundur v\u0259 b\u00fct\u00fcn q\u0259hv\u0259 i\u00e7kil\u0259ri \u00fc\u00e7\u00fcn s\u00fcd\u00fc etibarl\u0131 \u015f\u0259kild\u0259 soyutma\u011f\u0131 t\u0259min edir.<\/p>\n<p>Texniki x\u00fcsusiyy\u0259tl\u0259r:<br \/>\n\u2022Tezlik: 50 Hz<br \/>\n\u2022G\u00fcc: 80 Vt<br \/>\n\u2022G\u0259rginlik: 230 V<br \/>\n\u2022Korpus material\u0131: Plastik v\u0259 metal<\/p>\n<p>Saeco Milk Cooler, i\u00e7kil\u0259rind\u0259 s\u00fcd\u00fcn keyfiyy\u0259tini v\u0259 taz\u0259liyini qiym\u0259tl\u0259ndir\u0259n h\u0259r k\u0259s \u00fc\u00e7\u00fcn m\u00fck\u0259mm\u0259l bir h\u0259ll yolu olub, s\u00fcd\u00fc optimal temperaturda asan v\u0259 rahat \u015f\u0259kild\u0259 saxlama\u011fa imkan tan\u0131y\u0131r.<\/p>\n","protected":false},"featured_media":31932,"template":"","meta":[],"product_brand":[148],"product_cat":[111],"product_tag":[],"class_list":{"0":"post-31931","1":"product","2":"type-product","3":"status-publish","4":"has-post-thumbnail","6":"product_brand-saeco","7":"product_cat-avtomatik-qhv-aparatlari","9":"first","10":"instock","11":"shipping-taxable","12":"purchasable","13":"product-type-simple"},"yoast_head":"<!-- This site is optimized with the Yoast SEO plugin v24.9 - https:\/\/yoast.com\/wordpress\/plugins\/seo\/ -->\n<title>Saeco Milk Cooler - Cofferica Coffee Roasters<\/title>\n<meta name=\"robots\" content=\"index, follow, max-snippet:-1, max-image-preview:large, max-video-preview:-1\" \/>\n<link rel=\"canonical\" href=\"https:\/\/coffeerica.az\/en\/product\/saeco-milk-cooler\/\" \/>\n<meta property=\"og:locale\" content=\"en_US\" \/>\n<meta property=\"og:type\" content=\"article\" \/>\n<meta property=\"og:title\" content=\"Saeco Milk Cooler - Cofferica Coffee Roasters\" \/>\n<meta property=\"og:description\" content=\"Saeco Milk Cooler \u2014 avtomatik q\u0259hv\u0259 aparatlar\u0131nda istifad\u0259 edil\u0259n s\u00fcd\u00fc saxlamaq v\u0259 soyutmaq \u00fc\u00e7\u00fcn n\u0259z\u0259rd\u0259 tutulmu\u015f bir cihazd\u0131r. Bu, kafe, restoran v\u0259 ofisl\u0259rd\u0259 taze s\u00fcd\u0259 davaml\u0131 giri\u015f t\u0259l\u0259b ed\u0259n kommersiya istifad\u0259si \u00fc\u00e7\u00fcn ideald\u0131r. \u018fsas x\u00fcsusiyy\u0259tl\u0259ri v\u0259 \u00fcst\u00fcnl\u00fckl\u0259ri: Saxlama temperaturu: Saeco Milk Cooler, s\u00fcd\u00fcn taz\u0259liyini v\u0259 keyfiyy\u0259tini qorumaq \u00fc\u00e7\u00fcn ad\u0259t\u0259n 1\u00b0C-d\u0259n 4\u00b0C-y\u0259 q\u0259d\u0259r optimal saxlamas\u0131n\u0131 t\u0259min edir. H\u0259cmi: Model\u0259 g\u00f6r\u0259 s\u00fcd rezervuar\u0131n\u0131n h\u0259cmi f\u0259rql\u0259n\u0259 bil\u0259r, bu da tez-tez doldurulmaya ehtiyac olmadan uzun m\u00fcdd\u0259t istifad\u0259ni t\u0259min edir. Rahats\u0131z ba\u011flant\u0131: Cihaz, Saeco avtomatik q\u0259hv\u0259 aparatlar\u0131 v\u0259 dig\u0259r modell\u0259rl\u0259 asanl\u0131qla inteqrasiya oluna bil\u0259r, bu da s\u00fcd i\u00e7kil\u0259rinin kesintisiz haz\u0131rlanmas\u0131n\u0131 t\u0259min edir. Enerji s\u0259m\u0259r\u0259liliyi: M\u00fcasir texnologiyalar enerji istehlak\u0131n\u0131 minimuma endir\u0259r\u0259k, Saeco Milk Cooler-i ekoloji c\u0259h\u0259td\u0259n t\u0259miz v\u0259 iqtisadi bax\u0131mdan s\u0259rf\u0259li bir se\u00e7im edir. Asan qulluq: Rezervuara rahat giri\u015f v\u0259 t\u0259mizl\u0259m\u0259 \u00fc\u00e7\u00fcn sad\u0259 t\u0259limatlar, cihaz\u0131n qulluq edilm\u0259sini s\u00fcr\u0259tli v\u0259 asan edir. Kompakt dizayn: Cihaz\u0131n kompakt \u00f6l\u00e7\u00fcl\u0259ri onu m\u0259tb\u0259xd\u0259 v\u0259 ya bar zonas\u0131na asanl\u0131qla yerl\u0259\u015fdirm\u0259y\u0259 imkan verir. Uy\u011funluq: Saeco Milk Cooler, m\u00fcxt\u0259lif q\u0259hv\u0259 aparatlar\u0131 modell\u0259ri il\u0259 uy\u011fundur v\u0259 b\u00fct\u00fcn q\u0259hv\u0259 i\u00e7kil\u0259ri \u00fc\u00e7\u00fcn s\u00fcd\u00fc etibarl\u0131 \u015f\u0259kild\u0259 soyutma\u011f\u0131 t\u0259min edir.  Texniki x\u00fcsusiyy\u0259tl\u0259r: \u2022Tezlik: 50 Hz \u2022G\u00fcc: 80 Vt \u2022G\u0259rginlik: 230 V \u2022Korpus material\u0131: Plastik v\u0259 metal  Saeco Milk Cooler, i\u00e7kil\u0259rind\u0259 s\u00fcd\u00fcn keyfiyy\u0259tini v\u0259 taz\u0259liyini qiym\u0259tl\u0259ndir\u0259n h\u0259r k\u0259s \u00fc\u00e7\u00fcn m\u00fck\u0259mm\u0259l bir h\u0259ll yolu olub, s\u00fcd\u00fc optimal temperaturda asan v\u0259 rahat \u015f\u0259kild\u0259 saxlama\u011fa imkan tan\u0131y\u0131r.\" \/>\n<meta property=\"og:url\" content=\"https:\/\/coffeerica.az\/en\/product\/saeco-milk-cooler\/\" \/>\n<meta property=\"og:site_name\" content=\"Cofferica Coffee Roasters\" \/>\n<meta property=\"og:image\" content=\"https:\/\/coffeerica.az\/wp-content\/uploads\/2024\/10\/milk-cooler-black-lateral-dx.png\" \/>\n\t<meta property=\"og:image:width\" content=\"500\" \/>\n\t<meta property=\"og:image:height\" content=\"520\" \/>\n\t<meta property=\"og:image:type\" content=\"image\/png\" \/>\n<meta name=\"twitter:card\" content=\"summary_large_image\" \/>\n<meta name=\"twitter:label1\" content=\"Est. reading time\" \/>\n\t<meta name=\"twitter:data1\" content=\"1 minute\" \/>\n<script type=\"application\/ld+json\" class=\"yoast-schema-graph\">{\"@context\":\"https:\/\/schema.org\",\"@graph\":[{\"@type\":\"WebPage\",\"@id\":\"https:\/\/coffeerica.az\/en\/product\/saeco-milk-cooler\/\",\"url\":\"https:\/\/coffeerica.az\/en\/product\/saeco-milk-cooler\/\",\"name\":\"Saeco Milk Cooler - Cofferica Coffee Roasters\",\"isPartOf\":{\"@id\":\"https:\/\/coffeerica.az\/en\/#website\"},\"primaryImageOfPage\":{\"@id\":\"https:\/\/coffeerica.az\/en\/product\/saeco-milk-cooler\/#primaryimage\"},\"image\":{\"@id\":\"https:\/\/coffeerica.az\/en\/product\/saeco-milk-cooler\/#primaryimage\"},\"thumbnailUrl\":\"https:\/\/coffeerica.az\/wp-content\/uploads\/2024\/10\/milk-cooler-black-lateral-dx.png\",\"datePublished\":\"2024-10-31T09:03:51+00:00\",\"breadcrumb\":{\"@id\":\"https:\/\/coffeerica.az\/en\/product\/saeco-milk-cooler\/#breadcrumb\"},\"inLanguage\":\"en-US\",\"potentialAction\":[{\"@type\":\"ReadAction\",\"target\":[\"https:\/\/coffeerica.az\/en\/product\/saeco-milk-cooler\/\"]}]},{\"@type\":\"ImageObject\",\"inLanguage\":\"en-US\",\"@id\":\"https:\/\/coffeerica.az\/en\/product\/saeco-milk-cooler\/#primaryimage\",\"url\":\"https:\/\/coffeerica.az\/wp-content\/uploads\/2024\/10\/milk-cooler-black-lateral-dx.png\",\"contentUrl\":\"https:\/\/coffeerica.az\/wp-content\/uploads\/2024\/10\/milk-cooler-black-lateral-dx.png\",\"width\":500,\"height\":520},{\"@type\":\"BreadcrumbList\",\"@id\":\"https:\/\/coffeerica.az\/en\/product\/saeco-milk-cooler\/#breadcrumb\",\"itemListElement\":[{\"@type\":\"ListItem\",\"position\":1,\"name\":\"Home\",\"item\":\"https:\/\/coffeerica.az\/en\/\"},{\"@type\":\"ListItem\",\"position\":2,\"name\":\"Store\",\"item\":\"https:\/\/coffeerica.az\/en\/store\/\"},{\"@type\":\"ListItem\",\"position\":3,\"name\":\"Saeco Milk Cooler\"}]},{\"@type\":\"WebSite\",\"@id\":\"https:\/\/coffeerica.az\/en\/#website\",\"url\":\"https:\/\/coffeerica.az\/en\/\",\"name\":\"Cofferica Coffee Roasters\",\"description\":\"\",\"publisher\":{\"@id\":\"https:\/\/coffeerica.az\/en\/#organization\"},\"potentialAction\":[{\"@type\":\"SearchAction\",\"target\":{\"@type\":\"EntryPoint\",\"urlTemplate\":\"https:\/\/coffeerica.az\/en\/?s={search_term_string}\"},\"query-input\":{\"@type\":\"PropertyValueSpecification\",\"valueRequired\":true,\"valueName\":\"search_term_string\"}}],\"inLanguage\":\"en-US\"},{\"@type\":\"Organization\",\"@id\":\"https:\/\/coffeerica.az\/en\/#organization\",\"name\":\"Cofferica Coffee Roasters\",\"url\":\"https:\/\/coffeerica.az\/en\/\",\"logo\":{\"@type\":\"ImageObject\",\"inLanguage\":\"en-US\",\"@id\":\"https:\/\/coffeerica.az\/en\/#\/schema\/logo\/image\/\",\"url\":\"https:\/\/cofferica.com\/wp-content\/uploads\/2022\/02\/Asset-3.png\",\"contentUrl\":\"https:\/\/cofferica.com\/wp-content\/uploads\/2022\/02\/Asset-3.png\",\"width\":298,\"height\":225,\"caption\":\"Cofferica Coffee Roasters\"},\"image\":{\"@id\":\"https:\/\/coffeerica.az\/en\/#\/schema\/logo\/image\/\"},\"sameAs\":[\"https:\/\/www.instagram.com\/cofferica_roasters\/\",\"https:\/\/tr.pinterest.com\/cofferica\/\"]}]}<\/script>\n<!-- \/ Yoast SEO plugin. -->","yoast_head_json":{"title":"Saeco Milk Cooler - Cofferica Coffee Roasters","robots":{"index":"index","follow":"follow","max-snippet":"max-snippet:-1","max-image-preview":"max-image-preview:large","max-video-preview":"max-video-preview:-1"},"canonical":"https:\/\/coffeerica.az\/en\/product\/saeco-milk-cooler\/","og_locale":"en_US","og_type":"article","og_title":"Saeco Milk Cooler - Cofferica Coffee Roasters","og_description":"Saeco Milk Cooler \u2014 avtomatik q\u0259hv\u0259 aparatlar\u0131nda istifad\u0259 edil\u0259n s\u00fcd\u00fc saxlamaq v\u0259 soyutmaq \u00fc\u00e7\u00fcn n\u0259z\u0259rd\u0259 tutulmu\u015f bir cihazd\u0131r. Bu, kafe, restoran v\u0259 ofisl\u0259rd\u0259 taze s\u00fcd\u0259 davaml\u0131 giri\u015f t\u0259l\u0259b ed\u0259n kommersiya istifad\u0259si \u00fc\u00e7\u00fcn ideald\u0131r. \u018fsas x\u00fcsusiyy\u0259tl\u0259ri v\u0259 \u00fcst\u00fcnl\u00fckl\u0259ri: Saxlama temperaturu: Saeco Milk Cooler, s\u00fcd\u00fcn taz\u0259liyini v\u0259 keyfiyy\u0259tini qorumaq \u00fc\u00e7\u00fcn ad\u0259t\u0259n 1\u00b0C-d\u0259n 4\u00b0C-y\u0259 q\u0259d\u0259r optimal saxlamas\u0131n\u0131 t\u0259min edir. H\u0259cmi: Model\u0259 g\u00f6r\u0259 s\u00fcd rezervuar\u0131n\u0131n h\u0259cmi f\u0259rql\u0259n\u0259 bil\u0259r, bu da tez-tez doldurulmaya ehtiyac olmadan uzun m\u00fcdd\u0259t istifad\u0259ni t\u0259min edir. Rahats\u0131z ba\u011flant\u0131: Cihaz, Saeco avtomatik q\u0259hv\u0259 aparatlar\u0131 v\u0259 dig\u0259r modell\u0259rl\u0259 asanl\u0131qla inteqrasiya oluna bil\u0259r, bu da s\u00fcd i\u00e7kil\u0259rinin kesintisiz haz\u0131rlanmas\u0131n\u0131 t\u0259min edir. Enerji s\u0259m\u0259r\u0259liliyi: M\u00fcasir texnologiyalar enerji istehlak\u0131n\u0131 minimuma endir\u0259r\u0259k, Saeco Milk Cooler-i ekoloji c\u0259h\u0259td\u0259n t\u0259miz v\u0259 iqtisadi bax\u0131mdan s\u0259rf\u0259li bir se\u00e7im edir. Asan qulluq: Rezervuara rahat giri\u015f v\u0259 t\u0259mizl\u0259m\u0259 \u00fc\u00e7\u00fcn sad\u0259 t\u0259limatlar, cihaz\u0131n qulluq edilm\u0259sini s\u00fcr\u0259tli v\u0259 asan edir. Kompakt dizayn: Cihaz\u0131n kompakt \u00f6l\u00e7\u00fcl\u0259ri onu m\u0259tb\u0259xd\u0259 v\u0259 ya bar zonas\u0131na asanl\u0131qla yerl\u0259\u015fdirm\u0259y\u0259 imkan verir. Uy\u011funluq: Saeco Milk Cooler, m\u00fcxt\u0259lif q\u0259hv\u0259 aparatlar\u0131 modell\u0259ri il\u0259 uy\u011fundur v\u0259 b\u00fct\u00fcn q\u0259hv\u0259 i\u00e7kil\u0259ri \u00fc\u00e7\u00fcn s\u00fcd\u00fc etibarl\u0131 \u015f\u0259kild\u0259 soyutma\u011f\u0131 t\u0259min edir.  Texniki x\u00fcsusiyy\u0259tl\u0259r: \u2022Tezlik: 50 Hz \u2022G\u00fcc: 80 Vt \u2022G\u0259rginlik: 230 V \u2022Korpus material\u0131: Plastik v\u0259 metal  Saeco Milk Cooler, i\u00e7kil\u0259rind\u0259 s\u00fcd\u00fcn keyfiyy\u0259tini v\u0259 taz\u0259liyini qiym\u0259tl\u0259ndir\u0259n h\u0259r k\u0259s \u00fc\u00e7\u00fcn m\u00fck\u0259mm\u0259l bir h\u0259ll yolu olub, s\u00fcd\u00fc optimal temperaturda asan v\u0259 rahat \u015f\u0259kild\u0259 saxlama\u011fa imkan tan\u0131y\u0131r.","og_url":"https:\/\/coffeerica.az\/en\/product\/saeco-milk-cooler\/","og_site_name":"Cofferica Coffee Roasters","og_image":[{"width":500,"height":520,"url":"https:\/\/coffeerica.az\/wp-content\/uploads\/2024\/10\/milk-cooler-black-lateral-dx.png","type":"image\/png"}],"twitter_card":"summary_large_image","twitter_misc":{"Est. reading time":"1 minute"},"schema":{"@context":"https:\/\/schema.org","@graph":[{"@type":"WebPage","@id":"https:\/\/coffeerica.az\/en\/product\/saeco-milk-cooler\/","url":"https:\/\/coffeerica.az\/en\/product\/saeco-milk-cooler\/","name":"Saeco Milk Cooler - Cofferica Coffee Roasters","isPartOf":{"@id":"https:\/\/coffeerica.az\/en\/#website"},"primaryImageOfPage":{"@id":"https:\/\/coffeerica.az\/en\/product\/saeco-milk-cooler\/#primaryimage"},"image":{"@id":"https:\/\/coffeerica.az\/en\/product\/saeco-milk-cooler\/#primaryimage"},"thumbnailUrl":"https:\/\/coffeerica.az\/wp-content\/uploads\/2024\/10\/milk-cooler-black-lateral-dx.png","datePublished":"2024-10-31T09:03:51+00:00","breadcrumb":{"@id":"https:\/\/coffeerica.az\/en\/product\/saeco-milk-cooler\/#breadcrumb"},"inLanguage":"en-US","potentialAction":[{"@type":"ReadAction","target":["https:\/\/coffeerica.az\/en\/product\/saeco-milk-cooler\/"]}]},{"@type":"ImageObject","inLanguage":"en-US","@id":"https:\/\/coffeerica.az\/en\/product\/saeco-milk-cooler\/#primaryimage","url":"https:\/\/coffeerica.az\/wp-content\/uploads\/2024\/10\/milk-cooler-black-lateral-dx.png","contentUrl":"https:\/\/coffeerica.az\/wp-content\/uploads\/2024\/10\/milk-cooler-black-lateral-dx.png","width":500,"height":520},{"@type":"BreadcrumbList","@id":"https:\/\/coffeerica.az\/en\/product\/saeco-milk-cooler\/#breadcrumb","itemListElement":[{"@type":"ListItem","position":1,"name":"Home","item":"https:\/\/coffeerica.az\/en\/"},{"@type":"ListItem","position":2,"name":"Store","item":"https:\/\/coffeerica.az\/en\/store\/"},{"@type":"ListItem","position":3,"name":"Saeco Milk Cooler"}]},{"@type":"WebSite","@id":"https:\/\/coffeerica.az\/en\/#website","url":"https:\/\/coffeerica.az\/en\/","name":"Cofferica Coffee Roasters","description":"","publisher":{"@id":"https:\/\/coffeerica.az\/en\/#organization"},"potentialAction":[{"@type":"SearchAction","target":{"@type":"EntryPoint","urlTemplate":"https:\/\/coffeerica.az\/en\/?s={search_term_string}"},"query-input":{"@type":"PropertyValueSpecification","valueRequired":true,"valueName":"search_term_string"}}],"inLanguage":"en-US"},{"@type":"Organization","@id":"https:\/\/coffeerica.az\/en\/#organization","name":"Cofferica Coffee Roasters","url":"https:\/\/coffeerica.az\/en\/","logo":{"@type":"ImageObject","inLanguage":"en-US","@id":"https:\/\/coffeerica.az\/en\/#\/schema\/logo\/image\/","url":"https:\/\/cofferica.com\/wp-content\/uploads\/2022\/02\/Asset-3.png","contentUrl":"https:\/\/cofferica.com\/wp-content\/uploads\/2022\/02\/Asset-3.png","width":298,"height":225,"caption":"Cofferica Coffee Roasters"},"image":{"@id":"https:\/\/coffeerica.az\/en\/#\/schema\/logo\/image\/"},"sameAs":["https:\/\/www.instagram.com\/cofferica_roasters\/","https:\/\/tr.pinterest.com\/cofferica\/"]}]}},"_links":{"self":[{"href":"https:\/\/coffeerica.az\/en\/wp-json\/wp\/v2\/product\/31931","targetHints":{"allow":["GET"]}}],"collection":[{"href":"https:\/\/coffeerica.az\/en\/wp-json\/wp\/v2\/product"}],"about":[{"href":"https:\/\/coffeerica.az\/en\/wp-json\/wp\/v2\/types\/product"}],"version-history":[{"count":0,"href":"https:\/\/coffeerica.az\/en\/wp-json\/wp\/v2\/product\/31931\/revisions"}],"wp:featuredmedia":[{"embeddable":true,"href":"https:\/\/coffeerica.az\/en\/wp-json\/wp\/v2\/media\/31932"}],"wp:attachment":[{"href":"https:\/\/coffeerica.az\/en\/wp-json\/wp\/v2\/media?parent=31931"}],"wp:term":[{"taxonomy":"product_brand","embeddable":true,"href":"https:\/\/coffeerica.az\/en\/wp-json\/wp\/v2\/product_brand?post=31931"},{"taxonomy":"product_cat","embeddable":true,"href":"https:\/\/coffeerica.az\/en\/wp-json\/wp\/v2\/product_cat?post=31931"},{"taxonomy":"product_tag","embeddable":true,"href":"https:\/\/coffeerica.az\/en\/wp-json\/wp\/v2\/product_tag?post=31931"}],"curies":[{"name":"wp","href":"https:\/\/api.w.org\/{rel}","templated":true}]}}