{"id":17377,"date":"2022-03-23T07:46:44","date_gmt":"2022-03-23T07:46:44","guid":{"rendered":"https:\/\/cofferica.com\/?post_type=product&#038;p=17377"},"modified":"2024-05-21T13:42:09","modified_gmt":"2024-05-21T09:42:09","slug":"timemore-fish-pure-700-ml","status":"publish","type":"product","link":"https:\/\/coffeerica.az\/ru\/product\/timemore-fish-pure-700-ml\/","title":{"rendered":"Timemore Fish Pure, 700 ml"},"content":{"rendered":"","protected":false},"excerpt":{"rendered":"<p>Puroverd\u0259 q\u0259hv\u0259 v\u0259 ya \u00e7ay haz\u0131rlamaq \u00fc\u00e7\u00fcn \u00e7aydan. Timemore Fish Pure \u00e7aydan\u0131n\u0131n \u0259sas d\u0259y\u0259ri alternativ d\u0259ml\u0259m\u0259 \u00fcsullar\u0131 \u00fc\u00e7\u00fcn vacib olan b\u0259rab\u0259r v\u0259 nazik su ax\u0131n\u0131 t\u0259min etm\u0259kdir. Bu \u00e7aydan\u0131n rahatl\u0131\u011f\u0131 mate h\u0259v\u0259skarlar\u0131 t\u0259r\u0259find\u0259n y\u00fcks\u0259k qiym\u0259tl\u0259ndirilib. H\u0259r \u015feyin \u0259n x\u0131rda t\u0259f\u0259rr\u00fcat\u0131na q\u0259d\u0259r d\u00fc\u015f\u00fcn\u00fcld\u00fcy\u00fc \u00e7aydan.<\/p>\n<p>X\u00fcsusiyy\u0259tl\u0259r:<\/p>\n<p>Patentli a\u011f\u0131z formas\u0131 h\u0259tta suyun axmas\u0131n\u0131 t\u0259min edir. \u00c7aydan\u0131n meylind\u0259n as\u0131l\u0131 olmayaraq, su ciddi \u015f\u0259kild\u0259 90 d\u0259r\u0259c\u0259 bir a\u00e7\u0131 il\u0259 ax\u0131r. Bu, \u00fcy\u00fcd\u00fclm\u00fc\u015f q\u0259hv\u0259nin dad keyfiyy\u0259tl\u0259rinin maksimum a\u00e7\u0131qlanmas\u0131na nail olma\u011fa imkan ver\u0259c\u0259k;<br \/>\n\u00e7aydan\u0131n polad, \u00e7ox qatl\u0131 g\u00f6vd\u0259si uzun xidm\u0259t m\u00fcdd\u0259tin\u0259 z\u0259man\u0259t ver\u0259n z\u0259rb\u0259 m\u00fcqavim\u0259tini t\u0259min edir;<br \/>\n\u00c7aydan\u0131n s\u0259thi istilik sabitliyini t\u0259min ed\u0259n \u00fc\u00e7 qat Teflon il\u0259 \u00f6rt\u00fclm\u00fc\u015fd\u00fcr. \u0130\u00e7ind\u0259ki su yava\u015f-yava\u015f soyuyacaq, bu, bir hunid\u0259 q\u0259hv\u0259 d\u0259ml\u0259y\u0259n zaman vacibdir. H\u0259m\u00e7inin teflon s\u0259thl\u0259ri t\u0259mizl\u0259m\u0259k asand\u0131r;<br \/>\n\u00e7aydan\u0131n sap\u0131 yanm\u0131r: istilik izolyasiya ed\u0259n materiallardan haz\u0131rlanm\u0131\u015fd\u0131r, ba\u015f barmaq \u00fc\u00e7\u00fcn rahat dayaq;<br \/>\nKeyfiyy\u0259tli 304 paslanmayan poladdan haz\u0131rlanm\u0131\u015fd\u0131r;<\/p>\n<p>N\u0259z\u0259r\u0259 al\u0131n ki, bu madd\u0259 birba\u015fa sobada q\u0131zd\u0131rmaq \u00fc\u00e7\u00fcn n\u0259z\u0259rd\u0259 tutulmay\u0131b!<\/p>\n<p>X\u00fcsusiyy\u0259tl\u0259r:<\/p>\n<p>h\u0259cmi: 700 ml;<br \/>\nmaterial: 304 paslanmayan polad v\u0259 artan a\u015f\u0131nma m\u00fcqavim\u0259ti \u00fc\u00e7\u00fcn 3 qat Teflon \u00f6rt\u00fck;<br \/>\npaket \u00f6l\u00e7\u00fcs\u00fc (sm): 27x13x14;<br \/>\n\u00e7\u0259ki: 500 qram;<br \/>\n\u0130stehsal\u00e7\u0131: Timemore<\/p>\n<p>Timemore 2012-ci ild\u0259 t\u0259sis edilib v\u0259 haz\u0131rda o, q\u0259hv\u0259 s\u0259nayesi \u00fc\u00e7\u00fcn orijinal aksessuarlar v\u0259 avadanl\u0131qlar\u0131n haz\u0131rlanmas\u0131 v\u0259 istehsal\u0131 \u00fczr\u0259 ixtisasla\u015f\u0131b.<br \/>\n\u015eirk\u0259t insanlara h\u0259yatdan h\u0259zz alma\u011fa v\u0259 q\u0259hv\u0259nin haz\u0131rlanmas\u0131nda \u00f6z-\u00f6z\u00fcn\u0259 i\u015ftirakdan h\u0259zz alma\u011fa imkan ver\u0259n qiym\u0259tli q\u0259hv\u0259 aksesuarlar\u0131 yaratmaq \u00fc\u00e7\u00fcn \u201cpe\u015f\u0259karl\u0131q + estetika\u201d dizayn konsepsiyas\u0131ndan istifad\u0259 edir.<\/p>\n","protected":false},"featured_media":17382,"template":"","meta":[],"product_brand":[176],"product_cat":[125],"product_tag":[],"class_list":{"0":"post-17377","1":"product","2":"type-product","3":"status-publish","4":"has-post-thumbnail","6":"product_brand-timemore","7":"product_cat-alternativ-demleme","9":"first","10":"outofstock","11":"shipping-taxable","12":"purchasable","13":"product-type-variable"},"yoast_head":"<!-- This site is optimized with the Yoast SEO plugin v24.9 - https:\/\/yoast.com\/wordpress\/plugins\/seo\/ -->\n<title>Timemore Fish Pure, 700 ml - Cofferica Coffee Roasters<\/title>\n<meta name=\"robots\" content=\"index, follow, max-snippet:-1, max-image-preview:large, max-video-preview:-1\" \/>\n<link rel=\"canonical\" href=\"https:\/\/coffeerica.az\/ru\/product\/timemore-fish-pure-700-ml\/\" \/>\n<meta property=\"og:locale\" content=\"ru_RU\" \/>\n<meta property=\"og:type\" content=\"article\" \/>\n<meta property=\"og:title\" content=\"Timemore Fish Pure, 700 ml - Cofferica Coffee Roasters\" \/>\n<meta property=\"og:description\" content=\"Puroverd\u0259 q\u0259hv\u0259 v\u0259 ya \u00e7ay haz\u0131rlamaq \u00fc\u00e7\u00fcn \u00e7aydan. Timemore Fish Pure \u00e7aydan\u0131n\u0131n \u0259sas d\u0259y\u0259ri alternativ d\u0259ml\u0259m\u0259 \u00fcsullar\u0131 \u00fc\u00e7\u00fcn vacib olan b\u0259rab\u0259r v\u0259 nazik su ax\u0131n\u0131 t\u0259min etm\u0259kdir. Bu \u00e7aydan\u0131n rahatl\u0131\u011f\u0131 mate h\u0259v\u0259skarlar\u0131 t\u0259r\u0259find\u0259n y\u00fcks\u0259k qiym\u0259tl\u0259ndirilib. H\u0259r \u015feyin \u0259n x\u0131rda t\u0259f\u0259rr\u00fcat\u0131na q\u0259d\u0259r d\u00fc\u015f\u00fcn\u00fcld\u00fcy\u00fc \u00e7aydan.  X\u00fcsusiyy\u0259tl\u0259r:  Patentli a\u011f\u0131z formas\u0131 h\u0259tta suyun axmas\u0131n\u0131 t\u0259min edir. \u00c7aydan\u0131n meylind\u0259n as\u0131l\u0131 olmayaraq, su ciddi \u015f\u0259kild\u0259 90 d\u0259r\u0259c\u0259 bir a\u00e7\u0131 il\u0259 ax\u0131r. Bu, \u00fcy\u00fcd\u00fclm\u00fc\u015f q\u0259hv\u0259nin dad keyfiyy\u0259tl\u0259rinin maksimum a\u00e7\u0131qlanmas\u0131na nail olma\u011fa imkan ver\u0259c\u0259k; \u00e7aydan\u0131n polad, \u00e7ox qatl\u0131 g\u00f6vd\u0259si uzun xidm\u0259t m\u00fcdd\u0259tin\u0259 z\u0259man\u0259t ver\u0259n z\u0259rb\u0259 m\u00fcqavim\u0259tini t\u0259min edir; \u00c7aydan\u0131n s\u0259thi istilik sabitliyini t\u0259min ed\u0259n \u00fc\u00e7 qat Teflon il\u0259 \u00f6rt\u00fclm\u00fc\u015fd\u00fcr. \u0130\u00e7ind\u0259ki su yava\u015f-yava\u015f soyuyacaq, bu, bir hunid\u0259 q\u0259hv\u0259 d\u0259ml\u0259y\u0259n zaman vacibdir. H\u0259m\u00e7inin teflon s\u0259thl\u0259ri t\u0259mizl\u0259m\u0259k asand\u0131r; \u00e7aydan\u0131n sap\u0131 yanm\u0131r: istilik izolyasiya ed\u0259n materiallardan haz\u0131rlanm\u0131\u015fd\u0131r, ba\u015f barmaq \u00fc\u00e7\u00fcn rahat dayaq; Keyfiyy\u0259tli 304 paslanmayan poladdan haz\u0131rlanm\u0131\u015fd\u0131r;  N\u0259z\u0259r\u0259 al\u0131n ki, bu madd\u0259 birba\u015fa sobada q\u0131zd\u0131rmaq \u00fc\u00e7\u00fcn n\u0259z\u0259rd\u0259 tutulmay\u0131b!  X\u00fcsusiyy\u0259tl\u0259r:  h\u0259cmi: 700 ml; material: 304 paslanmayan polad v\u0259 artan a\u015f\u0131nma m\u00fcqavim\u0259ti \u00fc\u00e7\u00fcn 3 qat Teflon \u00f6rt\u00fck; paket \u00f6l\u00e7\u00fcs\u00fc (sm): 27x13x14; \u00e7\u0259ki: 500 qram; \u0130stehsal\u00e7\u0131: Timemore  Timemore 2012-ci ild\u0259 t\u0259sis edilib v\u0259 haz\u0131rda o, q\u0259hv\u0259 s\u0259nayesi \u00fc\u00e7\u00fcn orijinal aksessuarlar v\u0259 avadanl\u0131qlar\u0131n haz\u0131rlanmas\u0131 v\u0259 istehsal\u0131 \u00fczr\u0259 ixtisasla\u015f\u0131b. \u015eirk\u0259t insanlara h\u0259yatdan h\u0259zz alma\u011fa v\u0259 q\u0259hv\u0259nin haz\u0131rlanmas\u0131nda \u00f6z-\u00f6z\u00fcn\u0259 i\u015ftirakdan h\u0259zz alma\u011fa imkan ver\u0259n qiym\u0259tli q\u0259hv\u0259 aksesuarlar\u0131 yaratmaq \u00fc\u00e7\u00fcn \u201cpe\u015f\u0259karl\u0131q + estetika\u201d dizayn konsepsiyas\u0131ndan istifad\u0259 edir.\" \/>\n<meta property=\"og:url\" content=\"https:\/\/coffeerica.az\/ru\/product\/timemore-fish-pure-700-ml\/\" \/>\n<meta property=\"og:site_name\" content=\"Cofferica Coffee Roasters\" \/>\n<meta property=\"article:modified_time\" content=\"2024-05-21T09:42:09+00:00\" \/>\n<meta property=\"og:image\" content=\"https:\/\/coffeerica.az\/wp-content\/uploads\/2022\/03\/07122021-9624-007_1.webp\" \/>\n\t<meta property=\"og:image:width\" content=\"1200\" \/>\n\t<meta property=\"og:image:height\" content=\"1200\" \/>\n\t<meta property=\"og:image:type\" content=\"image\/webp\" \/>\n<meta name=\"twitter:card\" content=\"summary_large_image\" \/>\n<meta name=\"twitter:label1\" content=\"\u041f\u0440\u0438\u043c\u0435\u0440\u043d\u043e\u0435 \u0432\u0440\u0435\u043c\u044f \u0434\u043b\u044f \u0447\u0442\u0435\u043d\u0438\u044f\" \/>\n\t<meta name=\"twitter:data1\" content=\"1 \u043c\u0438\u043d\u0443\u0442\u0430\" \/>\n<script type=\"application\/ld+json\" class=\"yoast-schema-graph\">{\"@context\":\"https:\/\/schema.org\",\"@graph\":[{\"@type\":\"WebPage\",\"@id\":\"https:\/\/coffeerica.az\/ru\/product\/timemore-fish-pure-700-ml\/\",\"url\":\"https:\/\/coffeerica.az\/ru\/product\/timemore-fish-pure-700-ml\/\",\"name\":\"Timemore Fish Pure, 700 ml - Cofferica Coffee Roasters\",\"isPartOf\":{\"@id\":\"https:\/\/coffeerica.az\/ru\/#website\"},\"primaryImageOfPage\":{\"@id\":\"https:\/\/coffeerica.az\/ru\/product\/timemore-fish-pure-700-ml\/#primaryimage\"},\"image\":{\"@id\":\"https:\/\/coffeerica.az\/ru\/product\/timemore-fish-pure-700-ml\/#primaryimage\"},\"thumbnailUrl\":\"https:\/\/coffeerica.az\/wp-content\/uploads\/2022\/03\/07122021-9624-007_1.webp\",\"datePublished\":\"2022-03-23T07:46:44+00:00\",\"dateModified\":\"2024-05-21T09:42:09+00:00\",\"breadcrumb\":{\"@id\":\"https:\/\/coffeerica.az\/ru\/product\/timemore-fish-pure-700-ml\/#breadcrumb\"},\"inLanguage\":\"ru-RU\",\"potentialAction\":[{\"@type\":\"ReadAction\",\"target\":[\"https:\/\/coffeerica.az\/ru\/product\/timemore-fish-pure-700-ml\/\"]}]},{\"@type\":\"ImageObject\",\"inLanguage\":\"ru-RU\",\"@id\":\"https:\/\/coffeerica.az\/ru\/product\/timemore-fish-pure-700-ml\/#primaryimage\",\"url\":\"https:\/\/coffeerica.az\/wp-content\/uploads\/2022\/03\/07122021-9624-007_1.webp\",\"contentUrl\":\"https:\/\/coffeerica.az\/wp-content\/uploads\/2022\/03\/07122021-9624-007_1.webp\",\"width\":1200,\"height\":1200},{\"@type\":\"BreadcrumbList\",\"@id\":\"https:\/\/coffeerica.az\/ru\/product\/timemore-fish-pure-700-ml\/#breadcrumb\",\"itemListElement\":[{\"@type\":\"ListItem\",\"position\":1,\"name\":\"Home\",\"item\":\"https:\/\/coffeerica.az\/ru\/\"},{\"@type\":\"ListItem\",\"position\":2,\"name\":\"\u041c\u0430\u0433\u0430\u0437\u0438\u043d\",\"item\":\"https:\/\/coffeerica.az\/ru\/%d0%bc%d0%b0%d0%b3%d0%b0%d0%b7%d0%b8%d0%bd\/\"},{\"@type\":\"ListItem\",\"position\":3,\"name\":\"Timemore Fish Pure, 700 ml\"}]},{\"@type\":\"WebSite\",\"@id\":\"https:\/\/coffeerica.az\/ru\/#website\",\"url\":\"https:\/\/coffeerica.az\/ru\/\",\"name\":\"Cofferica Coffee Roasters\",\"description\":\"\",\"publisher\":{\"@id\":\"https:\/\/coffeerica.az\/ru\/#organization\"},\"potentialAction\":[{\"@type\":\"SearchAction\",\"target\":{\"@type\":\"EntryPoint\",\"urlTemplate\":\"https:\/\/coffeerica.az\/ru\/?s={search_term_string}\"},\"query-input\":{\"@type\":\"PropertyValueSpecification\",\"valueRequired\":true,\"valueName\":\"search_term_string\"}}],\"inLanguage\":\"ru-RU\"},{\"@type\":\"Organization\",\"@id\":\"https:\/\/coffeerica.az\/ru\/#organization\",\"name\":\"Cofferica Coffee Roasters\",\"url\":\"https:\/\/coffeerica.az\/ru\/\",\"logo\":{\"@type\":\"ImageObject\",\"inLanguage\":\"ru-RU\",\"@id\":\"https:\/\/coffeerica.az\/ru\/#\/schema\/logo\/image\/\",\"url\":\"https:\/\/cofferica.com\/wp-content\/uploads\/2022\/02\/Asset-3.png\",\"contentUrl\":\"https:\/\/cofferica.com\/wp-content\/uploads\/2022\/02\/Asset-3.png\",\"width\":298,\"height\":225,\"caption\":\"Cofferica Coffee Roasters\"},\"image\":{\"@id\":\"https:\/\/coffeerica.az\/ru\/#\/schema\/logo\/image\/\"},\"sameAs\":[\"https:\/\/www.instagram.com\/cofferica_roasters\/\",\"https:\/\/tr.pinterest.com\/cofferica\/\"]}]}<\/script>\n<!-- \/ Yoast SEO plugin. -->","yoast_head_json":{"title":"Timemore Fish Pure, 700 ml - Cofferica Coffee Roasters","robots":{"index":"index","follow":"follow","max-snippet":"max-snippet:-1","max-image-preview":"max-image-preview:large","max-video-preview":"max-video-preview:-1"},"canonical":"https:\/\/coffeerica.az\/ru\/product\/timemore-fish-pure-700-ml\/","og_locale":"ru_RU","og_type":"article","og_title":"Timemore Fish Pure, 700 ml - Cofferica Coffee Roasters","og_description":"Puroverd\u0259 q\u0259hv\u0259 v\u0259 ya \u00e7ay haz\u0131rlamaq \u00fc\u00e7\u00fcn \u00e7aydan. Timemore Fish Pure \u00e7aydan\u0131n\u0131n \u0259sas d\u0259y\u0259ri alternativ d\u0259ml\u0259m\u0259 \u00fcsullar\u0131 \u00fc\u00e7\u00fcn vacib olan b\u0259rab\u0259r v\u0259 nazik su ax\u0131n\u0131 t\u0259min etm\u0259kdir. Bu \u00e7aydan\u0131n rahatl\u0131\u011f\u0131 mate h\u0259v\u0259skarlar\u0131 t\u0259r\u0259find\u0259n y\u00fcks\u0259k qiym\u0259tl\u0259ndirilib. H\u0259r \u015feyin \u0259n x\u0131rda t\u0259f\u0259rr\u00fcat\u0131na q\u0259d\u0259r d\u00fc\u015f\u00fcn\u00fcld\u00fcy\u00fc \u00e7aydan.  X\u00fcsusiyy\u0259tl\u0259r:  Patentli a\u011f\u0131z formas\u0131 h\u0259tta suyun axmas\u0131n\u0131 t\u0259min edir. \u00c7aydan\u0131n meylind\u0259n as\u0131l\u0131 olmayaraq, su ciddi \u015f\u0259kild\u0259 90 d\u0259r\u0259c\u0259 bir a\u00e7\u0131 il\u0259 ax\u0131r. Bu, \u00fcy\u00fcd\u00fclm\u00fc\u015f q\u0259hv\u0259nin dad keyfiyy\u0259tl\u0259rinin maksimum a\u00e7\u0131qlanmas\u0131na nail olma\u011fa imkan ver\u0259c\u0259k; \u00e7aydan\u0131n polad, \u00e7ox qatl\u0131 g\u00f6vd\u0259si uzun xidm\u0259t m\u00fcdd\u0259tin\u0259 z\u0259man\u0259t ver\u0259n z\u0259rb\u0259 m\u00fcqavim\u0259tini t\u0259min edir; \u00c7aydan\u0131n s\u0259thi istilik sabitliyini t\u0259min ed\u0259n \u00fc\u00e7 qat Teflon il\u0259 \u00f6rt\u00fclm\u00fc\u015fd\u00fcr. \u0130\u00e7ind\u0259ki su yava\u015f-yava\u015f soyuyacaq, bu, bir hunid\u0259 q\u0259hv\u0259 d\u0259ml\u0259y\u0259n zaman vacibdir. H\u0259m\u00e7inin teflon s\u0259thl\u0259ri t\u0259mizl\u0259m\u0259k asand\u0131r; \u00e7aydan\u0131n sap\u0131 yanm\u0131r: istilik izolyasiya ed\u0259n materiallardan haz\u0131rlanm\u0131\u015fd\u0131r, ba\u015f barmaq \u00fc\u00e7\u00fcn rahat dayaq; Keyfiyy\u0259tli 304 paslanmayan poladdan haz\u0131rlanm\u0131\u015fd\u0131r;  N\u0259z\u0259r\u0259 al\u0131n ki, bu madd\u0259 birba\u015fa sobada q\u0131zd\u0131rmaq \u00fc\u00e7\u00fcn n\u0259z\u0259rd\u0259 tutulmay\u0131b!  X\u00fcsusiyy\u0259tl\u0259r:  h\u0259cmi: 700 ml; material: 304 paslanmayan polad v\u0259 artan a\u015f\u0131nma m\u00fcqavim\u0259ti \u00fc\u00e7\u00fcn 3 qat Teflon \u00f6rt\u00fck; paket \u00f6l\u00e7\u00fcs\u00fc (sm): 27x13x14; \u00e7\u0259ki: 500 qram; \u0130stehsal\u00e7\u0131: Timemore  Timemore 2012-ci ild\u0259 t\u0259sis edilib v\u0259 haz\u0131rda o, q\u0259hv\u0259 s\u0259nayesi \u00fc\u00e7\u00fcn orijinal aksessuarlar v\u0259 avadanl\u0131qlar\u0131n haz\u0131rlanmas\u0131 v\u0259 istehsal\u0131 \u00fczr\u0259 ixtisasla\u015f\u0131b. \u015eirk\u0259t insanlara h\u0259yatdan h\u0259zz alma\u011fa v\u0259 q\u0259hv\u0259nin haz\u0131rlanmas\u0131nda \u00f6z-\u00f6z\u00fcn\u0259 i\u015ftirakdan h\u0259zz alma\u011fa imkan ver\u0259n qiym\u0259tli q\u0259hv\u0259 aksesuarlar\u0131 yaratmaq \u00fc\u00e7\u00fcn \u201cpe\u015f\u0259karl\u0131q + estetika\u201d dizayn konsepsiyas\u0131ndan istifad\u0259 edir.","og_url":"https:\/\/coffeerica.az\/ru\/product\/timemore-fish-pure-700-ml\/","og_site_name":"Cofferica Coffee Roasters","article_modified_time":"2024-05-21T09:42:09+00:00","og_image":[{"width":1200,"height":1200,"url":"https:\/\/coffeerica.az\/wp-content\/uploads\/2022\/03\/07122021-9624-007_1.webp","type":"image\/webp"}],"twitter_card":"summary_large_image","twitter_misc":{"\u041f\u0440\u0438\u043c\u0435\u0440\u043d\u043e\u0435 \u0432\u0440\u0435\u043c\u044f \u0434\u043b\u044f \u0447\u0442\u0435\u043d\u0438\u044f":"1 \u043c\u0438\u043d\u0443\u0442\u0430"},"schema":{"@context":"https:\/\/schema.org","@graph":[{"@type":"WebPage","@id":"https:\/\/coffeerica.az\/ru\/product\/timemore-fish-pure-700-ml\/","url":"https:\/\/coffeerica.az\/ru\/product\/timemore-fish-pure-700-ml\/","name":"Timemore Fish Pure, 700 ml - Cofferica Coffee Roasters","isPartOf":{"@id":"https:\/\/coffeerica.az\/ru\/#website"},"primaryImageOfPage":{"@id":"https:\/\/coffeerica.az\/ru\/product\/timemore-fish-pure-700-ml\/#primaryimage"},"image":{"@id":"https:\/\/coffeerica.az\/ru\/product\/timemore-fish-pure-700-ml\/#primaryimage"},"thumbnailUrl":"https:\/\/coffeerica.az\/wp-content\/uploads\/2022\/03\/07122021-9624-007_1.webp","datePublished":"2022-03-23T07:46:44+00:00","dateModified":"2024-05-21T09:42:09+00:00","breadcrumb":{"@id":"https:\/\/coffeerica.az\/ru\/product\/timemore-fish-pure-700-ml\/#breadcrumb"},"inLanguage":"ru-RU","potentialAction":[{"@type":"ReadAction","target":["https:\/\/coffeerica.az\/ru\/product\/timemore-fish-pure-700-ml\/"]}]},{"@type":"ImageObject","inLanguage":"ru-RU","@id":"https:\/\/coffeerica.az\/ru\/product\/timemore-fish-pure-700-ml\/#primaryimage","url":"https:\/\/coffeerica.az\/wp-content\/uploads\/2022\/03\/07122021-9624-007_1.webp","contentUrl":"https:\/\/coffeerica.az\/wp-content\/uploads\/2022\/03\/07122021-9624-007_1.webp","width":1200,"height":1200},{"@type":"BreadcrumbList","@id":"https:\/\/coffeerica.az\/ru\/product\/timemore-fish-pure-700-ml\/#breadcrumb","itemListElement":[{"@type":"ListItem","position":1,"name":"Home","item":"https:\/\/coffeerica.az\/ru\/"},{"@type":"ListItem","position":2,"name":"\u041c\u0430\u0433\u0430\u0437\u0438\u043d","item":"https:\/\/coffeerica.az\/ru\/%d0%bc%d0%b0%d0%b3%d0%b0%d0%b7%d0%b8%d0%bd\/"},{"@type":"ListItem","position":3,"name":"Timemore Fish Pure, 700 ml"}]},{"@type":"WebSite","@id":"https:\/\/coffeerica.az\/ru\/#website","url":"https:\/\/coffeerica.az\/ru\/","name":"Cofferica Coffee Roasters","description":"","publisher":{"@id":"https:\/\/coffeerica.az\/ru\/#organization"},"potentialAction":[{"@type":"SearchAction","target":{"@type":"EntryPoint","urlTemplate":"https:\/\/coffeerica.az\/ru\/?s={search_term_string}"},"query-input":{"@type":"PropertyValueSpecification","valueRequired":true,"valueName":"search_term_string"}}],"inLanguage":"ru-RU"},{"@type":"Organization","@id":"https:\/\/coffeerica.az\/ru\/#organization","name":"Cofferica Coffee Roasters","url":"https:\/\/coffeerica.az\/ru\/","logo":{"@type":"ImageObject","inLanguage":"ru-RU","@id":"https:\/\/coffeerica.az\/ru\/#\/schema\/logo\/image\/","url":"https:\/\/cofferica.com\/wp-content\/uploads\/2022\/02\/Asset-3.png","contentUrl":"https:\/\/cofferica.com\/wp-content\/uploads\/2022\/02\/Asset-3.png","width":298,"height":225,"caption":"Cofferica Coffee Roasters"},"image":{"@id":"https:\/\/coffeerica.az\/ru\/#\/schema\/logo\/image\/"},"sameAs":["https:\/\/www.instagram.com\/cofferica_roasters\/","https:\/\/tr.pinterest.com\/cofferica\/"]}]}},"_links":{"self":[{"href":"https:\/\/coffeerica.az\/ru\/wp-json\/wp\/v2\/product\/17377","targetHints":{"allow":["GET"]}}],"collection":[{"href":"https:\/\/coffeerica.az\/ru\/wp-json\/wp\/v2\/product"}],"about":[{"href":"https:\/\/coffeerica.az\/ru\/wp-json\/wp\/v2\/types\/product"}],"version-history":[{"count":0,"href":"https:\/\/coffeerica.az\/ru\/wp-json\/wp\/v2\/product\/17377\/revisions"}],"wp:featuredmedia":[{"embeddable":true,"href":"https:\/\/coffeerica.az\/ru\/wp-json\/wp\/v2\/media\/17382"}],"wp:attachment":[{"href":"https:\/\/coffeerica.az\/ru\/wp-json\/wp\/v2\/media?parent=17377"}],"wp:term":[{"taxonomy":"product_brand","embeddable":true,"href":"https:\/\/coffeerica.az\/ru\/wp-json\/wp\/v2\/product_brand?post=17377"},{"taxonomy":"product_cat","embeddable":true,"href":"https:\/\/coffeerica.az\/ru\/wp-json\/wp\/v2\/product_cat?post=17377"},{"taxonomy":"product_tag","embeddable":true,"href":"https:\/\/coffeerica.az\/ru\/wp-json\/wp\/v2\/product_tag?post=17377"}],"curies":[{"name":"wp","href":"https:\/\/api.w.org\/{rel}","templated":true}]}}