{"id":17413,"date":"2022-03-23T13:11:59","date_gmt":"2022-03-23T13:11:59","guid":{"rendered":"https:\/\/cofferica.com\/?post_type=product&#038;p=17413"},"modified":"2024-10-18T17:12:38","modified_gmt":"2024-10-18T13:12:38","slug":"timemore-crystal-eye-plastic-dripper-02-pc","status":"publish","type":"product","link":"https:\/\/coffeerica.az\/ru\/product\/timemore-crystal-eye-plastic-dripper-02-pc\/","title":{"rendered":"Timemore Crystal Eye Plastic Dripper 02 PC"},"content":{"rendered":"","protected":false},"excerpt":{"rendered":"<p>Unikal purover Glass Crystal Eye Dripper misilsizdir. Dizayn\u0131 qabar\u0131q olan \u0259ks\u0259r t\u00f6km\u0259l\u0259rd\u0259n f\u0259rqli olaraq, bu s\u0259n\u0259t \u0259s\u0259ri dizaynda konkavd\u0131r v\u0259 suyun axmas\u0131n\u0131 daha hamar edir.\u00a0Daha asan da\u015f\u0131nmas\u0131 \u00fc\u00e7\u00fcn huni plastikd\u0259n haz\u0131rlanm\u0131\u015fd\u0131r.\u00a0Purover formas\u0131 ka\u011f\u0131z filtrinin huninin divarlar\u0131na s\u0131x \u015f\u0259kild\u0259 oturmas\u0131n\u0131 t\u0259min edir, bu da vahid \u00e7\u0131xar\u0131lmas\u0131na k\u00f6m\u0259k edir.\u00a0Purover \u00fc\u00e7 s\u0259viyy\u0259y\u0259 b\u00f6lm\u0259k q\u0259hv\u0259 d\u0259ml\u0259m\u0259 prosesini asanla\u015fd\u0131r\u0131r, ona g\u00f6r\u0259 d\u0259 h\u0259tta t\u0259cr\u00fcb\u0259siz q\u0259hv\u0259 h\u0259v\u0259skarlar\u0131 \u00fc\u00e7\u00fcn d\u0259 uy\u011fundur.<\/p>\n<p>Puroverd\u0259 3 s\u0259viyy\u0259y\u0259 b\u00f6lm\u0259k d\u0259ml\u0259m\u0259 prosesini asanla\u015fd\u0131r\u0131r.<br \/>\nA\u015fa\u011f\u0131 s\u0259viyy\u0259d\u0259 15\/20 qram \u00fcy\u00fcd\u00fclm\u00fc\u015f q\u0259hv\u0259 var.<br \/>\nBu s\u0259viyy\u0259d\u0259 q\u0259hv\u0259 \u0259vv\u0259lc\u0259d\u0259n islan\u0131r.<br \/>\n2. Q\u0259hv\u0259 d\u0259ml\u0259nm\u0259sinin \u0259sas m\u0259rh\u0259l\u0259si orta s\u0259viyy\u0259d\u0259 ba\u015f verir: burada su ax\u0131n\u0131 s\u00fcr\u0259tini azaltmaq \u00fc\u00e7\u00fcn yivl\u0259r t\u0259dric\u0259n daral\u0131r.<br \/>\n3. Puroverin yuxar\u0131 s\u0259viyy\u0259si q\u0259hv\u0259 filtrasiyas\u0131n\u0131 aradan qald\u0131r\u0131r, burada ka\u011f\u0131z filtri puroverin tamamil\u0259 hamar divarlar\u0131na (a\u015fa\u011f\u0131 s\u0259viyy\u0259l\u0259rd\u0259 oldu\u011fu kimi qab\u0131r\u011falar v\u0259 yivl\u0259r olmadan) m\u00fcmk\u00fcn q\u0259d\u0259r m\u00f6hk\u0259m oturur.<\/p>\n<p>Bu s\u0259viyy\u0259 su ax\u0131n\u0131na n\u0259zar\u0259t etm\u0259y\u0259 k\u00f6m\u0259k edir v\u0259 d\u0259ml\u0259m\u0259 \u00fc\u00e7\u00fcn t\u0259l\u0259b olunandan \u00e7ox su t\u00f6kd\u00fcy\u00fcn\u00fcz halda laz\u0131md\u0131r.<br \/>\nHuninin daxili s\u0259thind\u0259 q\u0259hv\u0259 d\u0259ml\u0259y\u0259rk\u0259n huni i\u00e7\u0259risind\u0259 suyun hamar axmas\u0131 \u00fc\u00e7\u00fcn iki s\u0131ra qab\u0131r\u011fa v\u0259 yivl\u0259r var, buna g\u00f6r\u0259 d\u0259 q\u0259hv\u0259nin h\u0259ddind\u0259n art\u0131q \u00e7\u0131xar\u0131lmas\u0131ndan narahat olmaq laz\u0131m deyil: su n\u0259 \u00e7ox yava\u015f, n\u0259 d\u0259 \u00e7ox s\u00fcr\u0259tli ax\u0131r. .<br \/>\nCrystal Eye Dripper g\u00f6z\u0259l h\u0259diyy\u0259 qutusunda g\u0259lir<\/p>\n<p>H\u0259cm: 1-4 fincan<\/p>\n<p>\u0130stehsal\u00e7\u0131: Timemore<br \/>\n\u0130stehsal\u00e7\u0131 haqq\u0131nda:<\/p>\n<p>Timemore 2012-ci ild\u0259 t\u0259sis edilib v\u0259 haz\u0131rda o, q\u0259hv\u0259 s\u0259nayesi \u00fc\u00e7\u00fcn orijinal aksessuarlar v\u0259 avadanl\u0131qlar\u0131n haz\u0131rlanmas\u0131 v\u0259 istehsal\u0131 \u00fczr\u0259 ixtisasla\u015f\u0131b.<br \/>\n\u015eirk\u0259t insanlara h\u0259yatdan h\u0259zz alma\u011fa v\u0259 q\u0259hv\u0259nin haz\u0131rlanmas\u0131nda \u00f6z-\u00f6z\u00fcn\u0259 i\u015ftirakdan h\u0259zz alma\u011fa imkan ver\u0259n qiym\u0259tli q\u0259hv\u0259 aksesuarlar\u0131 yaratmaq \u00fc\u00e7\u00fcn \u201cpe\u015f\u0259karl\u0131q + estetika\u201d dizayn konsepsiyas\u0131ndan istifad\u0259 edir.<\/p>\n","protected":false},"featured_media":17412,"template":"","meta":[],"product_brand":[176],"product_cat":[125],"product_tag":[],"class_list":{"0":"post-17413","1":"product","2":"type-product","3":"status-publish","4":"has-post-thumbnail","6":"product_brand-timemore","7":"product_cat-alternativ-demleme","9":"first","10":"outofstock","11":"shipping-taxable","12":"purchasable","13":"product-type-variable"},"yoast_head":"<!-- This site is optimized with the Yoast SEO plugin v24.9 - https:\/\/yoast.com\/wordpress\/plugins\/seo\/ -->\n<title>Timemore Crystal Eye Plastic Dripper 02 PC - Cofferica Coffee Roasters<\/title>\n<meta name=\"robots\" content=\"index, follow, max-snippet:-1, max-image-preview:large, max-video-preview:-1\" \/>\n<link rel=\"canonical\" href=\"https:\/\/coffeerica.az\/ru\/product\/timemore-crystal-eye-plastic-dripper-02-pc\/\" \/>\n<meta property=\"og:locale\" content=\"ru_RU\" \/>\n<meta property=\"og:type\" content=\"article\" \/>\n<meta property=\"og:title\" content=\"Timemore Crystal Eye Plastic Dripper 02 PC - Cofferica Coffee Roasters\" \/>\n<meta property=\"og:description\" content=\"Unikal purover Glass Crystal Eye Dripper misilsizdir. Dizayn\u0131 qabar\u0131q olan \u0259ks\u0259r t\u00f6km\u0259l\u0259rd\u0259n f\u0259rqli olaraq, bu s\u0259n\u0259t \u0259s\u0259ri dizaynda konkavd\u0131r v\u0259 suyun axmas\u0131n\u0131 daha hamar edir.\u00a0Daha asan da\u015f\u0131nmas\u0131 \u00fc\u00e7\u00fcn huni plastikd\u0259n haz\u0131rlanm\u0131\u015fd\u0131r.\u00a0Purover formas\u0131 ka\u011f\u0131z filtrinin huninin divarlar\u0131na s\u0131x \u015f\u0259kild\u0259 oturmas\u0131n\u0131 t\u0259min edir, bu da vahid \u00e7\u0131xar\u0131lmas\u0131na k\u00f6m\u0259k edir.\u00a0Purover \u00fc\u00e7 s\u0259viyy\u0259y\u0259 b\u00f6lm\u0259k q\u0259hv\u0259 d\u0259ml\u0259m\u0259 prosesini asanla\u015fd\u0131r\u0131r, ona g\u00f6r\u0259 d\u0259 h\u0259tta t\u0259cr\u00fcb\u0259siz q\u0259hv\u0259 h\u0259v\u0259skarlar\u0131 \u00fc\u00e7\u00fcn d\u0259 uy\u011fundur.  Puroverd\u0259 3 s\u0259viyy\u0259y\u0259 b\u00f6lm\u0259k d\u0259ml\u0259m\u0259 prosesini asanla\u015fd\u0131r\u0131r. A\u015fa\u011f\u0131 s\u0259viyy\u0259d\u0259 15\/20 qram \u00fcy\u00fcd\u00fclm\u00fc\u015f q\u0259hv\u0259 var. Bu s\u0259viyy\u0259d\u0259 q\u0259hv\u0259 \u0259vv\u0259lc\u0259d\u0259n islan\u0131r. 2. Q\u0259hv\u0259 d\u0259ml\u0259nm\u0259sinin \u0259sas m\u0259rh\u0259l\u0259si orta s\u0259viyy\u0259d\u0259 ba\u015f verir: burada su ax\u0131n\u0131 s\u00fcr\u0259tini azaltmaq \u00fc\u00e7\u00fcn yivl\u0259r t\u0259dric\u0259n daral\u0131r. 3. Puroverin yuxar\u0131 s\u0259viyy\u0259si q\u0259hv\u0259 filtrasiyas\u0131n\u0131 aradan qald\u0131r\u0131r, burada ka\u011f\u0131z filtri puroverin tamamil\u0259 hamar divarlar\u0131na (a\u015fa\u011f\u0131 s\u0259viyy\u0259l\u0259rd\u0259 oldu\u011fu kimi qab\u0131r\u011falar v\u0259 yivl\u0259r olmadan) m\u00fcmk\u00fcn q\u0259d\u0259r m\u00f6hk\u0259m oturur.  Bu s\u0259viyy\u0259 su ax\u0131n\u0131na n\u0259zar\u0259t etm\u0259y\u0259 k\u00f6m\u0259k edir v\u0259 d\u0259ml\u0259m\u0259 \u00fc\u00e7\u00fcn t\u0259l\u0259b olunandan \u00e7ox su t\u00f6kd\u00fcy\u00fcn\u00fcz halda laz\u0131md\u0131r. Huninin daxili s\u0259thind\u0259 q\u0259hv\u0259 d\u0259ml\u0259y\u0259rk\u0259n huni i\u00e7\u0259risind\u0259 suyun hamar axmas\u0131 \u00fc\u00e7\u00fcn iki s\u0131ra qab\u0131r\u011fa v\u0259 yivl\u0259r var, buna g\u00f6r\u0259 d\u0259 q\u0259hv\u0259nin h\u0259ddind\u0259n art\u0131q \u00e7\u0131xar\u0131lmas\u0131ndan narahat olmaq laz\u0131m deyil: su n\u0259 \u00e7ox yava\u015f, n\u0259 d\u0259 \u00e7ox s\u00fcr\u0259tli ax\u0131r. . Crystal Eye Dripper g\u00f6z\u0259l h\u0259diyy\u0259 qutusunda g\u0259lir  H\u0259cm: 1-4 fincan  \u0130stehsal\u00e7\u0131: Timemore \u0130stehsal\u00e7\u0131 haqq\u0131nda:  Timemore 2012-ci ild\u0259 t\u0259sis edilib v\u0259 haz\u0131rda o, q\u0259hv\u0259 s\u0259nayesi \u00fc\u00e7\u00fcn orijinal aksessuarlar v\u0259 avadanl\u0131qlar\u0131n haz\u0131rlanmas\u0131 v\u0259 istehsal\u0131 \u00fczr\u0259 ixtisasla\u015f\u0131b. \u015eirk\u0259t insanlara h\u0259yatdan h\u0259zz alma\u011fa v\u0259 q\u0259hv\u0259nin haz\u0131rlanmas\u0131nda \u00f6z-\u00f6z\u00fcn\u0259 i\u015ftirakdan h\u0259zz alma\u011fa imkan ver\u0259n qiym\u0259tli q\u0259hv\u0259 aksesuarlar\u0131 yaratmaq \u00fc\u00e7\u00fcn \u201cpe\u015f\u0259karl\u0131q + estetika\u201d dizayn konsepsiyas\u0131ndan istifad\u0259 edir.\" \/>\n<meta property=\"og:url\" content=\"https:\/\/coffeerica.az\/ru\/product\/timemore-crystal-eye-plastic-dripper-02-pc\/\" \/>\n<meta property=\"og:site_name\" content=\"Cofferica Coffee Roasters\" \/>\n<meta property=\"article:modified_time\" content=\"2024-10-18T13:12:38+00:00\" \/>\n<meta property=\"og:image\" content=\"https:\/\/coffeerica.az\/wp-content\/uploads\/2022\/03\/otherpicture320200710132721.webp\" \/>\n\t<meta property=\"og:image:width\" content=\"556\" \/>\n\t<meta property=\"og:image:height\" content=\"556\" \/>\n\t<meta property=\"og:image:type\" content=\"image\/webp\" \/>\n<meta name=\"twitter:card\" content=\"summary_large_image\" \/>\n<meta name=\"twitter:label1\" content=\"\u041f\u0440\u0438\u043c\u0435\u0440\u043d\u043e\u0435 \u0432\u0440\u0435\u043c\u044f \u0434\u043b\u044f \u0447\u0442\u0435\u043d\u0438\u044f\" \/>\n\t<meta name=\"twitter:data1\" content=\"1 \u043c\u0438\u043d\u0443\u0442\u0430\" \/>\n<script type=\"application\/ld+json\" class=\"yoast-schema-graph\">{\"@context\":\"https:\/\/schema.org\",\"@graph\":[{\"@type\":\"WebPage\",\"@id\":\"https:\/\/coffeerica.az\/ru\/product\/timemore-crystal-eye-plastic-dripper-02-pc\/\",\"url\":\"https:\/\/coffeerica.az\/ru\/product\/timemore-crystal-eye-plastic-dripper-02-pc\/\",\"name\":\"Timemore Crystal Eye Plastic Dripper 02 PC - Cofferica Coffee Roasters\",\"isPartOf\":{\"@id\":\"https:\/\/coffeerica.az\/ru\/#website\"},\"primaryImageOfPage\":{\"@id\":\"https:\/\/coffeerica.az\/ru\/product\/timemore-crystal-eye-plastic-dripper-02-pc\/#primaryimage\"},\"image\":{\"@id\":\"https:\/\/coffeerica.az\/ru\/product\/timemore-crystal-eye-plastic-dripper-02-pc\/#primaryimage\"},\"thumbnailUrl\":\"https:\/\/coffeerica.az\/wp-content\/uploads\/2022\/03\/otherpicture320200710132721.webp\",\"datePublished\":\"2022-03-23T13:11:59+00:00\",\"dateModified\":\"2024-10-18T13:12:38+00:00\",\"breadcrumb\":{\"@id\":\"https:\/\/coffeerica.az\/ru\/product\/timemore-crystal-eye-plastic-dripper-02-pc\/#breadcrumb\"},\"inLanguage\":\"ru-RU\",\"potentialAction\":[{\"@type\":\"ReadAction\",\"target\":[\"https:\/\/coffeerica.az\/ru\/product\/timemore-crystal-eye-plastic-dripper-02-pc\/\"]}]},{\"@type\":\"ImageObject\",\"inLanguage\":\"ru-RU\",\"@id\":\"https:\/\/coffeerica.az\/ru\/product\/timemore-crystal-eye-plastic-dripper-02-pc\/#primaryimage\",\"url\":\"https:\/\/coffeerica.az\/wp-content\/uploads\/2022\/03\/otherpicture320200710132721.webp\",\"contentUrl\":\"https:\/\/coffeerica.az\/wp-content\/uploads\/2022\/03\/otherpicture320200710132721.webp\",\"width\":556,\"height\":556},{\"@type\":\"BreadcrumbList\",\"@id\":\"https:\/\/coffeerica.az\/ru\/product\/timemore-crystal-eye-plastic-dripper-02-pc\/#breadcrumb\",\"itemListElement\":[{\"@type\":\"ListItem\",\"position\":1,\"name\":\"Home\",\"item\":\"https:\/\/coffeerica.az\/ru\/\"},{\"@type\":\"ListItem\",\"position\":2,\"name\":\"\u041c\u0430\u0433\u0430\u0437\u0438\u043d\",\"item\":\"https:\/\/coffeerica.az\/ru\/%d0%bc%d0%b0%d0%b3%d0%b0%d0%b7%d0%b8%d0%bd\/\"},{\"@type\":\"ListItem\",\"position\":3,\"name\":\"Timemore Crystal Eye Plastic Dripper 02 PC\"}]},{\"@type\":\"WebSite\",\"@id\":\"https:\/\/coffeerica.az\/ru\/#website\",\"url\":\"https:\/\/coffeerica.az\/ru\/\",\"name\":\"Cofferica Coffee Roasters\",\"description\":\"\",\"publisher\":{\"@id\":\"https:\/\/coffeerica.az\/ru\/#organization\"},\"potentialAction\":[{\"@type\":\"SearchAction\",\"target\":{\"@type\":\"EntryPoint\",\"urlTemplate\":\"https:\/\/coffeerica.az\/ru\/?s={search_term_string}\"},\"query-input\":{\"@type\":\"PropertyValueSpecification\",\"valueRequired\":true,\"valueName\":\"search_term_string\"}}],\"inLanguage\":\"ru-RU\"},{\"@type\":\"Organization\",\"@id\":\"https:\/\/coffeerica.az\/ru\/#organization\",\"name\":\"Cofferica Coffee Roasters\",\"url\":\"https:\/\/coffeerica.az\/ru\/\",\"logo\":{\"@type\":\"ImageObject\",\"inLanguage\":\"ru-RU\",\"@id\":\"https:\/\/coffeerica.az\/ru\/#\/schema\/logo\/image\/\",\"url\":\"https:\/\/cofferica.com\/wp-content\/uploads\/2022\/02\/Asset-3.png\",\"contentUrl\":\"https:\/\/cofferica.com\/wp-content\/uploads\/2022\/02\/Asset-3.png\",\"width\":298,\"height\":225,\"caption\":\"Cofferica Coffee Roasters\"},\"image\":{\"@id\":\"https:\/\/coffeerica.az\/ru\/#\/schema\/logo\/image\/\"},\"sameAs\":[\"https:\/\/www.instagram.com\/cofferica_roasters\/\",\"https:\/\/tr.pinterest.com\/cofferica\/\"]}]}<\/script>\n<!-- \/ Yoast SEO plugin. -->","yoast_head_json":{"title":"Timemore Crystal Eye Plastic Dripper 02 PC - Cofferica Coffee Roasters","robots":{"index":"index","follow":"follow","max-snippet":"max-snippet:-1","max-image-preview":"max-image-preview:large","max-video-preview":"max-video-preview:-1"},"canonical":"https:\/\/coffeerica.az\/ru\/product\/timemore-crystal-eye-plastic-dripper-02-pc\/","og_locale":"ru_RU","og_type":"article","og_title":"Timemore Crystal Eye Plastic Dripper 02 PC - Cofferica Coffee Roasters","og_description":"Unikal purover Glass Crystal Eye Dripper misilsizdir. Dizayn\u0131 qabar\u0131q olan \u0259ks\u0259r t\u00f6km\u0259l\u0259rd\u0259n f\u0259rqli olaraq, bu s\u0259n\u0259t \u0259s\u0259ri dizaynda konkavd\u0131r v\u0259 suyun axmas\u0131n\u0131 daha hamar edir.\u00a0Daha asan da\u015f\u0131nmas\u0131 \u00fc\u00e7\u00fcn huni plastikd\u0259n haz\u0131rlanm\u0131\u015fd\u0131r.\u00a0Purover formas\u0131 ka\u011f\u0131z filtrinin huninin divarlar\u0131na s\u0131x \u015f\u0259kild\u0259 oturmas\u0131n\u0131 t\u0259min edir, bu da vahid \u00e7\u0131xar\u0131lmas\u0131na k\u00f6m\u0259k edir.\u00a0Purover \u00fc\u00e7 s\u0259viyy\u0259y\u0259 b\u00f6lm\u0259k q\u0259hv\u0259 d\u0259ml\u0259m\u0259 prosesini asanla\u015fd\u0131r\u0131r, ona g\u00f6r\u0259 d\u0259 h\u0259tta t\u0259cr\u00fcb\u0259siz q\u0259hv\u0259 h\u0259v\u0259skarlar\u0131 \u00fc\u00e7\u00fcn d\u0259 uy\u011fundur.  Puroverd\u0259 3 s\u0259viyy\u0259y\u0259 b\u00f6lm\u0259k d\u0259ml\u0259m\u0259 prosesini asanla\u015fd\u0131r\u0131r. A\u015fa\u011f\u0131 s\u0259viyy\u0259d\u0259 15\/20 qram \u00fcy\u00fcd\u00fclm\u00fc\u015f q\u0259hv\u0259 var. Bu s\u0259viyy\u0259d\u0259 q\u0259hv\u0259 \u0259vv\u0259lc\u0259d\u0259n islan\u0131r. 2. Q\u0259hv\u0259 d\u0259ml\u0259nm\u0259sinin \u0259sas m\u0259rh\u0259l\u0259si orta s\u0259viyy\u0259d\u0259 ba\u015f verir: burada su ax\u0131n\u0131 s\u00fcr\u0259tini azaltmaq \u00fc\u00e7\u00fcn yivl\u0259r t\u0259dric\u0259n daral\u0131r. 3. Puroverin yuxar\u0131 s\u0259viyy\u0259si q\u0259hv\u0259 filtrasiyas\u0131n\u0131 aradan qald\u0131r\u0131r, burada ka\u011f\u0131z filtri puroverin tamamil\u0259 hamar divarlar\u0131na (a\u015fa\u011f\u0131 s\u0259viyy\u0259l\u0259rd\u0259 oldu\u011fu kimi qab\u0131r\u011falar v\u0259 yivl\u0259r olmadan) m\u00fcmk\u00fcn q\u0259d\u0259r m\u00f6hk\u0259m oturur.  Bu s\u0259viyy\u0259 su ax\u0131n\u0131na n\u0259zar\u0259t etm\u0259y\u0259 k\u00f6m\u0259k edir v\u0259 d\u0259ml\u0259m\u0259 \u00fc\u00e7\u00fcn t\u0259l\u0259b olunandan \u00e7ox su t\u00f6kd\u00fcy\u00fcn\u00fcz halda laz\u0131md\u0131r. Huninin daxili s\u0259thind\u0259 q\u0259hv\u0259 d\u0259ml\u0259y\u0259rk\u0259n huni i\u00e7\u0259risind\u0259 suyun hamar axmas\u0131 \u00fc\u00e7\u00fcn iki s\u0131ra qab\u0131r\u011fa v\u0259 yivl\u0259r var, buna g\u00f6r\u0259 d\u0259 q\u0259hv\u0259nin h\u0259ddind\u0259n art\u0131q \u00e7\u0131xar\u0131lmas\u0131ndan narahat olmaq laz\u0131m deyil: su n\u0259 \u00e7ox yava\u015f, n\u0259 d\u0259 \u00e7ox s\u00fcr\u0259tli ax\u0131r. . Crystal Eye Dripper g\u00f6z\u0259l h\u0259diyy\u0259 qutusunda g\u0259lir  H\u0259cm: 1-4 fincan  \u0130stehsal\u00e7\u0131: Timemore \u0130stehsal\u00e7\u0131 haqq\u0131nda:  Timemore 2012-ci ild\u0259 t\u0259sis edilib v\u0259 haz\u0131rda o, q\u0259hv\u0259 s\u0259nayesi \u00fc\u00e7\u00fcn orijinal aksessuarlar v\u0259 avadanl\u0131qlar\u0131n haz\u0131rlanmas\u0131 v\u0259 istehsal\u0131 \u00fczr\u0259 ixtisasla\u015f\u0131b. \u015eirk\u0259t insanlara h\u0259yatdan h\u0259zz alma\u011fa v\u0259 q\u0259hv\u0259nin haz\u0131rlanmas\u0131nda \u00f6z-\u00f6z\u00fcn\u0259 i\u015ftirakdan h\u0259zz alma\u011fa imkan ver\u0259n qiym\u0259tli q\u0259hv\u0259 aksesuarlar\u0131 yaratmaq \u00fc\u00e7\u00fcn \u201cpe\u015f\u0259karl\u0131q + estetika\u201d dizayn konsepsiyas\u0131ndan istifad\u0259 edir.","og_url":"https:\/\/coffeerica.az\/ru\/product\/timemore-crystal-eye-plastic-dripper-02-pc\/","og_site_name":"Cofferica Coffee Roasters","article_modified_time":"2024-10-18T13:12:38+00:00","og_image":[{"width":556,"height":556,"url":"https:\/\/coffeerica.az\/wp-content\/uploads\/2022\/03\/otherpicture320200710132721.webp","type":"image\/webp"}],"twitter_card":"summary_large_image","twitter_misc":{"\u041f\u0440\u0438\u043c\u0435\u0440\u043d\u043e\u0435 \u0432\u0440\u0435\u043c\u044f \u0434\u043b\u044f \u0447\u0442\u0435\u043d\u0438\u044f":"1 \u043c\u0438\u043d\u0443\u0442\u0430"},"schema":{"@context":"https:\/\/schema.org","@graph":[{"@type":"WebPage","@id":"https:\/\/coffeerica.az\/ru\/product\/timemore-crystal-eye-plastic-dripper-02-pc\/","url":"https:\/\/coffeerica.az\/ru\/product\/timemore-crystal-eye-plastic-dripper-02-pc\/","name":"Timemore Crystal Eye Plastic Dripper 02 PC - Cofferica Coffee Roasters","isPartOf":{"@id":"https:\/\/coffeerica.az\/ru\/#website"},"primaryImageOfPage":{"@id":"https:\/\/coffeerica.az\/ru\/product\/timemore-crystal-eye-plastic-dripper-02-pc\/#primaryimage"},"image":{"@id":"https:\/\/coffeerica.az\/ru\/product\/timemore-crystal-eye-plastic-dripper-02-pc\/#primaryimage"},"thumbnailUrl":"https:\/\/coffeerica.az\/wp-content\/uploads\/2022\/03\/otherpicture320200710132721.webp","datePublished":"2022-03-23T13:11:59+00:00","dateModified":"2024-10-18T13:12:38+00:00","breadcrumb":{"@id":"https:\/\/coffeerica.az\/ru\/product\/timemore-crystal-eye-plastic-dripper-02-pc\/#breadcrumb"},"inLanguage":"ru-RU","potentialAction":[{"@type":"ReadAction","target":["https:\/\/coffeerica.az\/ru\/product\/timemore-crystal-eye-plastic-dripper-02-pc\/"]}]},{"@type":"ImageObject","inLanguage":"ru-RU","@id":"https:\/\/coffeerica.az\/ru\/product\/timemore-crystal-eye-plastic-dripper-02-pc\/#primaryimage","url":"https:\/\/coffeerica.az\/wp-content\/uploads\/2022\/03\/otherpicture320200710132721.webp","contentUrl":"https:\/\/coffeerica.az\/wp-content\/uploads\/2022\/03\/otherpicture320200710132721.webp","width":556,"height":556},{"@type":"BreadcrumbList","@id":"https:\/\/coffeerica.az\/ru\/product\/timemore-crystal-eye-plastic-dripper-02-pc\/#breadcrumb","itemListElement":[{"@type":"ListItem","position":1,"name":"Home","item":"https:\/\/coffeerica.az\/ru\/"},{"@type":"ListItem","position":2,"name":"\u041c\u0430\u0433\u0430\u0437\u0438\u043d","item":"https:\/\/coffeerica.az\/ru\/%d0%bc%d0%b0%d0%b3%d0%b0%d0%b7%d0%b8%d0%bd\/"},{"@type":"ListItem","position":3,"name":"Timemore Crystal Eye Plastic Dripper 02 PC"}]},{"@type":"WebSite","@id":"https:\/\/coffeerica.az\/ru\/#website","url":"https:\/\/coffeerica.az\/ru\/","name":"Cofferica Coffee Roasters","description":"","publisher":{"@id":"https:\/\/coffeerica.az\/ru\/#organization"},"potentialAction":[{"@type":"SearchAction","target":{"@type":"EntryPoint","urlTemplate":"https:\/\/coffeerica.az\/ru\/?s={search_term_string}"},"query-input":{"@type":"PropertyValueSpecification","valueRequired":true,"valueName":"search_term_string"}}],"inLanguage":"ru-RU"},{"@type":"Organization","@id":"https:\/\/coffeerica.az\/ru\/#organization","name":"Cofferica Coffee Roasters","url":"https:\/\/coffeerica.az\/ru\/","logo":{"@type":"ImageObject","inLanguage":"ru-RU","@id":"https:\/\/coffeerica.az\/ru\/#\/schema\/logo\/image\/","url":"https:\/\/cofferica.com\/wp-content\/uploads\/2022\/02\/Asset-3.png","contentUrl":"https:\/\/cofferica.com\/wp-content\/uploads\/2022\/02\/Asset-3.png","width":298,"height":225,"caption":"Cofferica Coffee Roasters"},"image":{"@id":"https:\/\/coffeerica.az\/ru\/#\/schema\/logo\/image\/"},"sameAs":["https:\/\/www.instagram.com\/cofferica_roasters\/","https:\/\/tr.pinterest.com\/cofferica\/"]}]}},"_links":{"self":[{"href":"https:\/\/coffeerica.az\/ru\/wp-json\/wp\/v2\/product\/17413","targetHints":{"allow":["GET"]}}],"collection":[{"href":"https:\/\/coffeerica.az\/ru\/wp-json\/wp\/v2\/product"}],"about":[{"href":"https:\/\/coffeerica.az\/ru\/wp-json\/wp\/v2\/types\/product"}],"version-history":[{"count":0,"href":"https:\/\/coffeerica.az\/ru\/wp-json\/wp\/v2\/product\/17413\/revisions"}],"wp:featuredmedia":[{"embeddable":true,"href":"https:\/\/coffeerica.az\/ru\/wp-json\/wp\/v2\/media\/17412"}],"wp:attachment":[{"href":"https:\/\/coffeerica.az\/ru\/wp-json\/wp\/v2\/media?parent=17413"}],"wp:term":[{"taxonomy":"product_brand","embeddable":true,"href":"https:\/\/coffeerica.az\/ru\/wp-json\/wp\/v2\/product_brand?post=17413"},{"taxonomy":"product_cat","embeddable":true,"href":"https:\/\/coffeerica.az\/ru\/wp-json\/wp\/v2\/product_cat?post=17413"},{"taxonomy":"product_tag","embeddable":true,"href":"https:\/\/coffeerica.az\/ru\/wp-json\/wp\/v2\/product_tag?post=17413"}],"curies":[{"name":"wp","href":"https:\/\/api.w.org\/{rel}","templated":true}]}}