{"id":29340,"date":"2024-04-23T13:57:00","date_gmt":"2024-04-23T09:57:00","guid":{"rendered":"https:\/\/cofferica.com\/product\/bravilor-bonamat-novo\/"},"modified":"2025-05-26T09:46:37","modified_gmt":"2025-05-26T05:46:37","slug":"bravilor-bonamat-novo","status":"publish","type":"product","link":"https:\/\/coffeerica.az\/ru\/product\/bravilor-bonamat-novo\/","title":{"rendered":"Bravilor Bonamat Novo"},"content":{"rendered":"","protected":false},"excerpt":{"rendered":"<p>Bravilor Bonamat Mondo s\u00fcz\u00fclm\u00fc\u015f q\u0259hv\u0259 haz\u0131rlamaq \u00fc\u00e7\u00fcn ia\u015f\u0259 v\u0259 p\u0259rak\u0259nd\u0259 sat\u0131\u015f m\u00fc\u0259ssis\u0259l\u0259rind\u0259 istifad\u0259 olunur. Model q\u0259hv\u0259 d\u0259ml\u0259m\u0259 sistemi, q\u0259hv\u0259nin optimal temperaturunu saxlayan 2 t\u0259nziml\u0259y\u0259n alt q\u0131zd\u0131r\u0131c\u0131 l\u00f6vh\u0259, q\u0259hv\u0259 haz\u0131rl\u0131\u011f\u0131 v\u0259 kire\u00e7 t\u0259mizl\u0259m\u0259 g\u00f6st\u0259ricil\u0259ri il\u0259 t\u0259chiz edilmi\u015fdir. Korpus y\u00fcks\u0259k keyfiyy\u0259tli paslanmayan poladdan, qara hiss\u0259l\u0259r sintetik materiallardan haz\u0131rlan\u0131b.\u00a0 \u015e\u00fc\u015f\u0259 qrafin v\u0259 paslanmayan polad filtr tutaca\u011f\u0131 daxildir.<\/p>\n<p>Bravilor Bonamat Novo isti i\u00e7kil\u0259r haz\u0131rlamaq \u00fc\u00e7\u00fcn ma\u015f\u0131n<\/p>\n<p>X\u00fcsusiyy\u0259tl\u0259r:<\/p>\n<p>\u2022 \u0130stehsal\u00e7\u0131: Bravilor Bonamat<br \/>\n\u2022 Saatda tutum: 144 fincan (18 l)<br \/>\n\u2022 Haz\u0131rlanma m\u00fcdd\u0259ti: 5 d\u0259qiq\u0259\/1 st\u0259kan<br \/>\n\u2022 (12 st\u0259kan)<br \/>\n\u2022 \u00d6z\u00fcn\u00fc t\u0259nziml\u0259y\u0259n q\u0131zd\u0131r\u0131c\u0131lar: 2 \u0259d\u0259d.<br \/>\n\u2022 Enerji t\u0259chizat\u0131: 230V~ 50\/60Hz 2310W<br \/>\n\u2022 \u00d6l\u00e7\u00fcl\u0259r (GxDxH): 214x391x424 mm<br \/>\n\u2022 Korpus material\u0131: Paslanmayan polad<\/p>\n","protected":false},"featured_media":29337,"template":"","meta":[],"product_brand":[402],"product_cat":[279],"product_tag":[],"class_list":{"0":"post-29340","1":"product","2":"type-product","3":"status-publish","4":"has-post-thumbnail","6":"product_brand-bravilor-bonamat-ru","7":"product_cat-279","9":"first","10":"outofstock","11":"shipping-taxable","12":"purchasable","13":"product-type-simple"},"yoast_head":"<!-- This site is optimized with the Yoast SEO plugin v24.9 - https:\/\/yoast.com\/wordpress\/plugins\/seo\/ -->\n<title>Bravilor Bonamat Novo - Cofferica Coffee Roasters<\/title>\n<meta name=\"robots\" content=\"index, follow, max-snippet:-1, max-image-preview:large, max-video-preview:-1\" \/>\n<link rel=\"canonical\" href=\"https:\/\/coffeerica.az\/ru\/product\/bravilor-bonamat-novo\/\" \/>\n<meta property=\"og:locale\" content=\"ru_RU\" \/>\n<meta property=\"og:type\" content=\"article\" \/>\n<meta property=\"og:title\" content=\"Bravilor Bonamat Novo - Cofferica Coffee Roasters\" \/>\n<meta property=\"og:description\" content=\"Bravilor Bonamat Mondo s\u00fcz\u00fclm\u00fc\u015f q\u0259hv\u0259 haz\u0131rlamaq \u00fc\u00e7\u00fcn ia\u015f\u0259 v\u0259 p\u0259rak\u0259nd\u0259 sat\u0131\u015f m\u00fc\u0259ssis\u0259l\u0259rind\u0259 istifad\u0259 olunur. Model q\u0259hv\u0259 d\u0259ml\u0259m\u0259 sistemi, q\u0259hv\u0259nin optimal temperaturunu saxlayan 2 t\u0259nziml\u0259y\u0259n alt q\u0131zd\u0131r\u0131c\u0131 l\u00f6vh\u0259, q\u0259hv\u0259 haz\u0131rl\u0131\u011f\u0131 v\u0259 kire\u00e7 t\u0259mizl\u0259m\u0259 g\u00f6st\u0259ricil\u0259ri il\u0259 t\u0259chiz edilmi\u015fdir. Korpus y\u00fcks\u0259k keyfiyy\u0259tli paslanmayan poladdan, qara hiss\u0259l\u0259r sintetik materiallardan haz\u0131rlan\u0131b.\u00a0 \u015e\u00fc\u015f\u0259 qrafin v\u0259 paslanmayan polad filtr tutaca\u011f\u0131 daxildir.  Bravilor Bonamat Novo isti i\u00e7kil\u0259r haz\u0131rlamaq \u00fc\u00e7\u00fcn ma\u015f\u0131n  X\u00fcsusiyy\u0259tl\u0259r:  \u2022 \u0130stehsal\u00e7\u0131: Bravilor Bonamat \u2022 Saatda tutum: 144 fincan (18 l) \u2022 Haz\u0131rlanma m\u00fcdd\u0259ti: 5 d\u0259qiq\u0259\/1 st\u0259kan \u2022 (12 st\u0259kan) \u2022 \u00d6z\u00fcn\u00fc t\u0259nziml\u0259y\u0259n q\u0131zd\u0131r\u0131c\u0131lar: 2 \u0259d\u0259d. \u2022 Enerji t\u0259chizat\u0131: 230V~ 50\/60Hz 2310W \u2022 \u00d6l\u00e7\u00fcl\u0259r (GxDxH): 214x391x424 mm \u2022 Korpus material\u0131: Paslanmayan polad\" \/>\n<meta property=\"og:url\" content=\"https:\/\/coffeerica.az\/ru\/product\/bravilor-bonamat-novo\/\" \/>\n<meta property=\"og:site_name\" content=\"Cofferica Coffee Roasters\" \/>\n<meta property=\"article:modified_time\" content=\"2025-05-26T05:46:37+00:00\" \/>\n<meta property=\"og:image\" content=\"https:\/\/coffeerica.az\/wp-content\/uploads\/2024\/04\/novo-filtre-kahve-makinesi-filtre-kahve-makineleri-bravilor-bonamat-53110-93-B.jpg\" \/>\n\t<meta property=\"og:image:width\" content=\"800\" \/>\n\t<meta property=\"og:image:height\" content=\"800\" \/>\n\t<meta property=\"og:image:type\" content=\"image\/jpeg\" \/>\n<meta name=\"twitter:card\" content=\"summary_large_image\" \/>\n<meta name=\"twitter:label1\" content=\"\u041f\u0440\u0438\u043c\u0435\u0440\u043d\u043e\u0435 \u0432\u0440\u0435\u043c\u044f \u0434\u043b\u044f \u0447\u0442\u0435\u043d\u0438\u044f\" \/>\n\t<meta name=\"twitter:data1\" content=\"1 \u043c\u0438\u043d\u0443\u0442\u0430\" \/>\n<script type=\"application\/ld+json\" class=\"yoast-schema-graph\">{\"@context\":\"https:\/\/schema.org\",\"@graph\":[{\"@type\":\"WebPage\",\"@id\":\"https:\/\/coffeerica.az\/ru\/product\/bravilor-bonamat-novo\/\",\"url\":\"https:\/\/coffeerica.az\/ru\/product\/bravilor-bonamat-novo\/\",\"name\":\"Bravilor Bonamat Novo - Cofferica Coffee Roasters\",\"isPartOf\":{\"@id\":\"https:\/\/coffeerica.az\/ru\/#website\"},\"primaryImageOfPage\":{\"@id\":\"https:\/\/coffeerica.az\/ru\/product\/bravilor-bonamat-novo\/#primaryimage\"},\"image\":{\"@id\":\"https:\/\/coffeerica.az\/ru\/product\/bravilor-bonamat-novo\/#primaryimage\"},\"thumbnailUrl\":\"https:\/\/coffeerica.az\/wp-content\/uploads\/2024\/04\/novo-filtre-kahve-makinesi-filtre-kahve-makineleri-bravilor-bonamat-53110-93-B.jpg\",\"datePublished\":\"2024-04-23T09:57:00+00:00\",\"dateModified\":\"2025-05-26T05:46:37+00:00\",\"breadcrumb\":{\"@id\":\"https:\/\/coffeerica.az\/ru\/product\/bravilor-bonamat-novo\/#breadcrumb\"},\"inLanguage\":\"ru-RU\",\"potentialAction\":[{\"@type\":\"ReadAction\",\"target\":[\"https:\/\/coffeerica.az\/ru\/product\/bravilor-bonamat-novo\/\"]}]},{\"@type\":\"ImageObject\",\"inLanguage\":\"ru-RU\",\"@id\":\"https:\/\/coffeerica.az\/ru\/product\/bravilor-bonamat-novo\/#primaryimage\",\"url\":\"https:\/\/coffeerica.az\/wp-content\/uploads\/2024\/04\/novo-filtre-kahve-makinesi-filtre-kahve-makineleri-bravilor-bonamat-53110-93-B.jpg\",\"contentUrl\":\"https:\/\/coffeerica.az\/wp-content\/uploads\/2024\/04\/novo-filtre-kahve-makinesi-filtre-kahve-makineleri-bravilor-bonamat-53110-93-B.jpg\",\"width\":800,\"height\":800},{\"@type\":\"BreadcrumbList\",\"@id\":\"https:\/\/coffeerica.az\/ru\/product\/bravilor-bonamat-novo\/#breadcrumb\",\"itemListElement\":[{\"@type\":\"ListItem\",\"position\":1,\"name\":\"Home\",\"item\":\"https:\/\/coffeerica.az\/ru\/\"},{\"@type\":\"ListItem\",\"position\":2,\"name\":\"\u041c\u0430\u0433\u0430\u0437\u0438\u043d\",\"item\":\"https:\/\/coffeerica.az\/ru\/%d0%bc%d0%b0%d0%b3%d0%b0%d0%b7%d0%b8%d0%bd\/\"},{\"@type\":\"ListItem\",\"position\":3,\"name\":\"Bravilor Bonamat Novo\"}]},{\"@type\":\"WebSite\",\"@id\":\"https:\/\/coffeerica.az\/ru\/#website\",\"url\":\"https:\/\/coffeerica.az\/ru\/\",\"name\":\"Cofferica Coffee Roasters\",\"description\":\"\",\"publisher\":{\"@id\":\"https:\/\/coffeerica.az\/ru\/#organization\"},\"potentialAction\":[{\"@type\":\"SearchAction\",\"target\":{\"@type\":\"EntryPoint\",\"urlTemplate\":\"https:\/\/coffeerica.az\/ru\/?s={search_term_string}\"},\"query-input\":{\"@type\":\"PropertyValueSpecification\",\"valueRequired\":true,\"valueName\":\"search_term_string\"}}],\"inLanguage\":\"ru-RU\"},{\"@type\":\"Organization\",\"@id\":\"https:\/\/coffeerica.az\/ru\/#organization\",\"name\":\"Cofferica Coffee Roasters\",\"url\":\"https:\/\/coffeerica.az\/ru\/\",\"logo\":{\"@type\":\"ImageObject\",\"inLanguage\":\"ru-RU\",\"@id\":\"https:\/\/coffeerica.az\/ru\/#\/schema\/logo\/image\/\",\"url\":\"https:\/\/cofferica.com\/wp-content\/uploads\/2022\/02\/Asset-3.png\",\"contentUrl\":\"https:\/\/cofferica.com\/wp-content\/uploads\/2022\/02\/Asset-3.png\",\"width\":298,\"height\":225,\"caption\":\"Cofferica Coffee Roasters\"},\"image\":{\"@id\":\"https:\/\/coffeerica.az\/ru\/#\/schema\/logo\/image\/\"},\"sameAs\":[\"https:\/\/www.instagram.com\/cofferica_roasters\/\",\"https:\/\/tr.pinterest.com\/cofferica\/\"]}]}<\/script>\n<!-- \/ Yoast SEO plugin. -->","yoast_head_json":{"title":"Bravilor Bonamat Novo - Cofferica Coffee Roasters","robots":{"index":"index","follow":"follow","max-snippet":"max-snippet:-1","max-image-preview":"max-image-preview:large","max-video-preview":"max-video-preview:-1"},"canonical":"https:\/\/coffeerica.az\/ru\/product\/bravilor-bonamat-novo\/","og_locale":"ru_RU","og_type":"article","og_title":"Bravilor Bonamat Novo - Cofferica Coffee Roasters","og_description":"Bravilor Bonamat Mondo s\u00fcz\u00fclm\u00fc\u015f q\u0259hv\u0259 haz\u0131rlamaq \u00fc\u00e7\u00fcn ia\u015f\u0259 v\u0259 p\u0259rak\u0259nd\u0259 sat\u0131\u015f m\u00fc\u0259ssis\u0259l\u0259rind\u0259 istifad\u0259 olunur. Model q\u0259hv\u0259 d\u0259ml\u0259m\u0259 sistemi, q\u0259hv\u0259nin optimal temperaturunu saxlayan 2 t\u0259nziml\u0259y\u0259n alt q\u0131zd\u0131r\u0131c\u0131 l\u00f6vh\u0259, q\u0259hv\u0259 haz\u0131rl\u0131\u011f\u0131 v\u0259 kire\u00e7 t\u0259mizl\u0259m\u0259 g\u00f6st\u0259ricil\u0259ri il\u0259 t\u0259chiz edilmi\u015fdir. Korpus y\u00fcks\u0259k keyfiyy\u0259tli paslanmayan poladdan, qara hiss\u0259l\u0259r sintetik materiallardan haz\u0131rlan\u0131b.\u00a0 \u015e\u00fc\u015f\u0259 qrafin v\u0259 paslanmayan polad filtr tutaca\u011f\u0131 daxildir.  Bravilor Bonamat Novo isti i\u00e7kil\u0259r haz\u0131rlamaq \u00fc\u00e7\u00fcn ma\u015f\u0131n  X\u00fcsusiyy\u0259tl\u0259r:  \u2022 \u0130stehsal\u00e7\u0131: Bravilor Bonamat \u2022 Saatda tutum: 144 fincan (18 l) \u2022 Haz\u0131rlanma m\u00fcdd\u0259ti: 5 d\u0259qiq\u0259\/1 st\u0259kan \u2022 (12 st\u0259kan) \u2022 \u00d6z\u00fcn\u00fc t\u0259nziml\u0259y\u0259n q\u0131zd\u0131r\u0131c\u0131lar: 2 \u0259d\u0259d. \u2022 Enerji t\u0259chizat\u0131: 230V~ 50\/60Hz 2310W \u2022 \u00d6l\u00e7\u00fcl\u0259r (GxDxH): 214x391x424 mm \u2022 Korpus material\u0131: Paslanmayan polad","og_url":"https:\/\/coffeerica.az\/ru\/product\/bravilor-bonamat-novo\/","og_site_name":"Cofferica Coffee Roasters","article_modified_time":"2025-05-26T05:46:37+00:00","og_image":[{"width":800,"height":800,"url":"https:\/\/coffeerica.az\/wp-content\/uploads\/2024\/04\/novo-filtre-kahve-makinesi-filtre-kahve-makineleri-bravilor-bonamat-53110-93-B.jpg","type":"image\/jpeg"}],"twitter_card":"summary_large_image","twitter_misc":{"\u041f\u0440\u0438\u043c\u0435\u0440\u043d\u043e\u0435 \u0432\u0440\u0435\u043c\u044f \u0434\u043b\u044f \u0447\u0442\u0435\u043d\u0438\u044f":"1 \u043c\u0438\u043d\u0443\u0442\u0430"},"schema":{"@context":"https:\/\/schema.org","@graph":[{"@type":"WebPage","@id":"https:\/\/coffeerica.az\/ru\/product\/bravilor-bonamat-novo\/","url":"https:\/\/coffeerica.az\/ru\/product\/bravilor-bonamat-novo\/","name":"Bravilor Bonamat Novo - Cofferica Coffee Roasters","isPartOf":{"@id":"https:\/\/coffeerica.az\/ru\/#website"},"primaryImageOfPage":{"@id":"https:\/\/coffeerica.az\/ru\/product\/bravilor-bonamat-novo\/#primaryimage"},"image":{"@id":"https:\/\/coffeerica.az\/ru\/product\/bravilor-bonamat-novo\/#primaryimage"},"thumbnailUrl":"https:\/\/coffeerica.az\/wp-content\/uploads\/2024\/04\/novo-filtre-kahve-makinesi-filtre-kahve-makineleri-bravilor-bonamat-53110-93-B.jpg","datePublished":"2024-04-23T09:57:00+00:00","dateModified":"2025-05-26T05:46:37+00:00","breadcrumb":{"@id":"https:\/\/coffeerica.az\/ru\/product\/bravilor-bonamat-novo\/#breadcrumb"},"inLanguage":"ru-RU","potentialAction":[{"@type":"ReadAction","target":["https:\/\/coffeerica.az\/ru\/product\/bravilor-bonamat-novo\/"]}]},{"@type":"ImageObject","inLanguage":"ru-RU","@id":"https:\/\/coffeerica.az\/ru\/product\/bravilor-bonamat-novo\/#primaryimage","url":"https:\/\/coffeerica.az\/wp-content\/uploads\/2024\/04\/novo-filtre-kahve-makinesi-filtre-kahve-makineleri-bravilor-bonamat-53110-93-B.jpg","contentUrl":"https:\/\/coffeerica.az\/wp-content\/uploads\/2024\/04\/novo-filtre-kahve-makinesi-filtre-kahve-makineleri-bravilor-bonamat-53110-93-B.jpg","width":800,"height":800},{"@type":"BreadcrumbList","@id":"https:\/\/coffeerica.az\/ru\/product\/bravilor-bonamat-novo\/#breadcrumb","itemListElement":[{"@type":"ListItem","position":1,"name":"Home","item":"https:\/\/coffeerica.az\/ru\/"},{"@type":"ListItem","position":2,"name":"\u041c\u0430\u0433\u0430\u0437\u0438\u043d","item":"https:\/\/coffeerica.az\/ru\/%d0%bc%d0%b0%d0%b3%d0%b0%d0%b7%d0%b8%d0%bd\/"},{"@type":"ListItem","position":3,"name":"Bravilor Bonamat Novo"}]},{"@type":"WebSite","@id":"https:\/\/coffeerica.az\/ru\/#website","url":"https:\/\/coffeerica.az\/ru\/","name":"Cofferica Coffee Roasters","description":"","publisher":{"@id":"https:\/\/coffeerica.az\/ru\/#organization"},"potentialAction":[{"@type":"SearchAction","target":{"@type":"EntryPoint","urlTemplate":"https:\/\/coffeerica.az\/ru\/?s={search_term_string}"},"query-input":{"@type":"PropertyValueSpecification","valueRequired":true,"valueName":"search_term_string"}}],"inLanguage":"ru-RU"},{"@type":"Organization","@id":"https:\/\/coffeerica.az\/ru\/#organization","name":"Cofferica Coffee Roasters","url":"https:\/\/coffeerica.az\/ru\/","logo":{"@type":"ImageObject","inLanguage":"ru-RU","@id":"https:\/\/coffeerica.az\/ru\/#\/schema\/logo\/image\/","url":"https:\/\/cofferica.com\/wp-content\/uploads\/2022\/02\/Asset-3.png","contentUrl":"https:\/\/cofferica.com\/wp-content\/uploads\/2022\/02\/Asset-3.png","width":298,"height":225,"caption":"Cofferica Coffee Roasters"},"image":{"@id":"https:\/\/coffeerica.az\/ru\/#\/schema\/logo\/image\/"},"sameAs":["https:\/\/www.instagram.com\/cofferica_roasters\/","https:\/\/tr.pinterest.com\/cofferica\/"]}]}},"_links":{"self":[{"href":"https:\/\/coffeerica.az\/ru\/wp-json\/wp\/v2\/product\/29340","targetHints":{"allow":["GET"]}}],"collection":[{"href":"https:\/\/coffeerica.az\/ru\/wp-json\/wp\/v2\/product"}],"about":[{"href":"https:\/\/coffeerica.az\/ru\/wp-json\/wp\/v2\/types\/product"}],"version-history":[{"count":1,"href":"https:\/\/coffeerica.az\/ru\/wp-json\/wp\/v2\/product\/29340\/revisions"}],"predecessor-version":[{"id":34271,"href":"https:\/\/coffeerica.az\/ru\/wp-json\/wp\/v2\/product\/29340\/revisions\/34271"}],"wp:featuredmedia":[{"embeddable":true,"href":"https:\/\/coffeerica.az\/ru\/wp-json\/wp\/v2\/media\/29337"}],"wp:attachment":[{"href":"https:\/\/coffeerica.az\/ru\/wp-json\/wp\/v2\/media?parent=29340"}],"wp:term":[{"taxonomy":"product_brand","embeddable":true,"href":"https:\/\/coffeerica.az\/ru\/wp-json\/wp\/v2\/product_brand?post=29340"},{"taxonomy":"product_cat","embeddable":true,"href":"https:\/\/coffeerica.az\/ru\/wp-json\/wp\/v2\/product_cat?post=29340"},{"taxonomy":"product_tag","embeddable":true,"href":"https:\/\/coffeerica.az\/ru\/wp-json\/wp\/v2\/product_tag?post=29340"}],"curies":[{"name":"wp","href":"https:\/\/api.w.org\/{rel}","templated":true}]}}