{"id":31922,"date":"2024-10-31T12:51:35","date_gmt":"2024-10-31T08:51:35","guid":{"rendered":"https:\/\/cofferica.com\/?post_type=product&#038;p=31922"},"modified":"2026-02-02T17:14:53","modified_gmt":"2026-02-02T13:14:53","slug":"saeco-magic-m2","status":"publish","type":"product","link":"https:\/\/coffeerica.az\/ru\/product\/saeco-magic-m2\/","title":{"rendered":"Saeco Magic M2"},"content":{"rendered":"","protected":false},"excerpt":{"rendered":"<p>SAECO Magic M2 \u2014 ofisl\u0259r v\u0259 ki\u00e7ik m\u00fc\u0259ssis\u0259l\u0259r \u00fc\u00e7\u00fcn n\u0259z\u0259rd\u0259 tutulmu\u015f, q\u0259hv\u0259 haz\u0131rlamaq \u00fc\u00e7\u00fcn y\u00fcks\u0259k keyfiyy\u0259t v\u0259 istifad\u0259nin sad\u0259liyini birl\u0259\u015fdir\u0259n avtomatik q\u0259hv\u0259 aparat\u0131d\u0131r. \u018fsas x\u00fcsusiyy\u0259tl\u0259ri v\u0259 \u00fcst\u00fcnl\u00fckl\u0259ri:<br \/>\nY\u00fcks\u0259k m\u0259hsuldarl\u0131q: G\u00fccl\u00fc v\u0259 etibarl\u0131 SAECO Magic M2 y\u00fcks\u0259k y\u00fckl\u0259nm\u0259 il\u0259 i\u015fl\u0259y\u0259 bilir v\u0259 ard-arda bir ne\u00e7\u0259 fincan q\u0259hv\u0259 haz\u0131rlamaq qabiliyy\u0259tin\u0259 malikdir, bu da ofisl\u0259r \u00fc\u00e7\u00fcn ideald\u0131r.<br \/>\n\u0130nteraktiv idar\u0259etm\u0259: R\u0259ngli sensorlu displey i\u00e7kil\u0259rin t\u0259nziml\u0259nm\u0259sini v\u0259 aparata n\u0259zar\u0259ti asanla\u015fd\u0131r\u0131r, reseptl\u0259ri tez se\u00e7m\u0259y\u0259 v\u0259 parametrl\u0259ri t\u0259nziml\u0259m\u0259y\u0259 imkan verir.<br \/>\nAvtomatik kapu\u00e7inator: Kapu\u00e7ino v\u0259 latte kimi s\u00fcd i\u00e7kil\u0259rini t\u0259k toxunu\u015fla haz\u0131rlayan sisteml\u0259 t\u0259chiz edilmi\u015fdir. Kapu\u00e7inator s\u0131x v\u0259 m\u0259xm\u0259ri k\u00f6p\u00fck yarad\u0131r v\u0259 ideal s\u00fcd i\u00e7kil\u0259ri \u00fc\u00e7\u00fcn uy\u011fundur.<br \/>\nKeramika d\u0259yirman\u0131: Daxili keramika d\u0259yirman\u0131 m\u00fcxt\u0259lif i\u00e7ki n\u00f6vl\u0259ri \u00fc\u00e7\u00fcn t\u0259nziml\u0259n\u0259 bil\u0259n b\u0259rab\u0259r \u00fcy\u00fcd\u00fclm\u0259 t\u0259min edir.<br \/>\nProqramla\u015fd\u0131r\u0131la bil\u0259n i\u00e7ki parametrl\u0259ri: \u0130\u00e7kil\u0259rin h\u0259cmi, temperaturu v\u0259 g\u00fcc\u00fcn\u00fc f\u0259rdi z\u00f6vq\u0259 uy\u011funla\u015fd\u0131rmaq m\u00fcmk\u00fcnd\u00fcr.<br \/>\nAvtomatik t\u0259mizl\u0259m\u0259 funksiyalar\u0131: Avtomatik t\u0259mizl\u0259m\u0259 v\u0259 kalsiumdan t\u0259mizl\u0259m\u0259 proqramlar\u0131 aparata qulluq etm\u0259yi asanla\u015fd\u0131r\u0131r v\u0259 onun xidm\u0259t m\u00fcdd\u0259tini art\u0131r\u0131r.<br \/>\nKompakt v\u0259 m\u00fcasir dizayn: Q\u0259hv\u0259 aparat\u0131 m\u00fcasir v\u0259 kompakt dizayna malikdir, bu da onun ist\u0259nil\u0259n interyer\u0259 uy\u011funla\u015fmas\u0131n\u0131 t\u0259min edir.<\/p>\n<p>Texniki x\u00fcsusiyy\u0259tl\u0259r:<br \/>\n\u2022\t\u00d6lk\u0259: \u0130taliya<br \/>\n\u2022\tSu konteyner: 4 l<br \/>\n\u2022\tG\u00fcc: 1900 Vt<br \/>\n\u2022\tG\u0259rginlik: 230 V<br \/>\n\u2022\tQ\u0259hv\u0259 konteynerinin h\u0259cmi: 1200 qr<br \/>\n\u2022\t\u00d6l\u00e7\u00fcl\u0259r: 280 x 470 x 481 mm<br \/>\n\u2022\t\u00c7\u0259ki: 4.8 kg &#8212; 15.3 kg (M2+ version)<\/p>\n<p>SAECO Magic M2 \u2014 y\u00fcks\u0259k keyfiyy\u0259tli q\u0259hv\u0259 v\u0259 sad\u0259 idar\u0259etm\u0259ni qiym\u0259tl\u0259ndir\u0259nl\u0259r \u00fc\u00e7\u00fcn rahat v\u0259 universal h\u0259ll olub, espresso, kapu\u00e7ino v\u0259 dig\u0259r i\u00e7kil\u0259ri pe\u015f\u0259kar s\u0259viyy\u0259d\u0259 haz\u0131rlama\u011f\u0131 t\u0259min edir.<\/p>\n","protected":false},"featured_media":31939,"template":"","meta":[],"product_brand":[148],"product_cat":[111],"product_tag":[],"class_list":{"0":"post-31922","1":"product","2":"type-product","3":"status-publish","4":"has-post-thumbnail","6":"product_brand-saeco","7":"product_cat-avtomatik-qhv-aparatlari","9":"first","10":"outofstock","11":"shipping-taxable","12":"purchasable","13":"product-type-simple"},"yoast_head":"<!-- This site is optimized with the Yoast SEO plugin v24.9 - https:\/\/yoast.com\/wordpress\/plugins\/seo\/ -->\n<title>Saeco Magic M2 - Cofferica Coffee Roasters<\/title>\n<meta name=\"robots\" content=\"index, follow, max-snippet:-1, max-image-preview:large, max-video-preview:-1\" \/>\n<link rel=\"canonical\" href=\"https:\/\/coffeerica.az\/ru\/product\/saeco-magic-m2\/\" \/>\n<meta property=\"og:locale\" content=\"ru_RU\" \/>\n<meta property=\"og:type\" content=\"article\" \/>\n<meta property=\"og:title\" content=\"Saeco Magic M2 - Cofferica Coffee Roasters\" \/>\n<meta property=\"og:description\" content=\"SAECO Magic M2 \u2014 ofisl\u0259r v\u0259 ki\u00e7ik m\u00fc\u0259ssis\u0259l\u0259r \u00fc\u00e7\u00fcn n\u0259z\u0259rd\u0259 tutulmu\u015f, q\u0259hv\u0259 haz\u0131rlamaq \u00fc\u00e7\u00fcn y\u00fcks\u0259k keyfiyy\u0259t v\u0259 istifad\u0259nin sad\u0259liyini birl\u0259\u015fdir\u0259n avtomatik q\u0259hv\u0259 aparat\u0131d\u0131r. \u018fsas x\u00fcsusiyy\u0259tl\u0259ri v\u0259 \u00fcst\u00fcnl\u00fckl\u0259ri: Y\u00fcks\u0259k m\u0259hsuldarl\u0131q: G\u00fccl\u00fc v\u0259 etibarl\u0131 SAECO Magic M2 y\u00fcks\u0259k y\u00fckl\u0259nm\u0259 il\u0259 i\u015fl\u0259y\u0259 bilir v\u0259 ard-arda bir ne\u00e7\u0259 fincan q\u0259hv\u0259 haz\u0131rlamaq qabiliyy\u0259tin\u0259 malikdir, bu da ofisl\u0259r \u00fc\u00e7\u00fcn ideald\u0131r. \u0130nteraktiv idar\u0259etm\u0259: R\u0259ngli sensorlu displey i\u00e7kil\u0259rin t\u0259nziml\u0259nm\u0259sini v\u0259 aparata n\u0259zar\u0259ti asanla\u015fd\u0131r\u0131r, reseptl\u0259ri tez se\u00e7m\u0259y\u0259 v\u0259 parametrl\u0259ri t\u0259nziml\u0259m\u0259y\u0259 imkan verir. Avtomatik kapu\u00e7inator: Kapu\u00e7ino v\u0259 latte kimi s\u00fcd i\u00e7kil\u0259rini t\u0259k toxunu\u015fla haz\u0131rlayan sisteml\u0259 t\u0259chiz edilmi\u015fdir. Kapu\u00e7inator s\u0131x v\u0259 m\u0259xm\u0259ri k\u00f6p\u00fck yarad\u0131r v\u0259 ideal s\u00fcd i\u00e7kil\u0259ri \u00fc\u00e7\u00fcn uy\u011fundur. Keramika d\u0259yirman\u0131: Daxili keramika d\u0259yirman\u0131 m\u00fcxt\u0259lif i\u00e7ki n\u00f6vl\u0259ri \u00fc\u00e7\u00fcn t\u0259nziml\u0259n\u0259 bil\u0259n b\u0259rab\u0259r \u00fcy\u00fcd\u00fclm\u0259 t\u0259min edir. Proqramla\u015fd\u0131r\u0131la bil\u0259n i\u00e7ki parametrl\u0259ri: \u0130\u00e7kil\u0259rin h\u0259cmi, temperaturu v\u0259 g\u00fcc\u00fcn\u00fc f\u0259rdi z\u00f6vq\u0259 uy\u011funla\u015fd\u0131rmaq m\u00fcmk\u00fcnd\u00fcr. Avtomatik t\u0259mizl\u0259m\u0259 funksiyalar\u0131: Avtomatik t\u0259mizl\u0259m\u0259 v\u0259 kalsiumdan t\u0259mizl\u0259m\u0259 proqramlar\u0131 aparata qulluq etm\u0259yi asanla\u015fd\u0131r\u0131r v\u0259 onun xidm\u0259t m\u00fcdd\u0259tini art\u0131r\u0131r. Kompakt v\u0259 m\u00fcasir dizayn: Q\u0259hv\u0259 aparat\u0131 m\u00fcasir v\u0259 kompakt dizayna malikdir, bu da onun ist\u0259nil\u0259n interyer\u0259 uy\u011funla\u015fmas\u0131n\u0131 t\u0259min edir.  Texniki x\u00fcsusiyy\u0259tl\u0259r: \u2022 \u00d6lk\u0259: \u0130taliya \u2022 Su konteyner: 4 l \u2022 G\u00fcc: 1900 Vt \u2022 G\u0259rginlik: 230 V \u2022 Q\u0259hv\u0259 konteynerinin h\u0259cmi: 1200 qr \u2022 \u00d6l\u00e7\u00fcl\u0259r: 280 x 470 x 481 mm \u2022 \u00c7\u0259ki: 4.8 kg - 15.3 kg (M2+ version)  SAECO Magic M2 \u2014 y\u00fcks\u0259k keyfiyy\u0259tli q\u0259hv\u0259 v\u0259 sad\u0259 idar\u0259etm\u0259ni qiym\u0259tl\u0259ndir\u0259nl\u0259r \u00fc\u00e7\u00fcn rahat v\u0259 universal h\u0259ll olub, espresso, kapu\u00e7ino v\u0259 dig\u0259r i\u00e7kil\u0259ri pe\u015f\u0259kar s\u0259viyy\u0259d\u0259 haz\u0131rlama\u011f\u0131 t\u0259min edir.\" \/>\n<meta property=\"og:url\" content=\"https:\/\/coffeerica.az\/ru\/product\/saeco-magic-m2\/\" \/>\n<meta property=\"og:site_name\" content=\"Cofferica Coffee Roasters\" \/>\n<meta property=\"article:modified_time\" content=\"2026-02-02T13:14:53+00:00\" \/>\n<meta property=\"og:image\" content=\"https:\/\/coffeerica.az\/wp-content\/uploads\/2024\/10\/\u0414\u0438\u0437\u0430\u0439\u043d-\u0431\u0435\u0437-\u043d\u0430\u0437\u0432\u0430\u043d\u0438\u044f-46.png\" \/>\n\t<meta property=\"og:image:width\" content=\"1080\" \/>\n\t<meta property=\"og:image:height\" content=\"1080\" \/>\n\t<meta property=\"og:image:type\" content=\"image\/png\" \/>\n<meta name=\"twitter:card\" content=\"summary_large_image\" \/>\n<meta name=\"twitter:label1\" content=\"\u041f\u0440\u0438\u043c\u0435\u0440\u043d\u043e\u0435 \u0432\u0440\u0435\u043c\u044f \u0434\u043b\u044f \u0447\u0442\u0435\u043d\u0438\u044f\" \/>\n\t<meta name=\"twitter:data1\" content=\"1 \u043c\u0438\u043d\u0443\u0442\u0430\" \/>\n<script type=\"application\/ld+json\" class=\"yoast-schema-graph\">{\"@context\":\"https:\/\/schema.org\",\"@graph\":[{\"@type\":\"WebPage\",\"@id\":\"https:\/\/coffeerica.az\/ru\/product\/saeco-magic-m2\/\",\"url\":\"https:\/\/coffeerica.az\/ru\/product\/saeco-magic-m2\/\",\"name\":\"Saeco Magic M2 - Cofferica Coffee Roasters\",\"isPartOf\":{\"@id\":\"https:\/\/coffeerica.az\/ru\/#website\"},\"primaryImageOfPage\":{\"@id\":\"https:\/\/coffeerica.az\/ru\/product\/saeco-magic-m2\/#primaryimage\"},\"image\":{\"@id\":\"https:\/\/coffeerica.az\/ru\/product\/saeco-magic-m2\/#primaryimage\"},\"thumbnailUrl\":\"https:\/\/coffeerica.az\/wp-content\/uploads\/2024\/10\/\u0414\u0438\u0437\u0430\u0439\u043d-\u0431\u0435\u0437-\u043d\u0430\u0437\u0432\u0430\u043d\u0438\u044f-46.png\",\"datePublished\":\"2024-10-31T08:51:35+00:00\",\"dateModified\":\"2026-02-02T13:14:53+00:00\",\"breadcrumb\":{\"@id\":\"https:\/\/coffeerica.az\/ru\/product\/saeco-magic-m2\/#breadcrumb\"},\"inLanguage\":\"ru-RU\",\"potentialAction\":[{\"@type\":\"ReadAction\",\"target\":[\"https:\/\/coffeerica.az\/ru\/product\/saeco-magic-m2\/\"]}]},{\"@type\":\"ImageObject\",\"inLanguage\":\"ru-RU\",\"@id\":\"https:\/\/coffeerica.az\/ru\/product\/saeco-magic-m2\/#primaryimage\",\"url\":\"https:\/\/coffeerica.az\/wp-content\/uploads\/2024\/10\/\u0414\u0438\u0437\u0430\u0439\u043d-\u0431\u0435\u0437-\u043d\u0430\u0437\u0432\u0430\u043d\u0438\u044f-46.png\",\"contentUrl\":\"https:\/\/coffeerica.az\/wp-content\/uploads\/2024\/10\/\u0414\u0438\u0437\u0430\u0439\u043d-\u0431\u0435\u0437-\u043d\u0430\u0437\u0432\u0430\u043d\u0438\u044f-46.png\",\"width\":1080,\"height\":1080},{\"@type\":\"BreadcrumbList\",\"@id\":\"https:\/\/coffeerica.az\/ru\/product\/saeco-magic-m2\/#breadcrumb\",\"itemListElement\":[{\"@type\":\"ListItem\",\"position\":1,\"name\":\"Home\",\"item\":\"https:\/\/coffeerica.az\/ru\/\"},{\"@type\":\"ListItem\",\"position\":2,\"name\":\"\u041c\u0430\u0433\u0430\u0437\u0438\u043d\",\"item\":\"https:\/\/coffeerica.az\/ru\/%d0%bc%d0%b0%d0%b3%d0%b0%d0%b7%d0%b8%d0%bd\/\"},{\"@type\":\"ListItem\",\"position\":3,\"name\":\"Saeco Magic M2\"}]},{\"@type\":\"WebSite\",\"@id\":\"https:\/\/coffeerica.az\/ru\/#website\",\"url\":\"https:\/\/coffeerica.az\/ru\/\",\"name\":\"Cofferica Coffee Roasters\",\"description\":\"\",\"publisher\":{\"@id\":\"https:\/\/coffeerica.az\/ru\/#organization\"},\"potentialAction\":[{\"@type\":\"SearchAction\",\"target\":{\"@type\":\"EntryPoint\",\"urlTemplate\":\"https:\/\/coffeerica.az\/ru\/?s={search_term_string}\"},\"query-input\":{\"@type\":\"PropertyValueSpecification\",\"valueRequired\":true,\"valueName\":\"search_term_string\"}}],\"inLanguage\":\"ru-RU\"},{\"@type\":\"Organization\",\"@id\":\"https:\/\/coffeerica.az\/ru\/#organization\",\"name\":\"Cofferica Coffee Roasters\",\"url\":\"https:\/\/coffeerica.az\/ru\/\",\"logo\":{\"@type\":\"ImageObject\",\"inLanguage\":\"ru-RU\",\"@id\":\"https:\/\/coffeerica.az\/ru\/#\/schema\/logo\/image\/\",\"url\":\"https:\/\/cofferica.com\/wp-content\/uploads\/2022\/02\/Asset-3.png\",\"contentUrl\":\"https:\/\/cofferica.com\/wp-content\/uploads\/2022\/02\/Asset-3.png\",\"width\":298,\"height\":225,\"caption\":\"Cofferica Coffee Roasters\"},\"image\":{\"@id\":\"https:\/\/coffeerica.az\/ru\/#\/schema\/logo\/image\/\"},\"sameAs\":[\"https:\/\/www.instagram.com\/cofferica_roasters\/\",\"https:\/\/tr.pinterest.com\/cofferica\/\"]}]}<\/script>\n<!-- \/ Yoast SEO plugin. -->","yoast_head_json":{"title":"Saeco Magic M2 - Cofferica Coffee Roasters","robots":{"index":"index","follow":"follow","max-snippet":"max-snippet:-1","max-image-preview":"max-image-preview:large","max-video-preview":"max-video-preview:-1"},"canonical":"https:\/\/coffeerica.az\/ru\/product\/saeco-magic-m2\/","og_locale":"ru_RU","og_type":"article","og_title":"Saeco Magic M2 - Cofferica Coffee Roasters","og_description":"SAECO Magic M2 \u2014 ofisl\u0259r v\u0259 ki\u00e7ik m\u00fc\u0259ssis\u0259l\u0259r \u00fc\u00e7\u00fcn n\u0259z\u0259rd\u0259 tutulmu\u015f, q\u0259hv\u0259 haz\u0131rlamaq \u00fc\u00e7\u00fcn y\u00fcks\u0259k keyfiyy\u0259t v\u0259 istifad\u0259nin sad\u0259liyini birl\u0259\u015fdir\u0259n avtomatik q\u0259hv\u0259 aparat\u0131d\u0131r. \u018fsas x\u00fcsusiyy\u0259tl\u0259ri v\u0259 \u00fcst\u00fcnl\u00fckl\u0259ri: Y\u00fcks\u0259k m\u0259hsuldarl\u0131q: G\u00fccl\u00fc v\u0259 etibarl\u0131 SAECO Magic M2 y\u00fcks\u0259k y\u00fckl\u0259nm\u0259 il\u0259 i\u015fl\u0259y\u0259 bilir v\u0259 ard-arda bir ne\u00e7\u0259 fincan q\u0259hv\u0259 haz\u0131rlamaq qabiliyy\u0259tin\u0259 malikdir, bu da ofisl\u0259r \u00fc\u00e7\u00fcn ideald\u0131r. \u0130nteraktiv idar\u0259etm\u0259: R\u0259ngli sensorlu displey i\u00e7kil\u0259rin t\u0259nziml\u0259nm\u0259sini v\u0259 aparata n\u0259zar\u0259ti asanla\u015fd\u0131r\u0131r, reseptl\u0259ri tez se\u00e7m\u0259y\u0259 v\u0259 parametrl\u0259ri t\u0259nziml\u0259m\u0259y\u0259 imkan verir. Avtomatik kapu\u00e7inator: Kapu\u00e7ino v\u0259 latte kimi s\u00fcd i\u00e7kil\u0259rini t\u0259k toxunu\u015fla haz\u0131rlayan sisteml\u0259 t\u0259chiz edilmi\u015fdir. Kapu\u00e7inator s\u0131x v\u0259 m\u0259xm\u0259ri k\u00f6p\u00fck yarad\u0131r v\u0259 ideal s\u00fcd i\u00e7kil\u0259ri \u00fc\u00e7\u00fcn uy\u011fundur. Keramika d\u0259yirman\u0131: Daxili keramika d\u0259yirman\u0131 m\u00fcxt\u0259lif i\u00e7ki n\u00f6vl\u0259ri \u00fc\u00e7\u00fcn t\u0259nziml\u0259n\u0259 bil\u0259n b\u0259rab\u0259r \u00fcy\u00fcd\u00fclm\u0259 t\u0259min edir. Proqramla\u015fd\u0131r\u0131la bil\u0259n i\u00e7ki parametrl\u0259ri: \u0130\u00e7kil\u0259rin h\u0259cmi, temperaturu v\u0259 g\u00fcc\u00fcn\u00fc f\u0259rdi z\u00f6vq\u0259 uy\u011funla\u015fd\u0131rmaq m\u00fcmk\u00fcnd\u00fcr. Avtomatik t\u0259mizl\u0259m\u0259 funksiyalar\u0131: Avtomatik t\u0259mizl\u0259m\u0259 v\u0259 kalsiumdan t\u0259mizl\u0259m\u0259 proqramlar\u0131 aparata qulluq etm\u0259yi asanla\u015fd\u0131r\u0131r v\u0259 onun xidm\u0259t m\u00fcdd\u0259tini art\u0131r\u0131r. Kompakt v\u0259 m\u00fcasir dizayn: Q\u0259hv\u0259 aparat\u0131 m\u00fcasir v\u0259 kompakt dizayna malikdir, bu da onun ist\u0259nil\u0259n interyer\u0259 uy\u011funla\u015fmas\u0131n\u0131 t\u0259min edir.  Texniki x\u00fcsusiyy\u0259tl\u0259r: \u2022 \u00d6lk\u0259: \u0130taliya \u2022 Su konteyner: 4 l \u2022 G\u00fcc: 1900 Vt \u2022 G\u0259rginlik: 230 V \u2022 Q\u0259hv\u0259 konteynerinin h\u0259cmi: 1200 qr \u2022 \u00d6l\u00e7\u00fcl\u0259r: 280 x 470 x 481 mm \u2022 \u00c7\u0259ki: 4.8 kg - 15.3 kg (M2+ version)  SAECO Magic M2 \u2014 y\u00fcks\u0259k keyfiyy\u0259tli q\u0259hv\u0259 v\u0259 sad\u0259 idar\u0259etm\u0259ni qiym\u0259tl\u0259ndir\u0259nl\u0259r \u00fc\u00e7\u00fcn rahat v\u0259 universal h\u0259ll olub, espresso, kapu\u00e7ino v\u0259 dig\u0259r i\u00e7kil\u0259ri pe\u015f\u0259kar s\u0259viyy\u0259d\u0259 haz\u0131rlama\u011f\u0131 t\u0259min edir.","og_url":"https:\/\/coffeerica.az\/ru\/product\/saeco-magic-m2\/","og_site_name":"Cofferica Coffee Roasters","article_modified_time":"2026-02-02T13:14:53+00:00","og_image":[{"width":1080,"height":1080,"url":"https:\/\/coffeerica.az\/wp-content\/uploads\/2024\/10\/\u0414\u0438\u0437\u0430\u0439\u043d-\u0431\u0435\u0437-\u043d\u0430\u0437\u0432\u0430\u043d\u0438\u044f-46.png","type":"image\/png"}],"twitter_card":"summary_large_image","twitter_misc":{"\u041f\u0440\u0438\u043c\u0435\u0440\u043d\u043e\u0435 \u0432\u0440\u0435\u043c\u044f \u0434\u043b\u044f \u0447\u0442\u0435\u043d\u0438\u044f":"1 \u043c\u0438\u043d\u0443\u0442\u0430"},"schema":{"@context":"https:\/\/schema.org","@graph":[{"@type":"WebPage","@id":"https:\/\/coffeerica.az\/ru\/product\/saeco-magic-m2\/","url":"https:\/\/coffeerica.az\/ru\/product\/saeco-magic-m2\/","name":"Saeco Magic M2 - Cofferica Coffee Roasters","isPartOf":{"@id":"https:\/\/coffeerica.az\/ru\/#website"},"primaryImageOfPage":{"@id":"https:\/\/coffeerica.az\/ru\/product\/saeco-magic-m2\/#primaryimage"},"image":{"@id":"https:\/\/coffeerica.az\/ru\/product\/saeco-magic-m2\/#primaryimage"},"thumbnailUrl":"https:\/\/coffeerica.az\/wp-content\/uploads\/2024\/10\/\u0414\u0438\u0437\u0430\u0439\u043d-\u0431\u0435\u0437-\u043d\u0430\u0437\u0432\u0430\u043d\u0438\u044f-46.png","datePublished":"2024-10-31T08:51:35+00:00","dateModified":"2026-02-02T13:14:53+00:00","breadcrumb":{"@id":"https:\/\/coffeerica.az\/ru\/product\/saeco-magic-m2\/#breadcrumb"},"inLanguage":"ru-RU","potentialAction":[{"@type":"ReadAction","target":["https:\/\/coffeerica.az\/ru\/product\/saeco-magic-m2\/"]}]},{"@type":"ImageObject","inLanguage":"ru-RU","@id":"https:\/\/coffeerica.az\/ru\/product\/saeco-magic-m2\/#primaryimage","url":"https:\/\/coffeerica.az\/wp-content\/uploads\/2024\/10\/\u0414\u0438\u0437\u0430\u0439\u043d-\u0431\u0435\u0437-\u043d\u0430\u0437\u0432\u0430\u043d\u0438\u044f-46.png","contentUrl":"https:\/\/coffeerica.az\/wp-content\/uploads\/2024\/10\/\u0414\u0438\u0437\u0430\u0439\u043d-\u0431\u0435\u0437-\u043d\u0430\u0437\u0432\u0430\u043d\u0438\u044f-46.png","width":1080,"height":1080},{"@type":"BreadcrumbList","@id":"https:\/\/coffeerica.az\/ru\/product\/saeco-magic-m2\/#breadcrumb","itemListElement":[{"@type":"ListItem","position":1,"name":"Home","item":"https:\/\/coffeerica.az\/ru\/"},{"@type":"ListItem","position":2,"name":"\u041c\u0430\u0433\u0430\u0437\u0438\u043d","item":"https:\/\/coffeerica.az\/ru\/%d0%bc%d0%b0%d0%b3%d0%b0%d0%b7%d0%b8%d0%bd\/"},{"@type":"ListItem","position":3,"name":"Saeco Magic M2"}]},{"@type":"WebSite","@id":"https:\/\/coffeerica.az\/ru\/#website","url":"https:\/\/coffeerica.az\/ru\/","name":"Cofferica Coffee Roasters","description":"","publisher":{"@id":"https:\/\/coffeerica.az\/ru\/#organization"},"potentialAction":[{"@type":"SearchAction","target":{"@type":"EntryPoint","urlTemplate":"https:\/\/coffeerica.az\/ru\/?s={search_term_string}"},"query-input":{"@type":"PropertyValueSpecification","valueRequired":true,"valueName":"search_term_string"}}],"inLanguage":"ru-RU"},{"@type":"Organization","@id":"https:\/\/coffeerica.az\/ru\/#organization","name":"Cofferica Coffee Roasters","url":"https:\/\/coffeerica.az\/ru\/","logo":{"@type":"ImageObject","inLanguage":"ru-RU","@id":"https:\/\/coffeerica.az\/ru\/#\/schema\/logo\/image\/","url":"https:\/\/cofferica.com\/wp-content\/uploads\/2022\/02\/Asset-3.png","contentUrl":"https:\/\/cofferica.com\/wp-content\/uploads\/2022\/02\/Asset-3.png","width":298,"height":225,"caption":"Cofferica Coffee Roasters"},"image":{"@id":"https:\/\/coffeerica.az\/ru\/#\/schema\/logo\/image\/"},"sameAs":["https:\/\/www.instagram.com\/cofferica_roasters\/","https:\/\/tr.pinterest.com\/cofferica\/"]}]}},"_links":{"self":[{"href":"https:\/\/coffeerica.az\/ru\/wp-json\/wp\/v2\/product\/31922","targetHints":{"allow":["GET"]}}],"collection":[{"href":"https:\/\/coffeerica.az\/ru\/wp-json\/wp\/v2\/product"}],"about":[{"href":"https:\/\/coffeerica.az\/ru\/wp-json\/wp\/v2\/types\/product"}],"version-history":[{"count":1,"href":"https:\/\/coffeerica.az\/ru\/wp-json\/wp\/v2\/product\/31922\/revisions"}],"predecessor-version":[{"id":34542,"href":"https:\/\/coffeerica.az\/ru\/wp-json\/wp\/v2\/product\/31922\/revisions\/34542"}],"wp:featuredmedia":[{"embeddable":true,"href":"https:\/\/coffeerica.az\/ru\/wp-json\/wp\/v2\/media\/31939"}],"wp:attachment":[{"href":"https:\/\/coffeerica.az\/ru\/wp-json\/wp\/v2\/media?parent=31922"}],"wp:term":[{"taxonomy":"product_brand","embeddable":true,"href":"https:\/\/coffeerica.az\/ru\/wp-json\/wp\/v2\/product_brand?post=31922"},{"taxonomy":"product_cat","embeddable":true,"href":"https:\/\/coffeerica.az\/ru\/wp-json\/wp\/v2\/product_cat?post=31922"},{"taxonomy":"product_tag","embeddable":true,"href":"https:\/\/coffeerica.az\/ru\/wp-json\/wp\/v2\/product_tag?post=31922"}],"curies":[{"name":"wp","href":"https:\/\/api.w.org\/{rel}","templated":true}]}}