{"id":32644,"date":"2024-12-18T10:34:41","date_gmt":"2024-12-18T06:34:41","guid":{"rendered":"https:\/\/cofferica.com\/?post_type=product&#038;p=32644"},"modified":"2024-12-19T11:36:37","modified_gmt":"2024-12-19T07:36:37","slug":"tanzania","status":"publish","type":"product","link":"https:\/\/coffeerica.az\/ru\/product\/tanzania\/","title":{"rendered":"TANZANIA"},"content":{"rendered":"","protected":false},"excerpt":{"rendered":"<p>Tanzaniya Arabica q\u0259hv\u0259 istehsal\u0131 \u0259sas\u0259n \u015fimalda Kilimancaro \u0259traf\u0131nda v\u0259 Mbeya v\u0259 Ruvuma c\u0259nub y\u00fcks\u0259klikl\u0259rind\u0259 tap\u0131l\u0131r. A\u011faclar d\u0259niz s\u0259viyy\u0259sind\u0259n 1000-2500 metr h\u00fcnd\u00fcrl\u00fckd\u0259 da\u011f yamaclar\u0131nda banan a\u011faclar\u0131n\u0131n k\u00f6lg\u0259si alt\u0131nda yeti\u015fdirilir.<\/p>\n<p>Arabica q\u0259hv\u0259si \u00f6lk\u0259nin \u00fcmumi istehsal\u0131n\u0131n 70%-ni t\u0259\u015fkil edir. Robusta \u0259sas\u0259n Viktoriya g\u00f6l\u00fcn\u00fcn q\u0259rbind\u0259, Kagera b\u00f6lg\u0259sind\u0259 d\u0259niz s\u0259viyy\u0259sind\u0259n 800-900 metr y\u00fcks\u0259klikd\u0259 yeti\u015fdirilir. Q\u0259hv\u0259nin b\u00f6y\u00fck pay\u0131 ki\u00e7ik fermerl\u0259r t\u0259r\u0259find\u0259n istehsal olunur, burada q\u0259hv\u0259nin \u00f6z\u00fc he\u00e7 olmasa yuyucu stansiyas\u0131na q\u0259d\u0259r izl\u0259nil\u0259 bil\u0259r. \u00dcmumi istehsal\u0131n yaln\u0131z t\u0259xmin\u0259n 10%-i Kilimancaro b\u00f6lg\u0259sind\u0259ki Machare Estate kimi daha b\u00f6y\u00fck m\u00fclkl\u0259rd\u0259n g\u0259lir.<\/p>\n<p>Tanzaniya q\u0259hv\u0259l\u0259ri xo\u015f \u0259tir, tur\u015fuluq v\u0259 b\u0259d\u0259n bax\u0131m\u0131ndan z\u0259ngindir. Onlar\u0131n \u015firin dad\u0131 vulkanik torpaqlardan g\u0259l\u0259n mineral qidalar say\u0259sind\u0259 balansla\u015fd\u0131r\u0131lm\u0131\u015f l\u0259zz\u0259tl\u0259rl\u0259 z\u0259nginl\u0259\u015fir.<\/p>\n<p>Q\u0259hv\u0259 b\u00f6lg\u0259l\u0259ri: North (Kilimanjaro), South (Mbeya), Bukoba<\/p>\n<p>N\u00f6vl\u0259r: Bourbon, Kent<\/p>\n<p>M\u0259hsulun y\u0131\u011f\u0131m d\u00f6vr\u00fc: \u0130yun-Dekabr<\/p>\n<p>Yeti\u015fdiyi h\u00fcnd\u00fcrl\u00fckl\u0259r: 1050 \u2013 2000 metr<\/p>\n<p>\u0130llik m\u0259hsuldarl\u0131q (60 kq kis\u0259l\u0259rd\u0259): <i class=\"fa fa-chevron-right\"><\/i>\u00a0<span class=\"numbers\">550,000(550,000 Arabica)<\/span><\/p>\n","protected":false},"featured_media":19050,"template":"","meta":[],"product_brand":[],"product_cat":[169],"product_tag":[],"class_list":{"0":"post-32644","1":"product","2":"type-product","3":"status-publish","4":"has-post-thumbnail","6":"product_cat-yasil-qhv","8":"first","9":"instock","10":"shipping-taxable","11":"product-type-simple"},"yoast_head":"<!-- This site is optimized with the Yoast SEO plugin v24.9 - https:\/\/yoast.com\/wordpress\/plugins\/seo\/ -->\n<title>TANZANIA - Cofferica Coffee Roasters<\/title>\n<meta name=\"robots\" content=\"index, follow, max-snippet:-1, max-image-preview:large, max-video-preview:-1\" \/>\n<link rel=\"canonical\" href=\"https:\/\/coffeerica.az\/ru\/product\/tanzania\/\" \/>\n<meta property=\"og:locale\" content=\"ru_RU\" \/>\n<meta property=\"og:type\" content=\"article\" \/>\n<meta property=\"og:title\" content=\"TANZANIA - Cofferica Coffee Roasters\" \/>\n<meta property=\"og:description\" content=\"Tanzaniya Arabica q\u0259hv\u0259 istehsal\u0131 \u0259sas\u0259n \u015fimalda Kilimancaro \u0259traf\u0131nda v\u0259 Mbeya v\u0259 Ruvuma c\u0259nub y\u00fcks\u0259klikl\u0259rind\u0259 tap\u0131l\u0131r. A\u011faclar d\u0259niz s\u0259viyy\u0259sind\u0259n 1000-2500 metr h\u00fcnd\u00fcrl\u00fckd\u0259 da\u011f yamaclar\u0131nda banan a\u011faclar\u0131n\u0131n k\u00f6lg\u0259si alt\u0131nda yeti\u015fdirilir.  Arabica q\u0259hv\u0259si \u00f6lk\u0259nin \u00fcmumi istehsal\u0131n\u0131n 70%-ni t\u0259\u015fkil edir. Robusta \u0259sas\u0259n Viktoriya g\u00f6l\u00fcn\u00fcn q\u0259rbind\u0259, Kagera b\u00f6lg\u0259sind\u0259 d\u0259niz s\u0259viyy\u0259sind\u0259n 800-900 metr y\u00fcks\u0259klikd\u0259 yeti\u015fdirilir. Q\u0259hv\u0259nin b\u00f6y\u00fck pay\u0131 ki\u00e7ik fermerl\u0259r t\u0259r\u0259find\u0259n istehsal olunur, burada q\u0259hv\u0259nin \u00f6z\u00fc he\u00e7 olmasa yuyucu stansiyas\u0131na q\u0259d\u0259r izl\u0259nil\u0259 bil\u0259r. \u00dcmumi istehsal\u0131n yaln\u0131z t\u0259xmin\u0259n 10%-i Kilimancaro b\u00f6lg\u0259sind\u0259ki Machare Estate kimi daha b\u00f6y\u00fck m\u00fclkl\u0259rd\u0259n g\u0259lir.  Tanzaniya q\u0259hv\u0259l\u0259ri xo\u015f \u0259tir, tur\u015fuluq v\u0259 b\u0259d\u0259n bax\u0131m\u0131ndan z\u0259ngindir. Onlar\u0131n \u015firin dad\u0131 vulkanik torpaqlardan g\u0259l\u0259n mineral qidalar say\u0259sind\u0259 balansla\u015fd\u0131r\u0131lm\u0131\u015f l\u0259zz\u0259tl\u0259rl\u0259 z\u0259nginl\u0259\u015fir.  Q\u0259hv\u0259 b\u00f6lg\u0259l\u0259ri: North (Kilimanjaro), South (Mbeya), Bukoba  N\u00f6vl\u0259r: Bourbon, Kent  M\u0259hsulun y\u0131\u011f\u0131m d\u00f6vr\u00fc: \u0130yun-Dekabr  Yeti\u015fdiyi h\u00fcnd\u00fcrl\u00fckl\u0259r: 1050 \u2013 2000 metr  \u0130llik m\u0259hsuldarl\u0131q (60 kq kis\u0259l\u0259rd\u0259): \u00a0550,000(550,000 Arabica)\" \/>\n<meta property=\"og:url\" content=\"https:\/\/coffeerica.az\/ru\/product\/tanzania\/\" \/>\n<meta property=\"og:site_name\" content=\"Cofferica Coffee Roasters\" \/>\n<meta property=\"article:modified_time\" content=\"2024-12-19T07:36:37+00:00\" \/>\n<meta property=\"og:image\" content=\"https:\/\/coffeerica.az\/wp-content\/uploads\/2022\/03\/l-intro-1660682878.jpg\" \/>\n\t<meta property=\"og:image:width\" content=\"1600\" \/>\n\t<meta property=\"og:image:height\" content=\"900\" \/>\n\t<meta property=\"og:image:type\" content=\"image\/jpeg\" \/>\n<meta name=\"twitter:card\" content=\"summary_large_image\" \/>\n<meta name=\"twitter:label1\" content=\"\u041f\u0440\u0438\u043c\u0435\u0440\u043d\u043e\u0435 \u0432\u0440\u0435\u043c\u044f \u0434\u043b\u044f \u0447\u0442\u0435\u043d\u0438\u044f\" \/>\n\t<meta name=\"twitter:data1\" content=\"1 \u043c\u0438\u043d\u0443\u0442\u0430\" \/>\n<script type=\"application\/ld+json\" class=\"yoast-schema-graph\">{\"@context\":\"https:\/\/schema.org\",\"@graph\":[{\"@type\":\"WebPage\",\"@id\":\"https:\/\/coffeerica.az\/ru\/product\/tanzania\/\",\"url\":\"https:\/\/coffeerica.az\/ru\/product\/tanzania\/\",\"name\":\"TANZANIA - Cofferica Coffee Roasters\",\"isPartOf\":{\"@id\":\"https:\/\/coffeerica.az\/ru\/#website\"},\"primaryImageOfPage\":{\"@id\":\"https:\/\/coffeerica.az\/ru\/product\/tanzania\/#primaryimage\"},\"image\":{\"@id\":\"https:\/\/coffeerica.az\/ru\/product\/tanzania\/#primaryimage\"},\"thumbnailUrl\":\"https:\/\/coffeerica.az\/wp-content\/uploads\/2022\/03\/l-intro-1660682878.jpg\",\"datePublished\":\"2024-12-18T06:34:41+00:00\",\"dateModified\":\"2024-12-19T07:36:37+00:00\",\"breadcrumb\":{\"@id\":\"https:\/\/coffeerica.az\/ru\/product\/tanzania\/#breadcrumb\"},\"inLanguage\":\"ru-RU\",\"potentialAction\":[{\"@type\":\"ReadAction\",\"target\":[\"https:\/\/coffeerica.az\/ru\/product\/tanzania\/\"]}]},{\"@type\":\"ImageObject\",\"inLanguage\":\"ru-RU\",\"@id\":\"https:\/\/coffeerica.az\/ru\/product\/tanzania\/#primaryimage\",\"url\":\"https:\/\/coffeerica.az\/wp-content\/uploads\/2022\/03\/l-intro-1660682878.jpg\",\"contentUrl\":\"https:\/\/coffeerica.az\/wp-content\/uploads\/2022\/03\/l-intro-1660682878.jpg\",\"width\":1600,\"height\":900},{\"@type\":\"BreadcrumbList\",\"@id\":\"https:\/\/coffeerica.az\/ru\/product\/tanzania\/#breadcrumb\",\"itemListElement\":[{\"@type\":\"ListItem\",\"position\":1,\"name\":\"Home\",\"item\":\"https:\/\/coffeerica.az\/ru\/\"},{\"@type\":\"ListItem\",\"position\":2,\"name\":\"\u041c\u0430\u0433\u0430\u0437\u0438\u043d\",\"item\":\"https:\/\/coffeerica.az\/ru\/%d0%bc%d0%b0%d0%b3%d0%b0%d0%b7%d0%b8%d0%bd\/\"},{\"@type\":\"ListItem\",\"position\":3,\"name\":\"TANZANIA\"}]},{\"@type\":\"WebSite\",\"@id\":\"https:\/\/coffeerica.az\/ru\/#website\",\"url\":\"https:\/\/coffeerica.az\/ru\/\",\"name\":\"Cofferica Coffee Roasters\",\"description\":\"\",\"publisher\":{\"@id\":\"https:\/\/coffeerica.az\/ru\/#organization\"},\"potentialAction\":[{\"@type\":\"SearchAction\",\"target\":{\"@type\":\"EntryPoint\",\"urlTemplate\":\"https:\/\/coffeerica.az\/ru\/?s={search_term_string}\"},\"query-input\":{\"@type\":\"PropertyValueSpecification\",\"valueRequired\":true,\"valueName\":\"search_term_string\"}}],\"inLanguage\":\"ru-RU\"},{\"@type\":\"Organization\",\"@id\":\"https:\/\/coffeerica.az\/ru\/#organization\",\"name\":\"Cofferica Coffee Roasters\",\"url\":\"https:\/\/coffeerica.az\/ru\/\",\"logo\":{\"@type\":\"ImageObject\",\"inLanguage\":\"ru-RU\",\"@id\":\"https:\/\/coffeerica.az\/ru\/#\/schema\/logo\/image\/\",\"url\":\"https:\/\/cofferica.com\/wp-content\/uploads\/2022\/02\/Asset-3.png\",\"contentUrl\":\"https:\/\/cofferica.com\/wp-content\/uploads\/2022\/02\/Asset-3.png\",\"width\":298,\"height\":225,\"caption\":\"Cofferica Coffee Roasters\"},\"image\":{\"@id\":\"https:\/\/coffeerica.az\/ru\/#\/schema\/logo\/image\/\"},\"sameAs\":[\"https:\/\/www.instagram.com\/cofferica_roasters\/\",\"https:\/\/tr.pinterest.com\/cofferica\/\"]}]}<\/script>\n<!-- \/ Yoast SEO plugin. -->","yoast_head_json":{"title":"TANZANIA - Cofferica Coffee Roasters","robots":{"index":"index","follow":"follow","max-snippet":"max-snippet:-1","max-image-preview":"max-image-preview:large","max-video-preview":"max-video-preview:-1"},"canonical":"https:\/\/coffeerica.az\/ru\/product\/tanzania\/","og_locale":"ru_RU","og_type":"article","og_title":"TANZANIA - Cofferica Coffee Roasters","og_description":"Tanzaniya Arabica q\u0259hv\u0259 istehsal\u0131 \u0259sas\u0259n \u015fimalda Kilimancaro \u0259traf\u0131nda v\u0259 Mbeya v\u0259 Ruvuma c\u0259nub y\u00fcks\u0259klikl\u0259rind\u0259 tap\u0131l\u0131r. A\u011faclar d\u0259niz s\u0259viyy\u0259sind\u0259n 1000-2500 metr h\u00fcnd\u00fcrl\u00fckd\u0259 da\u011f yamaclar\u0131nda banan a\u011faclar\u0131n\u0131n k\u00f6lg\u0259si alt\u0131nda yeti\u015fdirilir.  Arabica q\u0259hv\u0259si \u00f6lk\u0259nin \u00fcmumi istehsal\u0131n\u0131n 70%-ni t\u0259\u015fkil edir. Robusta \u0259sas\u0259n Viktoriya g\u00f6l\u00fcn\u00fcn q\u0259rbind\u0259, Kagera b\u00f6lg\u0259sind\u0259 d\u0259niz s\u0259viyy\u0259sind\u0259n 800-900 metr y\u00fcks\u0259klikd\u0259 yeti\u015fdirilir. Q\u0259hv\u0259nin b\u00f6y\u00fck pay\u0131 ki\u00e7ik fermerl\u0259r t\u0259r\u0259find\u0259n istehsal olunur, burada q\u0259hv\u0259nin \u00f6z\u00fc he\u00e7 olmasa yuyucu stansiyas\u0131na q\u0259d\u0259r izl\u0259nil\u0259 bil\u0259r. \u00dcmumi istehsal\u0131n yaln\u0131z t\u0259xmin\u0259n 10%-i Kilimancaro b\u00f6lg\u0259sind\u0259ki Machare Estate kimi daha b\u00f6y\u00fck m\u00fclkl\u0259rd\u0259n g\u0259lir.  Tanzaniya q\u0259hv\u0259l\u0259ri xo\u015f \u0259tir, tur\u015fuluq v\u0259 b\u0259d\u0259n bax\u0131m\u0131ndan z\u0259ngindir. Onlar\u0131n \u015firin dad\u0131 vulkanik torpaqlardan g\u0259l\u0259n mineral qidalar say\u0259sind\u0259 balansla\u015fd\u0131r\u0131lm\u0131\u015f l\u0259zz\u0259tl\u0259rl\u0259 z\u0259nginl\u0259\u015fir.  Q\u0259hv\u0259 b\u00f6lg\u0259l\u0259ri: North (Kilimanjaro), South (Mbeya), Bukoba  N\u00f6vl\u0259r: Bourbon, Kent  M\u0259hsulun y\u0131\u011f\u0131m d\u00f6vr\u00fc: \u0130yun-Dekabr  Yeti\u015fdiyi h\u00fcnd\u00fcrl\u00fckl\u0259r: 1050 \u2013 2000 metr  \u0130llik m\u0259hsuldarl\u0131q (60 kq kis\u0259l\u0259rd\u0259): \u00a0550,000(550,000 Arabica)","og_url":"https:\/\/coffeerica.az\/ru\/product\/tanzania\/","og_site_name":"Cofferica Coffee Roasters","article_modified_time":"2024-12-19T07:36:37+00:00","og_image":[{"width":1600,"height":900,"url":"https:\/\/coffeerica.az\/wp-content\/uploads\/2022\/03\/l-intro-1660682878.jpg","type":"image\/jpeg"}],"twitter_card":"summary_large_image","twitter_misc":{"\u041f\u0440\u0438\u043c\u0435\u0440\u043d\u043e\u0435 \u0432\u0440\u0435\u043c\u044f \u0434\u043b\u044f \u0447\u0442\u0435\u043d\u0438\u044f":"1 \u043c\u0438\u043d\u0443\u0442\u0430"},"schema":{"@context":"https:\/\/schema.org","@graph":[{"@type":"WebPage","@id":"https:\/\/coffeerica.az\/ru\/product\/tanzania\/","url":"https:\/\/coffeerica.az\/ru\/product\/tanzania\/","name":"TANZANIA - Cofferica Coffee Roasters","isPartOf":{"@id":"https:\/\/coffeerica.az\/ru\/#website"},"primaryImageOfPage":{"@id":"https:\/\/coffeerica.az\/ru\/product\/tanzania\/#primaryimage"},"image":{"@id":"https:\/\/coffeerica.az\/ru\/product\/tanzania\/#primaryimage"},"thumbnailUrl":"https:\/\/coffeerica.az\/wp-content\/uploads\/2022\/03\/l-intro-1660682878.jpg","datePublished":"2024-12-18T06:34:41+00:00","dateModified":"2024-12-19T07:36:37+00:00","breadcrumb":{"@id":"https:\/\/coffeerica.az\/ru\/product\/tanzania\/#breadcrumb"},"inLanguage":"ru-RU","potentialAction":[{"@type":"ReadAction","target":["https:\/\/coffeerica.az\/ru\/product\/tanzania\/"]}]},{"@type":"ImageObject","inLanguage":"ru-RU","@id":"https:\/\/coffeerica.az\/ru\/product\/tanzania\/#primaryimage","url":"https:\/\/coffeerica.az\/wp-content\/uploads\/2022\/03\/l-intro-1660682878.jpg","contentUrl":"https:\/\/coffeerica.az\/wp-content\/uploads\/2022\/03\/l-intro-1660682878.jpg","width":1600,"height":900},{"@type":"BreadcrumbList","@id":"https:\/\/coffeerica.az\/ru\/product\/tanzania\/#breadcrumb","itemListElement":[{"@type":"ListItem","position":1,"name":"Home","item":"https:\/\/coffeerica.az\/ru\/"},{"@type":"ListItem","position":2,"name":"\u041c\u0430\u0433\u0430\u0437\u0438\u043d","item":"https:\/\/coffeerica.az\/ru\/%d0%bc%d0%b0%d0%b3%d0%b0%d0%b7%d0%b8%d0%bd\/"},{"@type":"ListItem","position":3,"name":"TANZANIA"}]},{"@type":"WebSite","@id":"https:\/\/coffeerica.az\/ru\/#website","url":"https:\/\/coffeerica.az\/ru\/","name":"Cofferica Coffee Roasters","description":"","publisher":{"@id":"https:\/\/coffeerica.az\/ru\/#organization"},"potentialAction":[{"@type":"SearchAction","target":{"@type":"EntryPoint","urlTemplate":"https:\/\/coffeerica.az\/ru\/?s={search_term_string}"},"query-input":{"@type":"PropertyValueSpecification","valueRequired":true,"valueName":"search_term_string"}}],"inLanguage":"ru-RU"},{"@type":"Organization","@id":"https:\/\/coffeerica.az\/ru\/#organization","name":"Cofferica Coffee Roasters","url":"https:\/\/coffeerica.az\/ru\/","logo":{"@type":"ImageObject","inLanguage":"ru-RU","@id":"https:\/\/coffeerica.az\/ru\/#\/schema\/logo\/image\/","url":"https:\/\/cofferica.com\/wp-content\/uploads\/2022\/02\/Asset-3.png","contentUrl":"https:\/\/cofferica.com\/wp-content\/uploads\/2022\/02\/Asset-3.png","width":298,"height":225,"caption":"Cofferica Coffee Roasters"},"image":{"@id":"https:\/\/coffeerica.az\/ru\/#\/schema\/logo\/image\/"},"sameAs":["https:\/\/www.instagram.com\/cofferica_roasters\/","https:\/\/tr.pinterest.com\/cofferica\/"]}]}},"_links":{"self":[{"href":"https:\/\/coffeerica.az\/ru\/wp-json\/wp\/v2\/product\/32644","targetHints":{"allow":["GET"]}}],"collection":[{"href":"https:\/\/coffeerica.az\/ru\/wp-json\/wp\/v2\/product"}],"about":[{"href":"https:\/\/coffeerica.az\/ru\/wp-json\/wp\/v2\/types\/product"}],"version-history":[{"count":2,"href":"https:\/\/coffeerica.az\/ru\/wp-json\/wp\/v2\/product\/32644\/revisions"}],"predecessor-version":[{"id":32707,"href":"https:\/\/coffeerica.az\/ru\/wp-json\/wp\/v2\/product\/32644\/revisions\/32707"}],"wp:featuredmedia":[{"embeddable":true,"href":"https:\/\/coffeerica.az\/ru\/wp-json\/wp\/v2\/media\/19050"}],"wp:attachment":[{"href":"https:\/\/coffeerica.az\/ru\/wp-json\/wp\/v2\/media?parent=32644"}],"wp:term":[{"taxonomy":"product_brand","embeddable":true,"href":"https:\/\/coffeerica.az\/ru\/wp-json\/wp\/v2\/product_brand?post=32644"},{"taxonomy":"product_cat","embeddable":true,"href":"https:\/\/coffeerica.az\/ru\/wp-json\/wp\/v2\/product_cat?post=32644"},{"taxonomy":"product_tag","embeddable":true,"href":"https:\/\/coffeerica.az\/ru\/wp-json\/wp\/v2\/product_tag?post=32644"}],"curies":[{"name":"wp","href":"https:\/\/api.w.org\/{rel}","templated":true}]}}