{"id":32664,"date":"2024-12-18T10:39:37","date_gmt":"2024-12-18T06:39:37","guid":{"rendered":"https:\/\/cofferica.com\/?post_type=product&#038;p=32664"},"modified":"2024-12-18T13:48:31","modified_gmt":"2024-12-18T09:48:31","slug":"uganda","status":"publish","type":"product","link":"https:\/\/coffeerica.az\/ru\/product\/uganda\/","title":{"rendered":"Uganda"},"content":{"rendered":"","protected":false},"excerpt":{"rendered":"<p>Uqanda Konqonun yan\u0131nda Robusta q\u0259hv\u0259sinin m\u0259n\u015f\u0259yi iki \u00f6lk\u0259d\u0259n biridir. Robusta a\u011faclar\u0131 \u00f6lk\u0259nin b\u00f6y\u00fck yerl\u0259rind\u0259 yaban\u0131 \u015f\u0259kild\u0259 b\u00f6y\u00fcy\u0259rk\u0259n, Uqanda da d\u00fcnyada Robusta q\u0259hv\u0259sinin ikinci \u0259n b\u00f6y\u00fck istehsal\u00e7\u0131s\u0131 oldu. Viktoriya g\u00f6l\u00fc boyunca uzanan geni\u015f deltalar c\u00fczi y\u00fcks\u0259klikl\u0259rl\u0259 birlikd\u0259 g\u00fccl\u00fc Robusta a\u011faclar\u0131n\u0131n b\u00f6y\u00fcm\u0259sin\u0259 k\u00f6m\u0259k edir.<\/p>\n<p>Arabica q\u0259hv\u0259si is\u0259 \u00f6lk\u0259nin \u00fcmumi istehsal\u0131n\u0131n t\u0259xmin\u0259n 20%-ni t\u0259\u015fkil edir. Keniya s\u0259rh\u0259din\u0259 yax\u0131n Elqon da\u011f\u0131 yerl\u0259\u015fir. T\u0259xmin\u0259n 24 milyon il \u0259vv\u0259l lavan\u0131n maye ax\u0131nlar\u0131 bu g\u00fcn s\u00f6nm\u00fc\u015f vulkan\u0131 yaratd\u0131. Zirv\u0259sinin 3000 masl-d\u0259n yuxar\u0131 olmas\u0131 v\u0259 z\u0259ngin vulkanik torpaqlar\u0131 il\u0259 Arabica yeti\u015fdirilm\u0259si \u00fc\u00e7\u00fcn optimal \u015f\u0259rait yarad\u0131r. Bu b\u00f6lg\u0259d\u0259n g\u0259l\u0259n Arabica q\u0259hv\u0259l\u0259ri &#171;Bugisu&#187; adlan\u0131r, Buqi\u015fu kimi t\u0259l\u0259ff\u00fcz olunur. Optimal t\u0259bii \u015f\u0259raitd\u0259n b\u0259r\u0259k\u0259t alan Uqanda Arabica fermerl\u0259ri getdikc\u0259 daha \u00e7ox m\u0259hsullar\u0131n\u0131 yax\u015f\u0131la\u015fd\u0131rma\u011fa ba\u015flad\u0131lar.<\/p>\n<p>X\u00fcsusi q\u0259hv\u0259 bec\u0259rilm\u0259si haqq\u0131nda \u00f6yr\u0259nm\u0259k ist\u0259yi geni\u015f yay\u0131lm\u0131\u015fd\u0131r v\u0259 \u00fcmumi inki\u015faf\u0131 s\u00fcr\u0259tl\u0259ndirir. Ki\u00e7ik t\u0259s\u0259rr\u00fcfat sahibl\u0259ri a\u011faclar\u0131n\u0131 ad\u0259t\u0259n bir-birin\u0259 qar\u0131\u015fm\u0131\u015f v\u0259 k\u00f6lg\u0259li m\u00fchitl\u0259rd\u0259 b\u00f6y\u00fcd\u00fcr, art\u0131q davaml\u0131 t\u0259cr\u00fcb\u0259l\u0259ri avtomatik t\u0259tbiq edirl\u0259r. Biz y\u00fcks\u0259li\u015fd\u0259 olan q\u0259hv\u0259 \u00f6lk\u0259sind\u0259n n\u0259 g\u00f6zl\u0259y\u0259c\u0259yimizi s\u0259birsizlikl\u0259 g\u00f6zl\u0259yirik!<\/p>\n<p>Q\u0259hv\u0259 b\u00f6lg\u0259l\u0259ri: \u015e\u0259rq v\u0259 \u015eimal Q\u0259rb (Onkoro)<\/p>\n<p>N\u00f6vl\u0259r: Typica, SL14, SL28, Kent, Robusta<\/p>\n<p>M\u0259hsulun y\u0131\u011f\u0131m d\u00f6vr\u00fc: Avqust-Yanvar<\/p>\n<p>Yeti\u015fdiyi h\u00fcnd\u00fcrl\u00fckl\u0259r: 1200 \u2013 2200 metr<\/p>\n<p>\u0130llik m\u0259hsuldarl\u0131q (60 kq kis\u0259l\u0259rd\u0259): <i class=\"fa fa-chevron-right\"><\/i>\u00a0<span class=\"numbers\">4,300,000(860,000 Arabica + 3,440,000 Robusta)<\/span><\/p>\n","protected":false},"featured_media":30981,"template":"","meta":[],"product_brand":[],"product_cat":[169],"product_tag":[],"class_list":{"0":"post-32664","1":"product","2":"type-product","3":"status-publish","4":"has-post-thumbnail","6":"product_cat-yasil-qhv","8":"first","9":"instock","10":"shipping-taxable","11":"product-type-simple"},"yoast_head":"<!-- This site is optimized with the Yoast SEO plugin v24.9 - https:\/\/yoast.com\/wordpress\/plugins\/seo\/ -->\n<title>Uganda - Cofferica Coffee Roasters<\/title>\n<meta name=\"robots\" content=\"index, follow, max-snippet:-1, max-image-preview:large, max-video-preview:-1\" \/>\n<link rel=\"canonical\" href=\"https:\/\/coffeerica.az\/ru\/product\/uganda\/\" \/>\n<meta property=\"og:locale\" content=\"ru_RU\" \/>\n<meta property=\"og:type\" content=\"article\" \/>\n<meta property=\"og:title\" content=\"Uganda - Cofferica Coffee Roasters\" \/>\n<meta property=\"og:description\" content=\"Uqanda Konqonun yan\u0131nda Robusta q\u0259hv\u0259sinin m\u0259n\u015f\u0259yi iki \u00f6lk\u0259d\u0259n biridir. Robusta a\u011faclar\u0131 \u00f6lk\u0259nin b\u00f6y\u00fck yerl\u0259rind\u0259 yaban\u0131 \u015f\u0259kild\u0259 b\u00f6y\u00fcy\u0259rk\u0259n, Uqanda da d\u00fcnyada Robusta q\u0259hv\u0259sinin ikinci \u0259n b\u00f6y\u00fck istehsal\u00e7\u0131s\u0131 oldu. Viktoriya g\u00f6l\u00fc boyunca uzanan geni\u015f deltalar c\u00fczi y\u00fcks\u0259klikl\u0259rl\u0259 birlikd\u0259 g\u00fccl\u00fc Robusta a\u011faclar\u0131n\u0131n b\u00f6y\u00fcm\u0259sin\u0259 k\u00f6m\u0259k edir.  Arabica q\u0259hv\u0259si is\u0259 \u00f6lk\u0259nin \u00fcmumi istehsal\u0131n\u0131n t\u0259xmin\u0259n 20%-ni t\u0259\u015fkil edir. Keniya s\u0259rh\u0259din\u0259 yax\u0131n Elqon da\u011f\u0131 yerl\u0259\u015fir. T\u0259xmin\u0259n 24 milyon il \u0259vv\u0259l lavan\u0131n maye ax\u0131nlar\u0131 bu g\u00fcn s\u00f6nm\u00fc\u015f vulkan\u0131 yaratd\u0131. Zirv\u0259sinin 3000 masl-d\u0259n yuxar\u0131 olmas\u0131 v\u0259 z\u0259ngin vulkanik torpaqlar\u0131 il\u0259 Arabica yeti\u015fdirilm\u0259si \u00fc\u00e7\u00fcn optimal \u015f\u0259rait yarad\u0131r. Bu b\u00f6lg\u0259d\u0259n g\u0259l\u0259n Arabica q\u0259hv\u0259l\u0259ri &quot;Bugisu&quot; adlan\u0131r, Buqi\u015fu kimi t\u0259l\u0259ff\u00fcz olunur. Optimal t\u0259bii \u015f\u0259raitd\u0259n b\u0259r\u0259k\u0259t alan Uqanda Arabica fermerl\u0259ri getdikc\u0259 daha \u00e7ox m\u0259hsullar\u0131n\u0131 yax\u015f\u0131la\u015fd\u0131rma\u011fa ba\u015flad\u0131lar.  X\u00fcsusi q\u0259hv\u0259 bec\u0259rilm\u0259si haqq\u0131nda \u00f6yr\u0259nm\u0259k ist\u0259yi geni\u015f yay\u0131lm\u0131\u015fd\u0131r v\u0259 \u00fcmumi inki\u015faf\u0131 s\u00fcr\u0259tl\u0259ndirir. Ki\u00e7ik t\u0259s\u0259rr\u00fcfat sahibl\u0259ri a\u011faclar\u0131n\u0131 ad\u0259t\u0259n bir-birin\u0259 qar\u0131\u015fm\u0131\u015f v\u0259 k\u00f6lg\u0259li m\u00fchitl\u0259rd\u0259 b\u00f6y\u00fcd\u00fcr, art\u0131q davaml\u0131 t\u0259cr\u00fcb\u0259l\u0259ri avtomatik t\u0259tbiq edirl\u0259r. Biz y\u00fcks\u0259li\u015fd\u0259 olan q\u0259hv\u0259 \u00f6lk\u0259sind\u0259n n\u0259 g\u00f6zl\u0259y\u0259c\u0259yimizi s\u0259birsizlikl\u0259 g\u00f6zl\u0259yirik!  Q\u0259hv\u0259 b\u00f6lg\u0259l\u0259ri: \u015e\u0259rq v\u0259 \u015eimal Q\u0259rb (Onkoro)  N\u00f6vl\u0259r: Typica, SL14, SL28, Kent, Robusta  M\u0259hsulun y\u0131\u011f\u0131m d\u00f6vr\u00fc: Avqust-Yanvar  Yeti\u015fdiyi h\u00fcnd\u00fcrl\u00fckl\u0259r: 1200 \u2013 2200 metr  \u0130llik m\u0259hsuldarl\u0131q (60 kq kis\u0259l\u0259rd\u0259): \u00a04,300,000(860,000 Arabica + 3,440,000 Robusta)\" \/>\n<meta property=\"og:url\" content=\"https:\/\/coffeerica.az\/ru\/product\/uganda\/\" \/>\n<meta property=\"og:site_name\" content=\"Cofferica Coffee Roasters\" \/>\n<meta property=\"article:modified_time\" content=\"2024-12-18T09:48:31+00:00\" \/>\n<meta property=\"og:image\" content=\"https:\/\/coffeerica.az\/wp-content\/uploads\/2024\/07\/AdobeStock_611185480-scaled.jpeg\" \/>\n\t<meta property=\"og:image:width\" content=\"2560\" \/>\n\t<meta property=\"og:image:height\" content=\"1435\" \/>\n\t<meta property=\"og:image:type\" content=\"image\/jpeg\" \/>\n<meta name=\"twitter:card\" content=\"summary_large_image\" \/>\n<meta name=\"twitter:label1\" content=\"\u041f\u0440\u0438\u043c\u0435\u0440\u043d\u043e\u0435 \u0432\u0440\u0435\u043c\u044f \u0434\u043b\u044f \u0447\u0442\u0435\u043d\u0438\u044f\" \/>\n\t<meta name=\"twitter:data1\" content=\"1 \u043c\u0438\u043d\u0443\u0442\u0430\" \/>\n<script type=\"application\/ld+json\" class=\"yoast-schema-graph\">{\"@context\":\"https:\/\/schema.org\",\"@graph\":[{\"@type\":\"WebPage\",\"@id\":\"https:\/\/coffeerica.az\/ru\/product\/uganda\/\",\"url\":\"https:\/\/coffeerica.az\/ru\/product\/uganda\/\",\"name\":\"Uganda - Cofferica Coffee Roasters\",\"isPartOf\":{\"@id\":\"https:\/\/coffeerica.az\/ru\/#website\"},\"primaryImageOfPage\":{\"@id\":\"https:\/\/coffeerica.az\/ru\/product\/uganda\/#primaryimage\"},\"image\":{\"@id\":\"https:\/\/coffeerica.az\/ru\/product\/uganda\/#primaryimage\"},\"thumbnailUrl\":\"https:\/\/coffeerica.az\/wp-content\/uploads\/2024\/07\/AdobeStock_611185480-scaled.jpeg\",\"datePublished\":\"2024-12-18T06:39:37+00:00\",\"dateModified\":\"2024-12-18T09:48:31+00:00\",\"breadcrumb\":{\"@id\":\"https:\/\/coffeerica.az\/ru\/product\/uganda\/#breadcrumb\"},\"inLanguage\":\"ru-RU\",\"potentialAction\":[{\"@type\":\"ReadAction\",\"target\":[\"https:\/\/coffeerica.az\/ru\/product\/uganda\/\"]}]},{\"@type\":\"ImageObject\",\"inLanguage\":\"ru-RU\",\"@id\":\"https:\/\/coffeerica.az\/ru\/product\/uganda\/#primaryimage\",\"url\":\"https:\/\/coffeerica.az\/wp-content\/uploads\/2024\/07\/AdobeStock_611185480-scaled.jpeg\",\"contentUrl\":\"https:\/\/coffeerica.az\/wp-content\/uploads\/2024\/07\/AdobeStock_611185480-scaled.jpeg\",\"width\":2560,\"height\":1435,\"caption\":\"A shot of a coffee plant with ripe. Generative Ai\"},{\"@type\":\"BreadcrumbList\",\"@id\":\"https:\/\/coffeerica.az\/ru\/product\/uganda\/#breadcrumb\",\"itemListElement\":[{\"@type\":\"ListItem\",\"position\":1,\"name\":\"Home\",\"item\":\"https:\/\/coffeerica.az\/ru\/\"},{\"@type\":\"ListItem\",\"position\":2,\"name\":\"\u041c\u0430\u0433\u0430\u0437\u0438\u043d\",\"item\":\"https:\/\/coffeerica.az\/ru\/%d0%bc%d0%b0%d0%b3%d0%b0%d0%b7%d0%b8%d0%bd\/\"},{\"@type\":\"ListItem\",\"position\":3,\"name\":\"Uganda\"}]},{\"@type\":\"WebSite\",\"@id\":\"https:\/\/coffeerica.az\/ru\/#website\",\"url\":\"https:\/\/coffeerica.az\/ru\/\",\"name\":\"Cofferica Coffee Roasters\",\"description\":\"\",\"publisher\":{\"@id\":\"https:\/\/coffeerica.az\/ru\/#organization\"},\"potentialAction\":[{\"@type\":\"SearchAction\",\"target\":{\"@type\":\"EntryPoint\",\"urlTemplate\":\"https:\/\/coffeerica.az\/ru\/?s={search_term_string}\"},\"query-input\":{\"@type\":\"PropertyValueSpecification\",\"valueRequired\":true,\"valueName\":\"search_term_string\"}}],\"inLanguage\":\"ru-RU\"},{\"@type\":\"Organization\",\"@id\":\"https:\/\/coffeerica.az\/ru\/#organization\",\"name\":\"Cofferica Coffee Roasters\",\"url\":\"https:\/\/coffeerica.az\/ru\/\",\"logo\":{\"@type\":\"ImageObject\",\"inLanguage\":\"ru-RU\",\"@id\":\"https:\/\/coffeerica.az\/ru\/#\/schema\/logo\/image\/\",\"url\":\"https:\/\/cofferica.com\/wp-content\/uploads\/2022\/02\/Asset-3.png\",\"contentUrl\":\"https:\/\/cofferica.com\/wp-content\/uploads\/2022\/02\/Asset-3.png\",\"width\":298,\"height\":225,\"caption\":\"Cofferica Coffee Roasters\"},\"image\":{\"@id\":\"https:\/\/coffeerica.az\/ru\/#\/schema\/logo\/image\/\"},\"sameAs\":[\"https:\/\/www.instagram.com\/cofferica_roasters\/\",\"https:\/\/tr.pinterest.com\/cofferica\/\"]}]}<\/script>\n<!-- \/ Yoast SEO plugin. -->","yoast_head_json":{"title":"Uganda - Cofferica Coffee Roasters","robots":{"index":"index","follow":"follow","max-snippet":"max-snippet:-1","max-image-preview":"max-image-preview:large","max-video-preview":"max-video-preview:-1"},"canonical":"https:\/\/coffeerica.az\/ru\/product\/uganda\/","og_locale":"ru_RU","og_type":"article","og_title":"Uganda - Cofferica Coffee Roasters","og_description":"Uqanda Konqonun yan\u0131nda Robusta q\u0259hv\u0259sinin m\u0259n\u015f\u0259yi iki \u00f6lk\u0259d\u0259n biridir. Robusta a\u011faclar\u0131 \u00f6lk\u0259nin b\u00f6y\u00fck yerl\u0259rind\u0259 yaban\u0131 \u015f\u0259kild\u0259 b\u00f6y\u00fcy\u0259rk\u0259n, Uqanda da d\u00fcnyada Robusta q\u0259hv\u0259sinin ikinci \u0259n b\u00f6y\u00fck istehsal\u00e7\u0131s\u0131 oldu. Viktoriya g\u00f6l\u00fc boyunca uzanan geni\u015f deltalar c\u00fczi y\u00fcks\u0259klikl\u0259rl\u0259 birlikd\u0259 g\u00fccl\u00fc Robusta a\u011faclar\u0131n\u0131n b\u00f6y\u00fcm\u0259sin\u0259 k\u00f6m\u0259k edir.  Arabica q\u0259hv\u0259si is\u0259 \u00f6lk\u0259nin \u00fcmumi istehsal\u0131n\u0131n t\u0259xmin\u0259n 20%-ni t\u0259\u015fkil edir. Keniya s\u0259rh\u0259din\u0259 yax\u0131n Elqon da\u011f\u0131 yerl\u0259\u015fir. T\u0259xmin\u0259n 24 milyon il \u0259vv\u0259l lavan\u0131n maye ax\u0131nlar\u0131 bu g\u00fcn s\u00f6nm\u00fc\u015f vulkan\u0131 yaratd\u0131. Zirv\u0259sinin 3000 masl-d\u0259n yuxar\u0131 olmas\u0131 v\u0259 z\u0259ngin vulkanik torpaqlar\u0131 il\u0259 Arabica yeti\u015fdirilm\u0259si \u00fc\u00e7\u00fcn optimal \u015f\u0259rait yarad\u0131r. Bu b\u00f6lg\u0259d\u0259n g\u0259l\u0259n Arabica q\u0259hv\u0259l\u0259ri \"Bugisu\" adlan\u0131r, Buqi\u015fu kimi t\u0259l\u0259ff\u00fcz olunur. Optimal t\u0259bii \u015f\u0259raitd\u0259n b\u0259r\u0259k\u0259t alan Uqanda Arabica fermerl\u0259ri getdikc\u0259 daha \u00e7ox m\u0259hsullar\u0131n\u0131 yax\u015f\u0131la\u015fd\u0131rma\u011fa ba\u015flad\u0131lar.  X\u00fcsusi q\u0259hv\u0259 bec\u0259rilm\u0259si haqq\u0131nda \u00f6yr\u0259nm\u0259k ist\u0259yi geni\u015f yay\u0131lm\u0131\u015fd\u0131r v\u0259 \u00fcmumi inki\u015faf\u0131 s\u00fcr\u0259tl\u0259ndirir. Ki\u00e7ik t\u0259s\u0259rr\u00fcfat sahibl\u0259ri a\u011faclar\u0131n\u0131 ad\u0259t\u0259n bir-birin\u0259 qar\u0131\u015fm\u0131\u015f v\u0259 k\u00f6lg\u0259li m\u00fchitl\u0259rd\u0259 b\u00f6y\u00fcd\u00fcr, art\u0131q davaml\u0131 t\u0259cr\u00fcb\u0259l\u0259ri avtomatik t\u0259tbiq edirl\u0259r. Biz y\u00fcks\u0259li\u015fd\u0259 olan q\u0259hv\u0259 \u00f6lk\u0259sind\u0259n n\u0259 g\u00f6zl\u0259y\u0259c\u0259yimizi s\u0259birsizlikl\u0259 g\u00f6zl\u0259yirik!  Q\u0259hv\u0259 b\u00f6lg\u0259l\u0259ri: \u015e\u0259rq v\u0259 \u015eimal Q\u0259rb (Onkoro)  N\u00f6vl\u0259r: Typica, SL14, SL28, Kent, Robusta  M\u0259hsulun y\u0131\u011f\u0131m d\u00f6vr\u00fc: Avqust-Yanvar  Yeti\u015fdiyi h\u00fcnd\u00fcrl\u00fckl\u0259r: 1200 \u2013 2200 metr  \u0130llik m\u0259hsuldarl\u0131q (60 kq kis\u0259l\u0259rd\u0259): \u00a04,300,000(860,000 Arabica + 3,440,000 Robusta)","og_url":"https:\/\/coffeerica.az\/ru\/product\/uganda\/","og_site_name":"Cofferica Coffee Roasters","article_modified_time":"2024-12-18T09:48:31+00:00","og_image":[{"width":2560,"height":1435,"url":"https:\/\/coffeerica.az\/wp-content\/uploads\/2024\/07\/AdobeStock_611185480-scaled.jpeg","type":"image\/jpeg"}],"twitter_card":"summary_large_image","twitter_misc":{"\u041f\u0440\u0438\u043c\u0435\u0440\u043d\u043e\u0435 \u0432\u0440\u0435\u043c\u044f \u0434\u043b\u044f \u0447\u0442\u0435\u043d\u0438\u044f":"1 \u043c\u0438\u043d\u0443\u0442\u0430"},"schema":{"@context":"https:\/\/schema.org","@graph":[{"@type":"WebPage","@id":"https:\/\/coffeerica.az\/ru\/product\/uganda\/","url":"https:\/\/coffeerica.az\/ru\/product\/uganda\/","name":"Uganda - Cofferica Coffee Roasters","isPartOf":{"@id":"https:\/\/coffeerica.az\/ru\/#website"},"primaryImageOfPage":{"@id":"https:\/\/coffeerica.az\/ru\/product\/uganda\/#primaryimage"},"image":{"@id":"https:\/\/coffeerica.az\/ru\/product\/uganda\/#primaryimage"},"thumbnailUrl":"https:\/\/coffeerica.az\/wp-content\/uploads\/2024\/07\/AdobeStock_611185480-scaled.jpeg","datePublished":"2024-12-18T06:39:37+00:00","dateModified":"2024-12-18T09:48:31+00:00","breadcrumb":{"@id":"https:\/\/coffeerica.az\/ru\/product\/uganda\/#breadcrumb"},"inLanguage":"ru-RU","potentialAction":[{"@type":"ReadAction","target":["https:\/\/coffeerica.az\/ru\/product\/uganda\/"]}]},{"@type":"ImageObject","inLanguage":"ru-RU","@id":"https:\/\/coffeerica.az\/ru\/product\/uganda\/#primaryimage","url":"https:\/\/coffeerica.az\/wp-content\/uploads\/2024\/07\/AdobeStock_611185480-scaled.jpeg","contentUrl":"https:\/\/coffeerica.az\/wp-content\/uploads\/2024\/07\/AdobeStock_611185480-scaled.jpeg","width":2560,"height":1435,"caption":"A shot of a coffee plant with ripe. Generative Ai"},{"@type":"BreadcrumbList","@id":"https:\/\/coffeerica.az\/ru\/product\/uganda\/#breadcrumb","itemListElement":[{"@type":"ListItem","position":1,"name":"Home","item":"https:\/\/coffeerica.az\/ru\/"},{"@type":"ListItem","position":2,"name":"\u041c\u0430\u0433\u0430\u0437\u0438\u043d","item":"https:\/\/coffeerica.az\/ru\/%d0%bc%d0%b0%d0%b3%d0%b0%d0%b7%d0%b8%d0%bd\/"},{"@type":"ListItem","position":3,"name":"Uganda"}]},{"@type":"WebSite","@id":"https:\/\/coffeerica.az\/ru\/#website","url":"https:\/\/coffeerica.az\/ru\/","name":"Cofferica Coffee Roasters","description":"","publisher":{"@id":"https:\/\/coffeerica.az\/ru\/#organization"},"potentialAction":[{"@type":"SearchAction","target":{"@type":"EntryPoint","urlTemplate":"https:\/\/coffeerica.az\/ru\/?s={search_term_string}"},"query-input":{"@type":"PropertyValueSpecification","valueRequired":true,"valueName":"search_term_string"}}],"inLanguage":"ru-RU"},{"@type":"Organization","@id":"https:\/\/coffeerica.az\/ru\/#organization","name":"Cofferica Coffee Roasters","url":"https:\/\/coffeerica.az\/ru\/","logo":{"@type":"ImageObject","inLanguage":"ru-RU","@id":"https:\/\/coffeerica.az\/ru\/#\/schema\/logo\/image\/","url":"https:\/\/cofferica.com\/wp-content\/uploads\/2022\/02\/Asset-3.png","contentUrl":"https:\/\/cofferica.com\/wp-content\/uploads\/2022\/02\/Asset-3.png","width":298,"height":225,"caption":"Cofferica Coffee Roasters"},"image":{"@id":"https:\/\/coffeerica.az\/ru\/#\/schema\/logo\/image\/"},"sameAs":["https:\/\/www.instagram.com\/cofferica_roasters\/","https:\/\/tr.pinterest.com\/cofferica\/"]}]}},"_links":{"self":[{"href":"https:\/\/coffeerica.az\/ru\/wp-json\/wp\/v2\/product\/32664","targetHints":{"allow":["GET"]}}],"collection":[{"href":"https:\/\/coffeerica.az\/ru\/wp-json\/wp\/v2\/product"}],"about":[{"href":"https:\/\/coffeerica.az\/ru\/wp-json\/wp\/v2\/types\/product"}],"version-history":[{"count":4,"href":"https:\/\/coffeerica.az\/ru\/wp-json\/wp\/v2\/product\/32664\/revisions"}],"predecessor-version":[{"id":32687,"href":"https:\/\/coffeerica.az\/ru\/wp-json\/wp\/v2\/product\/32664\/revisions\/32687"}],"wp:featuredmedia":[{"embeddable":true,"href":"https:\/\/coffeerica.az\/ru\/wp-json\/wp\/v2\/media\/30981"}],"wp:attachment":[{"href":"https:\/\/coffeerica.az\/ru\/wp-json\/wp\/v2\/media?parent=32664"}],"wp:term":[{"taxonomy":"product_brand","embeddable":true,"href":"https:\/\/coffeerica.az\/ru\/wp-json\/wp\/v2\/product_brand?post=32664"},{"taxonomy":"product_cat","embeddable":true,"href":"https:\/\/coffeerica.az\/ru\/wp-json\/wp\/v2\/product_cat?post=32664"},{"taxonomy":"product_tag","embeddable":true,"href":"https:\/\/coffeerica.az\/ru\/wp-json\/wp\/v2\/product_tag?post=32664"}],"curies":[{"name":"wp","href":"https:\/\/api.w.org\/{rel}","templated":true}]}}